{"id":9180,"date":"2024-09-30T13:43:50","date_gmt":"2024-09-30T13:43:50","guid":{"rendered":"https:\/\/jerznerhof.at\/mentions-legales\/"},"modified":"2025-06-18T09:42:38","modified_gmt":"2025-06-18T09:42:38","slug":"mentions-legales","status":"publish","type":"page","link":"https:\/\/jerznerhof.at\/fr\/mentions-legales\/","title":{"rendered":"Mentions l\u00e9gales"},"content":{"rendered":"\t\t<div data-elementor-type=\"wp-page\" data-elementor-id=\"9180\" class=\"elementor elementor-9180 elementor-74\" data-elementor-post-type=\"page\">\n\t\t\t\t<div class=\"elementor-element elementor-element-bfcebf6 e-flex e-con-boxed e-con e-parent\" data-id=\"bfcebf6\" data-element_type=\"container\" data-e-type=\"container\">\n\t\t\t\t\t<div class=\"e-con-inner\">\n\t\t<div class=\"elementor-element elementor-element-4a3e5cd e-con-full e-flex e-con e-child\" data-id=\"4a3e5cd\" data-element_type=\"container\" data-e-type=\"container\">\n\t\t\t\t<div class=\"elementor-element elementor-element-72c905c elementor-widget elementor-widget-heading\" data-id=\"72c905c\" data-element_type=\"widget\" data-e-type=\"widget\" data-widget_type=\"heading.default\">\n\t\t\t\t\t<h1 class=\"elementor-heading-title elementor-size-default\">Mentions l\u00e9gales<\/h1>\t\t\t\t<\/div>\n\t\t\t\t<\/div>\n\t\t\t\t<div class=\"elementor-element elementor-element-d1e797b aufzahlung-raute link-beige elementor-widget elementor-widget-text-editor\" data-id=\"d1e797b\" data-element_type=\"widget\" data-e-type=\"widget\" data-widget_type=\"text-editor.default\">\n\t\t\t\t\t\t\t\t\t<p data-start=\"1846\" data-end=\"1979\"><strong data-start=\"1846\" data-end=\"1887\">Propri\u00e9taire &amp; exploitant du site web<\/strong><\/p>\n<p><\/p>\n<p data-start=\"1846\" data-end=\"1979\"><br data-start=\"1887\" data-end=\"1890\" \/>**Hotel Jerzner Hof **<strong data-start=\"1912\" data-end=\"1917\">s<\/strong><br data-start=\"1917\" data-end=\"1920\" \/>Oberfeld 170<br data-start=\"1932\" data-end=\"1935\" \/>6474 Jerzens im Pitztal<br data-start=\"1958\" data-end=\"1961\" \/>Tyrol | Autriche<\/p>\n<p><\/p>\n<p data-start=\"1981\" data-end=\"2023\">\ud83d\udcde +43 5414 8510<br data-start=\"1997\" data-end=\"2000\" \/>\u2709\ufe0f <a class=\"cursor-pointer\" rel=\"noopener\" data-start=\"2003\" data-end=\"2021\">info@jerznerhof.at<\/a><\/p>\n<p><\/p>\n<p data-start=\"2025\" data-end=\"2618\"><strong data-start=\"2025\" data-end=\"2058\">Nom complet de l&rsquo;entreprise :<\/strong> Hotel Jerzner Hof Eiter GmbH &amp; Co. KG<br data-start=\"2096\" data-end=\"2099\" \/><strong data-start=\"2099\" data-end=\"2111\">G\u00e9rant :<\/strong> Joachim Eiter<br data-start=\"2125\" data-end=\"2128\" \/><strong data-start=\"2128\" data-end=\"2149\">Forme juridique :<\/strong> GmbH &amp; Co. KG (soci\u00e9t\u00e9 en commandite avec une soci\u00e9t\u00e9 \u00e0 responsabilit\u00e9 limit\u00e9e comme associ\u00e9 g\u00e9rant)<br data-start=\"2250\" data-end=\"2253\" \/><strong data-start=\"2253\" data-end=\"2290\">Lieu d&rsquo;autorisation commerciale :<\/strong> Oberfeld 170, 6474 Jerzens \/ Pitztal \u2013 Tyrol<br data-start=\"2335\" data-end=\"2338\" \/><strong data-start=\"2338\" data-end=\"2368\">Num\u00e9ro d&rsquo;immatriculation :<\/strong> FN22102d<br data-start=\"2377\" data-end=\"2380\" \/><strong data-start=\"2380\" data-end=\"2399\">Num\u00e9ro de TVA :<\/strong> ATU43203608<br data-start=\"2411\" data-end=\"2414\" \/><strong data-start=\"2414\" data-end=\"2444\">Affiliation \u00e0 la chambre :<\/strong> Chambre \u00e9conomique f\u00e9d\u00e9rale d&rsquo;Autriche<br data-start=\"2483\" data-end=\"2486\" \/><strong data-start=\"2486\" data-end=\"2516\">Autorit\u00e9 de surveillance :<\/strong> Autorit\u00e9 administrative du district d\u2019Imst<br data-start=\"2559\" data-end=\"2562\" \/><strong data-start=\"2562\" data-end=\"2586\">Tribunal comp\u00e9tent :<\/strong> Tribunal r\u00e9gional d\u2019Innsbruck<\/p>\n<p><\/p>\n<p data-start=\"2620\" data-end=\"2743\"><strong data-start=\"2620\" data-end=\"2651\">R\u00e9glementation applicable :<\/strong> R\u00e8glementation commerciale autrichienne de 1994, consultable sur <a class=\"\" href=\"http:\/\/www.ris.bka.gv.at\" target=\"_new\" rel=\"noopener\" data-start=\"2717\" data-end=\"2741\">http:\/\/www.ris.bka.gv.at<\/a><\/p>\n<p><strong>Conception, programmation &amp; h\u00e9bergement<\/strong><br \/>Huber Web Media GmbH<br \/>Mils Au 70<br \/>6493 Mils bei Imst<br \/>Tyrol \u2013 Autriche<\/p>\n<p>T\u00e9l. : +43 5418 20877<br \/>E-mail : welcome@huberwebmedia.at<br \/>Web : www.huberwebmedia.at<br \/>TVA : ATU77423049<\/p>\n<p>La soci\u00e9t\u00e9 Huber Web Media GmbH est une agence de communication bas\u00e9e au Tyrol. Elle est sp\u00e9cialis\u00e9e dans les sites internet WordPress, le r\u00e9f\u00e9rencement SEO, le marketing sur les r\u00e9seaux sociaux et les supports imprim\u00e9s. Sa client\u00e8le se compose majoritairement d\u2019h\u00f4tels et d\u2019entreprises touristiques de la r\u00e9gion DACH. Les clients appr\u00e9cient la comp\u00e9tence de l\u2019\u00e9quipe en mati\u00e8re de design, de programmation et de r\u00e9f\u00e9rencement. L\u2019efficacit\u00e9 et l\u2019efficience sont toujours au c\u0153ur de la strat\u00e9gie marketing.<\/p>\n<p><strong>Clause de non-responsabilit\u00e9<\/strong><br \/>Tous les contenus ont \u00e9t\u00e9 soigneusement v\u00e9rifi\u00e9s. N\u00e9anmoins, aucune garantie ne peut \u00eatre donn\u00e9e quant \u00e0 l\u2019exactitude, l\u2019exhaustivit\u00e9 ou l\u2019actualit\u00e9 des informations. Toute responsabilit\u00e9 pour les dommages r\u00e9sultant de l\u2019utilisation ou de la non-utilisation des informations fournies, ou de l\u2019utilisation d\u2019informations incorrectes ou incompl\u00e8tes, est exclue dans la mesure autoris\u00e9e par la loi.<\/p>\n<p><strong>Liens externes<\/strong><br \/>Ce site internet contient des liens vers des sites web externes. Nous n\u2019exer\u00e7ons aucun contr\u00f4le sur le contenu de ces sites et d\u00e9clinons toute responsabilit\u00e9 quant \u00e0 leur contenu. Le fournisseur ou l\u2019exploitant respectif de ces sites est seul responsable de leur contenu. Aucun contenu illicite n\u2019a \u00e9t\u00e9 identifi\u00e9 au moment de l\u2019insertion des liens.<\/p>\n<p><strong>Droits d\u2019auteur \u2013 Cr\u00e9dit photographique<\/strong><br \/>Les images publi\u00e9es sur ce site sont prot\u00e9g\u00e9es par le droit d\u2019auteur et ne sont pas contractuelles.<\/p>\n<p><strong>Cr\u00e9dits photos (s\u00e9lection) :<\/strong><br \/>\u00a9 Tirol Werbung : Lisa H\u00f6rterer, Verena Kathrein, Bernhard Aichner, George Marshall, Ruth Wytinck, Markus Jenewein, Wolfgang Ehn, Sebastian Schels, Frank Bauer<\/p>\n<p>\u00a9 TVB Pitztal : Daniel Zangerl, Roland Haschka, Marina Lechthaler, Chris Walch, Christian Forcher, Thomas Schrott, Marius Massimo, Julian Pernsteiner<\/p>\n<p>\u00a9 Imst Tourismus<\/p>\n<p>\u00a9 Mathias Brabetz Photography<\/p>\n<p>\u00a9 Adobe Stock<\/p>\n<p>\u00a9 AREA 47<\/p>\n<p>\u00a9 Alpbachtal Tourismus, Matthias Sedlak<\/p>\n<p>\u00a9 Mister Bergbahnen, Wyhlidal<\/p>\n<p>\u00a9 \u00d6tztal Tourismus, Manuel Kottersteger<\/p>\n<p>\u00a9 sportfotograf.com<\/p>\n<p>\u00a9 TVB Pitztal \u2013 Tourismusverband Pitztal<\/p>\n<p>Tous droits r\u00e9serv\u00e9s.<\/p>\n<p><strong>Droit d\u2019auteur<\/strong><br \/>Tous les textes, images et graphiques de ce site sont prot\u00e9g\u00e9s par le droit d\u2019auteur. Toute r\u00e9utilisation n\u00e9cessite une autorisation \u00e9crite pr\u00e9alable.<\/p>\n<p><strong>Finalit\u00e9 du site internet<\/strong><br \/>Ce site internet a pour but d\u2019informer sur les produits et services de l\u2019entreprise ainsi que de promouvoir leur vente.<\/p>\n<p>Souhaitez-vous \u00e9galement une version PDF ou pr\u00eate \u00e0 int\u00e9grer sur la page web ?<\/p>\n\t\t\t\t\t\t\t\t<\/div>\n\t\t\t\t\t<\/div>\n\t\t\t\t<\/div>\n\t\t\t\t<\/div>\n\t\t","protected":false},"excerpt":{"rendered":"<p>Mentions l\u00e9gales Propri\u00e9taire &amp; exploitant du site web **Hotel Jerzner Hof **sOberfeld 1706474 Jerzens im PitztalTyrol | Autriche \ud83d\udcde +43 5414 8510\u2709\ufe0f info@jerznerhof.at Nom complet de l&rsquo;entreprise : Hotel Jerzner Hof Eiter GmbH &amp; Co. KGG\u00e9rant : Joachim EiterForme juridique : GmbH &amp; Co. KG (soci\u00e9t\u00e9 en commandite avec une soci\u00e9t\u00e9 \u00e0 responsabilit\u00e9 limit\u00e9e comme [&hellip;]<\/p>\n","protected":false},"author":1,"featured_media":0,"parent":0,"menu_order":40,"comment_status":"closed","ping_status":"closed","template":"","meta":{"_acf_changed":false,"footnotes":""},"class_list":["post-9180","page","type-page","status-publish","hentry"],"acf":[],"yoast_head":"<!-- This site is optimized with the Yoast SEO plugin v27.4 - https:\/\/yoast.com\/product\/yoast-seo-wordpress\/ -->\n<title>Mentions l\u00e9gales | H\u00f4tel 4 \u00e9toiles sup\u00e9rieur dans le Pitztal | Vacances dans le Tyrol<\/title>\n<meta name=\"description\" content=\"R\u00e9servez maintenant vos vacances au meilleur prix. Vacances dans le Pitztal, Tyrol. H\u00f4tel bien-\u00eatre 4 \u00e9toiles sup\u00e9rieur dans le Tyrol, Autriche.\" \/>\n<meta name=\"robots\" content=\"index, follow, max-snippet:-1, max-image-preview:large, max-video-preview:-1\" \/>\n<link rel=\"canonical\" href=\"https:\/\/jerznerhof.at\/fr\/mentions-legales\/\" \/>\n<meta property=\"og:locale\" content=\"fr_FR\" \/>\n<meta property=\"og:type\" content=\"article\" \/>\n<meta property=\"og:title\" content=\"Mentions l\u00e9gales | H\u00f4tel 4 \u00e9toiles sup\u00e9rieur dans le Pitztal | Vacances dans le Tyrol\" \/>\n<meta property=\"og:description\" content=\"R\u00e9servez maintenant vos vacances au meilleur prix. Vacances dans le Pitztal, Tyrol. H\u00f4tel bien-\u00eatre 4 \u00e9toiles sup\u00e9rieur dans le Tyrol, Autriche.\" \/>\n<meta property=\"og:url\" content=\"https:\/\/jerznerhof.at\/fr\/mentions-legales\/\" \/>\n<meta property=\"og:site_name\" content=\"Jerzner Hof****s\" \/>\n<meta property=\"article:modified_time\" content=\"2025-06-18T09:42:38+00:00\" \/>\n<meta name=\"twitter:card\" content=\"summary_large_image\" \/>\n<meta name=\"twitter:label1\" content=\"Dur\u00e9e de lecture estim\u00e9e\" \/>\n\t<meta name=\"twitter:data1\" content=\"3 minutes\" \/>\n<script type=\"application\/ld+json\" class=\"yoast-schema-graph\">{\"@context\":\"https:\\\/\\\/schema.org\",\"@graph\":[{\"@type\":\"WebPage\",\"@id\":\"https:\\\/\\\/jerznerhof.at\\\/fr\\\/mentions-legales\\\/\",\"url\":\"https:\\\/\\\/jerznerhof.at\\\/fr\\\/mentions-legales\\\/\",\"name\":\"Mentions l\u00e9gales | H\u00f4tel 4 \u00e9toiles sup\u00e9rieur dans le Pitztal | Vacances dans le Tyrol\",\"isPartOf\":{\"@id\":\"https:\\\/\\\/jerznerhof.at\\\/fr\\\/#website\"},\"datePublished\":\"2024-09-30T13:43:50+00:00\",\"dateModified\":\"2025-06-18T09:42:38+00:00\",\"description\":\"R\u00e9servez maintenant vos vacances au meilleur prix. Vacances dans le Pitztal, Tyrol. H\u00f4tel bien-\u00eatre 4 \u00e9toiles sup\u00e9rieur dans le Tyrol, Autriche.\",\"breadcrumb\":{\"@id\":\"https:\\\/\\\/jerznerhof.at\\\/fr\\\/mentions-legales\\\/#breadcrumb\"},\"inLanguage\":\"fr-FR\",\"potentialAction\":[{\"@type\":\"ReadAction\",\"target\":[\"https:\\\/\\\/jerznerhof.at\\\/fr\\\/mentions-legales\\\/\"]}]},{\"@type\":\"BreadcrumbList\",\"@id\":\"https:\\\/\\\/jerznerhof.at\\\/fr\\\/mentions-legales\\\/#breadcrumb\",\"itemListElement\":[{\"@type\":\"ListItem\",\"position\":1,\"name\":\"Startseite\",\"item\":\"https:\\\/\\\/jerznerhof.at\\\/fr\\\/\"},{\"@type\":\"ListItem\",\"position\":2,\"name\":\"Mentions l\u00e9gales\"}]},{\"@type\":\"WebSite\",\"@id\":\"https:\\\/\\\/jerznerhof.at\\\/fr\\\/#website\",\"url\":\"https:\\\/\\\/jerznerhof.at\\\/fr\\\/\",\"name\":\"Jerzner Hof****s\",\"description\":\"Wellnesshotel im Pitztal\",\"publisher\":{\"@id\":\"https:\\\/\\\/jerznerhof.at\\\/fr\\\/#organization\"},\"potentialAction\":[{\"@type\":\"SearchAction\",\"target\":{\"@type\":\"EntryPoint\",\"urlTemplate\":\"https:\\\/\\\/jerznerhof.at\\\/fr\\\/?s={search_term_string}\"},\"query-input\":{\"@type\":\"PropertyValueSpecification\",\"valueRequired\":true,\"valueName\":\"search_term_string\"}}],\"inLanguage\":\"fr-FR\"},{\"@type\":\"Organization\",\"@id\":\"https:\\\/\\\/jerznerhof.at\\\/fr\\\/#organization\",\"name\":\"Jerzner Hof****s\",\"url\":\"https:\\\/\\\/jerznerhof.at\\\/fr\\\/\",\"logo\":{\"@type\":\"ImageObject\",\"inLanguage\":\"fr-FR\",\"@id\":\"https:\\\/\\\/jerznerhof.at\\\/fr\\\/#\\\/schema\\\/logo\\\/image\\\/\",\"url\":\"https:\\\/\\\/jerznerhof.at\\\/wp-content\\\/uploads\\\/2024\\\/10\\\/2024_Logo_Jerzner-Hof_Logo-mit-Sterne-Superior_hell.svg\",\"contentUrl\":\"https:\\\/\\\/jerznerhof.at\\\/wp-content\\\/uploads\\\/2024\\\/10\\\/2024_Logo_Jerzner-Hof_Logo-mit-Sterne-Superior_hell.svg\",\"width\":300,\"height\":225,\"caption\":\"Jerzner Hof****s\"},\"image\":{\"@id\":\"https:\\\/\\\/jerznerhof.at\\\/fr\\\/#\\\/schema\\\/logo\\\/image\\\/\"}}]}<\/script>\n<!-- \/ Yoast SEO plugin. -->","yoast_head_json":{"title":"Mentions l\u00e9gales | H\u00f4tel 4 \u00e9toiles sup\u00e9rieur dans le Pitztal | Vacances dans le Tyrol","description":"R\u00e9servez maintenant vos vacances au meilleur prix. Vacances dans le Pitztal, Tyrol. H\u00f4tel bien-\u00eatre 4 \u00e9toiles sup\u00e9rieur dans le Tyrol, Autriche.","robots":{"index":"index","follow":"follow","max-snippet":"max-snippet:-1","max-image-preview":"max-image-preview:large","max-video-preview":"max-video-preview:-1"},"canonical":"https:\/\/jerznerhof.at\/fr\/mentions-legales\/","og_locale":"fr_FR","og_type":"article","og_title":"Mentions l\u00e9gales | H\u00f4tel 4 \u00e9toiles sup\u00e9rieur dans le Pitztal | Vacances dans le Tyrol","og_description":"R\u00e9servez maintenant vos vacances au meilleur prix. Vacances dans le Pitztal, Tyrol. H\u00f4tel bien-\u00eatre 4 \u00e9toiles sup\u00e9rieur dans le Tyrol, Autriche.","og_url":"https:\/\/jerznerhof.at\/fr\/mentions-legales\/","og_site_name":"Jerzner Hof****s","article_modified_time":"2025-06-18T09:42:38+00:00","twitter_card":"summary_large_image","twitter_misc":{"Dur\u00e9e de lecture estim\u00e9e":"3 minutes"},"schema":{"@context":"https:\/\/schema.org","@graph":[{"@type":"WebPage","@id":"https:\/\/jerznerhof.at\/fr\/mentions-legales\/","url":"https:\/\/jerznerhof.at\/fr\/mentions-legales\/","name":"Mentions l\u00e9gales | H\u00f4tel 4 \u00e9toiles sup\u00e9rieur dans le Pitztal | Vacances dans le Tyrol","isPartOf":{"@id":"https:\/\/jerznerhof.at\/fr\/#website"},"datePublished":"2024-09-30T13:43:50+00:00","dateModified":"2025-06-18T09:42:38+00:00","description":"R\u00e9servez maintenant vos vacances au meilleur prix. Vacances dans le Pitztal, Tyrol. H\u00f4tel bien-\u00eatre 4 \u00e9toiles sup\u00e9rieur dans le Tyrol, Autriche.","breadcrumb":{"@id":"https:\/\/jerznerhof.at\/fr\/mentions-legales\/#breadcrumb"},"inLanguage":"fr-FR","potentialAction":[{"@type":"ReadAction","target":["https:\/\/jerznerhof.at\/fr\/mentions-legales\/"]}]},{"@type":"BreadcrumbList","@id":"https:\/\/jerznerhof.at\/fr\/mentions-legales\/#breadcrumb","itemListElement":[{"@type":"ListItem","position":1,"name":"Startseite","item":"https:\/\/jerznerhof.at\/fr\/"},{"@type":"ListItem","position":2,"name":"Mentions l\u00e9gales"}]},{"@type":"WebSite","@id":"https:\/\/jerznerhof.at\/fr\/#website","url":"https:\/\/jerznerhof.at\/fr\/","name":"Jerzner Hof****s","description":"Wellnesshotel im Pitztal","publisher":{"@id":"https:\/\/jerznerhof.at\/fr\/#organization"},"potentialAction":[{"@type":"SearchAction","target":{"@type":"EntryPoint","urlTemplate":"https:\/\/jerznerhof.at\/fr\/?s={search_term_string}"},"query-input":{"@type":"PropertyValueSpecification","valueRequired":true,"valueName":"search_term_string"}}],"inLanguage":"fr-FR"},{"@type":"Organization","@id":"https:\/\/jerznerhof.at\/fr\/#organization","name":"Jerzner Hof****s","url":"https:\/\/jerznerhof.at\/fr\/","logo":{"@type":"ImageObject","inLanguage":"fr-FR","@id":"https:\/\/jerznerhof.at\/fr\/#\/schema\/logo\/image\/","url":"https:\/\/jerznerhof.at\/wp-content\/uploads\/2024\/10\/2024_Logo_Jerzner-Hof_Logo-mit-Sterne-Superior_hell.svg","contentUrl":"https:\/\/jerznerhof.at\/wp-content\/uploads\/2024\/10\/2024_Logo_Jerzner-Hof_Logo-mit-Sterne-Superior_hell.svg","width":300,"height":225,"caption":"Jerzner Hof****s"},"image":{"@id":"https:\/\/jerznerhof.at\/fr\/#\/schema\/logo\/image\/"}}]}},"_links":{"self":[{"href":"https:\/\/jerznerhof.at\/fr\/wp-json\/wp\/v2\/pages\/9180","targetHints":{"allow":["GET"]}}],"collection":[{"href":"https:\/\/jerznerhof.at\/fr\/wp-json\/wp\/v2\/pages"}],"about":[{"href":"https:\/\/jerznerhof.at\/fr\/wp-json\/wp\/v2\/types\/page"}],"author":[{"embeddable":true,"href":"https:\/\/jerznerhof.at\/fr\/wp-json\/wp\/v2\/users\/1"}],"replies":[{"embeddable":true,"href":"https:\/\/jerznerhof.at\/fr\/wp-json\/wp\/v2\/comments?post=9180"}],"version-history":[{"count":1,"href":"https:\/\/jerznerhof.at\/fr\/wp-json\/wp\/v2\/pages\/9180\/revisions"}],"predecessor-version":[{"id":9181,"href":"https:\/\/jerznerhof.at\/fr\/wp-json\/wp\/v2\/pages\/9180\/revisions\/9181"}],"wp:attachment":[{"href":"https:\/\/jerznerhof.at\/fr\/wp-json\/wp\/v2\/media?parent=9180"}],"curies":[{"name":"wp","href":"https:\/\/api.w.org\/{rel}","templated":true}]}}