{"id":9172,"date":"2024-09-30T13:44:12","date_gmt":"2024-09-30T13:44:12","guid":{"rendered":"https:\/\/jerznerhof.at\/protection-des-donnees\/"},"modified":"2025-06-23T12:13:30","modified_gmt":"2025-06-23T12:13:30","slug":"protection-des-donnees","status":"publish","type":"page","link":"https:\/\/jerznerhof.at\/fr\/protection-des-donnees\/","title":{"rendered":"Protection des donn\u00e9es"},"content":{"rendered":"\t\t<div data-elementor-type=\"wp-page\" data-elementor-id=\"9172\" class=\"elementor elementor-9172 elementor-76\" data-elementor-post-type=\"page\">\n\t\t\t\t<div class=\"elementor-element elementor-element-6deca2a e-flex e-con-boxed e-con e-parent\" data-id=\"6deca2a\" data-element_type=\"container\" data-e-type=\"container\">\n\t\t\t\t\t<div class=\"e-con-inner\">\n\t\t<div class=\"elementor-element elementor-element-e4eca3c e-con-full e-flex e-con e-child\" data-id=\"e4eca3c\" data-element_type=\"container\" data-e-type=\"container\">\n\t\t\t\t<div class=\"elementor-element elementor-element-a20997b elementor-widget elementor-widget-heading\" data-id=\"a20997b\" data-element_type=\"widget\" data-e-type=\"widget\" data-widget_type=\"heading.default\">\n\t\t\t\t\t<h1 class=\"elementor-heading-title elementor-size-default\">Protection des donn\u00e9es<\/h1>\t\t\t\t<\/div>\n\t\t\t\t<\/div>\n\t\t\t\t<div class=\"elementor-element elementor-element-8a73111 elementor-widget elementor-widget-shortcode\" data-id=\"8a73111\" data-element_type=\"widget\" data-e-type=\"widget\" data-widget_type=\"shortcode.default\">\n\t\t\t\t\t\t\t<div class=\"elementor-shortcode\"><span class=\"borlabs-cookie-open-dialog-preferences brlbs-cmpnt-container\" data-borlabs-cookie-title=\"Modifier les param\u00e8tres de cookies\" data-borlabs-cookie-type=\"button\" ><\/span><\/div>\n\t\t\t\t\t\t<\/div>\n\t\t\t\t<div class=\"elementor-element elementor-element-600fbd3 aufzahlung-raute link-beige elementor-widget elementor-widget-text-editor\" data-id=\"600fbd3\" data-element_type=\"widget\" data-e-type=\"widget\" data-widget_type=\"text-editor.default\">\n\t\t\t\t\t\t\t\t\t<p data-start=\"84\" data-end=\"390\"><strong data-start=\"84\" data-end=\"390\">La protection de vos donn\u00e9es personnelles nous tient particuli\u00e8rement \u00e0 c\u0153ur. Nous ne traitons ces donn\u00e9es que sur la base des dispositions l\u00e9gales (RGPD, DSG). Ces informations de protection des donn\u00e9es vous informent des points essentiels du traitement de vos donn\u00e9es dans le cadre de notre site web.<\/strong><\/p>\n<p><\/p>\n<p data-start=\"392\" data-end=\"572\"><strong data-start=\"392\" data-end=\"424\">Saisie volontaire de donn\u00e9es<\/strong><br data-start=\"424\" data-end=\"427\" \/>Lorsque vous saisissez des donn\u00e9es personnelles ou professionnelles sur ce site, cette communication se fait sur une base strictement volontaire.<\/p>\n<h3 data-start=\"579\" data-end=\"621\"><strong data-start=\"583\" data-end=\"619\">Contact via formulaire ou e\u2011mail<\/strong><\/h3>\n<p><\/p>\n<p data-start=\"622\" data-end=\"859\">Lorsque vous nous contactez via le formulaire du site ou par e\u2011mail, les donn\u00e9es fournies sont conserv\u00e9es pendant six mois afin de traiter votre demande et d\u2019\u00e9ventuels suivis. Aucun transfert \u00e0 des tiers n\u2019a lieu sans votre consentement.<\/p>\n<p><\/p>\n<hr data-start=\"861\" data-end=\"864\" \/>\n<h3 data-start=\"866\" data-end=\"900\"><strong data-start=\"870\" data-end=\"898\">Conservation des donn\u00e9es<\/strong><\/h3>\n<p><\/p>\n<p data-start=\"901\" data-end=\"1459\">Pour faciliter le processus d\u2019achat et la gestion ult\u00e9rieure du contrat, le gestionnaire de la boutique en ligne stocke, via des cookies, l\u2019adresse\u202fIP de l\u2019abonn\u00e9 ainsi que le nom, l\u2019adresse et le num\u00e9ro de carte\u202fde cr\u00e9dit de l\u2019acheteur. En outre, les donn\u00e9es suivantes sont conserv\u00e9es \u00e0 des fins contractuelles : pr\u00e9nom et nom, num\u00e9ro de t\u00e9l\u00e9phone, e\u2011mail et adresse. Ces donn\u00e9es sont n\u00e9cessaires pour l\u2019ex\u00e9cution du contrat ou des mesures pr\u00e9contractuelles : sans elles, nous ne pouvons pas conclure le contrat. Aucun transfert \u00e0 des tiers n\u2019a lieu, sauf :<\/p>\n<ul data-start=\"1461\" data-end=\"1751\">\n<li data-start=\"1461\" data-end=\"1589\">\n<p data-start=\"1463\" data-end=\"1589\">transmission des donn\u00e9es de carte\u202fde cr\u00e9dit aux \u00e9tablissements bancaires et prestataires de paiement pour le d\u00e9bit du montant,<\/p>\n<\/li>\n<li data-start=\"1590\" data-end=\"1668\">\n<p data-start=\"1592\" data-end=\"1668\">transmission \u00e0 l\u2019entreprise de transport pour la livraison des marchandises,<\/p>\n<\/li>\n<li data-start=\"1669\" data-end=\"1751\">\n<p data-start=\"1671\" data-end=\"1751\">transmission \u00e0 notre conseiller fiscal pour satisfaire aux obligations fiscales.<\/p>\n<\/li>\n<\/ul>\n<p><\/p>\n<p data-start=\"1753\" data-end=\"2122\">Si la proc\u00e9dure d\u2019achat est abandonn\u00e9e, les donn\u00e9es stock\u00e9es sont supprim\u00e9es. En cas de conclusion de contrat, toutes les donn\u00e9es li\u00e9es au contrat sont conserv\u00e9es pendant la dur\u00e9e de r\u00e9tention fiscale (7\u202fans). Les donn\u00e9es concernant le nom, l\u2019adresse, les biens achet\u00e9s et la date d\u2019achat sont conserv\u00e9es jusqu\u2019\u00e0 l\u2019expiration de la responsabilit\u00e9 du fabricant (10\u202fans).<\/p>\n<p><\/p>\n<p data-start=\"2124\" data-end=\"2213\">Le traitement des donn\u00e9es se fait sur la base des dispositions l\u00e9gales du DSG et du RGPD.<\/p>\n<p><\/p>\n<hr data-start=\"2215\" data-end=\"2218\" \/>\n<h3 data-start=\"2220\" data-end=\"2237\"><strong data-start=\"2224\" data-end=\"2235\">Cookies<\/strong><\/h3>\n<p><\/p>\n<p data-start=\"2238\" data-end=\"2530\">Les cookies sont de petits fichiers qui permettent \u00e0 ce site de stocker sur votre ordinateur des informations sp\u00e9cifiques \u00e0 l\u2019utilisateur lors de votre visite. Ils nous aident \u00e0 mesurer la fr\u00e9quence d\u2019utilisation, le nombre d\u2019utilisateurs et \u00e0 rendre notre offre plus confortable et efficace.<\/p>\n<ul data-start=\"2532\" data-end=\"2798\">\n<li data-start=\"2532\" data-end=\"2608\">\n<p data-start=\"2534\" data-end=\"2608\"><strong data-start=\"2534\" data-end=\"2556\">Cookies de session<\/strong>\u202f: stock\u00e9s uniquement pour la dur\u00e9e de votre visite.<\/p>\n<\/li>\n<li data-start=\"2609\" data-end=\"2798\">\n<p data-start=\"2611\" data-end=\"2798\"><strong data-start=\"2611\" data-end=\"2634\">Cookies persistants<\/strong>\u202f: conservent un identifiant pour reconna\u00eetre les visiteurs r\u00e9currents, sans stocker de nom ou d\u2019adresse\u202fIP. Ils permettent d\u2019am\u00e9liorer la navigation et le contenu.<\/p>\n<\/li>\n<\/ul>\n<p><\/p>\n<p data-start=\"2800\" data-end=\"3049\">Vous pouvez utiliser notre site sans cookies. Vous pouvez refuser ou supprimer les cookies dans les param\u00e8tres de votre navigateur (Chrome, Firefox, etc.), mais dans ce cas, certaines fonctionnalit\u00e9s ou la pr\u00e9sentation du site peuvent \u00eatre limit\u00e9es.<\/p>\n<p><\/p>\n<hr data-start=\"3051\" data-end=\"3054\" \/>\n<h3 data-start=\"3056\" data-end=\"3082\"><strong data-start=\"3060\" data-end=\"3080\">Google Analytics<\/strong><\/h3>\n<p><\/p>\n<p data-start=\"3083\" data-end=\"3500\">Ce site utilise Google Analytics (Google Inc.), qui utilise des \u00ab\u202fcookies\u202f\u00bb pour analyser l\u2019utilisation du site. Les informations g\u00e9n\u00e9r\u00e9es sont g\u00e9n\u00e9ralement transf\u00e9r\u00e9es et stock\u00e9es sur des serveurs Google aux \u00c9tats-Unis. Lorsque l\u2019anonymisation de l\u2019IP est activ\u00e9e, Google r\u00e9duit l\u2019adresse IP dans l\u2019Union europ\u00e9enne ou l\u2019EEE. Le transfert complet de l\u2019IP aux serveurs am\u00e9ricains n\u2019est possible que dans de rares cas.<\/p>\n<p><\/p>\n<p data-start=\"3502\" data-end=\"4222\">Google utilise ces informations pour analyser votre utilisation, \u00e9tablir des rapports d\u2019activit\u00e9 et fournir des services au propri\u00e9taire du site. L\u2019adresse IP transmise n\u2019est pas combin\u00e9e avec d\u2019autres donn\u00e9es. Vous pouvez emp\u00eacher le stockage des cookies via les param\u00e8tres de votre navigateur. Vous pouvez aussi d\u00e9sactiver l\u2019analyse des donn\u00e9es g\u00e9n\u00e9r\u00e9es par le cookie (y compris votre IP) en installant le module disponible ici\u202f: <a class=\"cursor-pointer\" target=\"_new\" rel=\"noopener\" data-start=\"3934\" data-end=\"3979\">http:\/\/tools.google.com\/dlpage\/gaoptout?hl=fr<\/a>. La politique de confidentialit\u00e9 et les conditions d\u2019utilisation de Google Analytics se trouvent ici\u202f: <a class=\"cursor-pointer\" target=\"_new\" rel=\"noopener\" data-start=\"4083\" data-end=\"4140\">https:\/\/support.google.com\/analytics\/answer\/6004245?hl=fr<\/a>. Le code \u00ab\u202fgat._anonymizeIp();\u202f\u00bb est utilis\u00e9 pour assurer l\u2019anonymisation des IP.<\/p>\n<p><\/p>\n<hr data-start=\"4224\" data-end=\"4227\" \/>\n<h3 data-start=\"4229\" data-end=\"4250\"><strong data-start=\"4233\" data-end=\"4248\">Google Maps<\/strong><\/h3>\n<p><\/p>\n<p data-start=\"4251\" data-end=\"4552\">Ce site utilise Google Maps pour afficher des informations cartographiques. Google collecte, traite et utilise \u00e9galement des donn\u00e9es relatives \u00e0 l\u2019usage des fonctions Maps par les visiteurs. Plus d\u2019informations dans la politique de confidentialit\u00e9 de Google\u202f: <a class=\"\" href=\"https:\/\/www.google.com\/policies\/privacy\/\" target=\"_new\" rel=\"noopener\" data-start=\"4511\" data-end=\"4551\">https:\/\/www.google.com\/policies\/privacy\/<\/a>.<\/p>\n<p><\/p>\n<hr data-start=\"4554\" data-end=\"4557\" \/>\n<h3 data-start=\"4559\" data-end=\"4577\"><strong data-start=\"4563\" data-end=\"4575\">Facebook<\/strong><\/h3>\n<p><\/p>\n<p data-start=\"4578\" data-end=\"5237\">Des plugins Facebook (1601 South California Avenue, Palo Alto, CA 94304, USA) sont int\u00e9gr\u00e9s (logo Facebook, bouton \u00ab\u202fJ\u2019aime\u202f\u00bb). Votre navigateur \u00e9tablit une connexion directe avec les serveurs Facebook lors de leur chargement, ce qui transmet votre IP \u00e0 Facebook. Si vous cliquez sur \u00ab\u202fJ\u2019aime\u202f\u00bb en \u00e9tant connect\u00e9 \u00e0 Facebook, le contenu peut \u00eatre li\u00e9 \u00e0 votre profil. Nous ne recevons aucune information sur les donn\u00e9es transmises ni leur utilisation. Pour en savoir plus, consultez la politique de confidentialit\u00e9 de Facebook\u202f: <a class=\"\" href=\"https:\/\/www.facebook.com\/policy.php\" target=\"_new\" rel=\"noopener\" data-start=\"5105\" data-end=\"5140\">https:\/\/www.facebook.com\/policy.php<\/a>. Pour emp\u00eacher Facebook de relier votre visite \u00e0 votre compte, d\u00e9connectez-vous avant la visite.<\/p>\n<p><\/p>\n<hr data-start=\"5239\" data-end=\"5242\" \/>\n<h3 data-start=\"5244\" data-end=\"5268\"><strong data-start=\"5248\" data-end=\"5266\">Google AdSense<\/strong><\/h3>\n<p><\/p>\n<p data-start=\"5269\" data-end=\"5850\">Ce site utilise Google AdSense (Google Inc.) pour int\u00e9grer des publicit\u00e9s. AdSense utilise des cookies et des \u00ab\u202fWeb Beacons\u202f\u00bb (images invisibles). Les donn\u00e9es g\u00e9n\u00e9r\u00e9es (y compris l\u2019adresse\u202fIP) sont transmises aux serveurs de Google aux \u00c9tats-Unis et peuvent \u00eatre partag\u00e9es avec des partenaires contractuels, sans toutefois \u00eatre combin\u00e9es avec d\u2019autres donn\u00e9es utilisateurs. Vous pouvez refuser les cookies via votre navigateur, mais certaines fonctionnalit\u00e9s du site peuvent en \u00eatre limit\u00e9es. En utilisant ce site, vous acceptez le traitement des donn\u00e9es par Google tel que d\u00e9crit.<\/p>\n<p><\/p>\n<hr data-start=\"5852\" data-end=\"5855\" \/>\n<h3 data-start=\"5857\" data-end=\"5874\"><strong data-start=\"5861\" data-end=\"5872\">YouTube<\/strong><\/h3>\n<p><\/p>\n<p data-start=\"5875\" data-end=\"6266\">Des fonctionnalit\u00e9s YouTube (YouTube, LLC, 901 Cherry Ave., San Bruno, CA 94066, USA) sont int\u00e9gr\u00e9es. Elles d\u00e9posent des cookies sur votre ordinateur lors de la visite. Si vous avez d\u00e9sactiv\u00e9 les cookies Google pour la publicit\u00e9, aucun cookie correspondant ne sera utilis\u00e9. YouTube peut toutefois d\u00e9poser d\u2019autres cookies non personnels. Vous pouvez bloquer ces cookies via votre navigateur.<\/p>\n<p><\/p>\n<hr data-start=\"6268\" data-end=\"6271\" \/>\n<h3 data-start=\"6273\" data-end=\"6295\"><strong data-start=\"6277\" data-end=\"6293\">Google Fonts<\/strong><\/h3>\n<p><\/p>\n<p data-start=\"6296\" data-end=\"6624\">Ce site utilise des polices externes (Google Fonts, Google Inc.). L\u2019inclusion de ces polices entra\u00eene un appel \u00e0 un serveur, g\u00e9n\u00e9ralement aux \u00c9tats-Unis, ce qui transmet l\u2019adresse\u202fIP et l\u2019information de page visit\u00e9. Plus d\u2019informations\u202f: <a class=\"\" href=\"https:\/\/www.google.com\/fonts#AboutPlace:about\" target=\"_new\" rel=\"noopener\" data-start=\"6534\" data-end=\"6579\">https:\/\/www.google.com\/fonts#AboutPlace:about<\/a> et <a class=\"\" href=\"https:\/\/www.google.com\/policies\/privacy\/\" target=\"_new\" rel=\"noopener\" data-start=\"6583\" data-end=\"6623\">https:\/\/www.google.com\/policies\/privacy\/<\/a>.<\/p>\n<p><\/p>\n<hr data-start=\"6626\" data-end=\"6629\" \/>\n<h3 data-start=\"6631\" data-end=\"6657\"><strong data-start=\"6635\" data-end=\"6655\">Google reCAPTCHA<\/strong><\/h3>\n<p><\/p>\n<p data-start=\"6658\" data-end=\"7296\">Nous utilisons Google reCAPTCHA (Google Inc., 1600 Amphitheatre Parkway, Mountain View, CA 94043) pour v\u00e9rifier que les saisies (ex. formulaire) sont effectu\u00e9es par des humains. reCAPTCHA analyse notamment l\u2019adresse\u202fIP, le temps de visite et les mouvements de souris. Les donn\u00e9es sont automatiquement transmises \u00e0 Google, en accord avec l\u2019int\u00e9r\u00eat l\u00e9gitime du responsable du site selon l\u2019article 6\u202f(1)\u202ff RGPD, pour le prot\u00e9ger contre les robots et le spam. Pour en savoir plus sur reCAPTCHA et la politique de confidentialit\u00e9 Google\u202f: <a class=\"cursor-pointer\" target=\"_new\" rel=\"noopener\" data-start=\"7192\" data-end=\"7240\">https:\/\/www.google.com\/intl\/fr\/policies\/privacy\/<\/a> et <a class=\"\" href=\"https:\/\/www.google.com\/recaptcha\/intro\/android.html\" target=\"_new\" rel=\"noopener\" data-start=\"7244\" data-end=\"7295\">https:\/\/www.google.com\/recaptcha\/intro\/android.html<\/a>.<\/p>\n<p><\/p>\n<hr data-start=\"7298\" data-end=\"7301\" \/>\n<h3 data-start=\"7303\" data-end=\"7323\"><strong data-start=\"7307\" data-end=\"7321\">Newsletter<\/strong><\/h3>\n<p><\/p>\n<p data-start=\"7324\" data-end=\"7506\">Vous pouvez vous abonner \u00e0 notre newsletter via notre site. Les donn\u00e9es requises sont votre adresse\u202fe\u2011mail et votre consentement explicite. Vous pouvez vous d\u00e9sabonner \u00e0 tout moment.<\/p>\n<p><\/p>\n<hr data-start=\"7508\" data-end=\"7511\" \/>\n<h3 data-start=\"7513\" data-end=\"7533\"><strong data-start=\"7517\" data-end=\"7531\">Vos droits<\/strong><\/h3>\n<p><\/p>\n<p data-start=\"7534\" data-end=\"7571\">Vous disposez des droits suivants :<\/p>\n<ul data-start=\"7572\" data-end=\"7688\">\n<li data-start=\"7572\" data-end=\"7688\">\n<p data-start=\"7574\" data-end=\"7688\">acc\u00e8s, rectification, suppression, limitation, portabilit\u00e9, retrait du consentement et opposition au traitement.<\/p>\n<\/li>\n<\/ul>\n<p><\/p>\n<p data-start=\"7690\" data-end=\"7946\">Si vous pensez que le traitement de vos donn\u00e9es enfreint la l\u00e9gislation, vous pouvez d\u00e9poser une plainte aupr\u00e8s de l\u2019autorit\u00e9 de contr\u00f4le : en Autriche, <strong data-start=\"7843\" data-end=\"7868\">la Datenschutzbeh\u00f6rde<\/strong>. Pour exercer vos droits, contactez-nous aux coordonn\u00e9es indiqu\u00e9es ci-dessus.<\/p>\n\t\t\t\t\t\t\t\t<\/div>\n\t\t\t\t\t<\/div>\n\t\t\t\t<\/div>\n\t\t\t\t<\/div>\n\t\t","protected":false},"excerpt":{"rendered":"<p>Protection des donn\u00e9es La protection de vos donn\u00e9es personnelles nous tient particuli\u00e8rement \u00e0 c\u0153ur. Nous ne traitons ces donn\u00e9es que sur la base des dispositions l\u00e9gales (RGPD, DSG). Ces informations de protection des donn\u00e9es vous informent des points essentiels du traitement de vos donn\u00e9es dans le cadre de notre site web. Saisie volontaire de donn\u00e9esLorsque [&hellip;]<\/p>\n","protected":false},"author":1,"featured_media":0,"parent":0,"menu_order":40,"comment_status":"closed","ping_status":"closed","template":"","meta":{"_acf_changed":false,"footnotes":""},"class_list":["post-9172","page","type-page","status-publish","hentry"],"acf":[],"yoast_head":"<!-- This site is optimized with the Yoast SEO plugin v27.4 - https:\/\/yoast.com\/product\/yoast-seo-wordpress\/ -->\n<title>Protection des donn\u00e9es | Jerzner Hof | H\u00f4tel 4 \u00e9toiles sup\u00e9rieur | Tyrol, Pitztal<\/title>\n<meta name=\"description\" content=\"R\u00e9servez maintenant vos vacances de r\u00eave chez nous dans le Pitztal. H\u00f4tel Jerzner Hof 4****s H\u00f4tel bien-\u00eatre. R\u00e9servez maintenant au meilleur prix.\" \/>\n<meta name=\"robots\" content=\"index, follow, max-snippet:-1, max-image-preview:large, max-video-preview:-1\" \/>\n<link rel=\"canonical\" href=\"https:\/\/jerznerhof.at\/fr\/protection-des-donnees\/\" \/>\n<meta property=\"og:locale\" content=\"fr_FR\" \/>\n<meta property=\"og:type\" content=\"article\" \/>\n<meta property=\"og:title\" content=\"Protection des donn\u00e9es | Jerzner Hof | H\u00f4tel 4 \u00e9toiles sup\u00e9rieur | Tyrol, Pitztal\" \/>\n<meta property=\"og:description\" content=\"R\u00e9servez maintenant vos vacances de r\u00eave chez nous dans le Pitztal. H\u00f4tel Jerzner Hof 4****s H\u00f4tel bien-\u00eatre. R\u00e9servez maintenant au meilleur prix.\" \/>\n<meta property=\"og:url\" content=\"https:\/\/jerznerhof.at\/fr\/protection-des-donnees\/\" \/>\n<meta property=\"og:site_name\" content=\"Jerzner Hof****s\" \/>\n<meta property=\"article:modified_time\" content=\"2025-06-23T12:13:30+00:00\" \/>\n<meta name=\"twitter:card\" content=\"summary_large_image\" \/>\n<meta name=\"twitter:label1\" content=\"Dur\u00e9e de lecture estim\u00e9e\" \/>\n\t<meta name=\"twitter:data1\" content=\"6 minutes\" \/>\n<script type=\"application\/ld+json\" class=\"yoast-schema-graph\">{\"@context\":\"https:\\\/\\\/schema.org\",\"@graph\":[{\"@type\":\"WebPage\",\"@id\":\"https:\\\/\\\/jerznerhof.at\\\/fr\\\/protection-des-donnees\\\/\",\"url\":\"https:\\\/\\\/jerznerhof.at\\\/fr\\\/protection-des-donnees\\\/\",\"name\":\"Protection des donn\u00e9es | Jerzner Hof | H\u00f4tel 4 \u00e9toiles sup\u00e9rieur | Tyrol, Pitztal\",\"isPartOf\":{\"@id\":\"https:\\\/\\\/jerznerhof.at\\\/fr\\\/#website\"},\"datePublished\":\"2024-09-30T13:44:12+00:00\",\"dateModified\":\"2025-06-23T12:13:30+00:00\",\"description\":\"R\u00e9servez maintenant vos vacances de r\u00eave chez nous dans le Pitztal. H\u00f4tel Jerzner Hof 4****s H\u00f4tel bien-\u00eatre. R\u00e9servez maintenant au meilleur prix.\",\"breadcrumb\":{\"@id\":\"https:\\\/\\\/jerznerhof.at\\\/fr\\\/protection-des-donnees\\\/#breadcrumb\"},\"inLanguage\":\"fr-FR\",\"potentialAction\":[{\"@type\":\"ReadAction\",\"target\":[\"https:\\\/\\\/jerznerhof.at\\\/fr\\\/protection-des-donnees\\\/\"]}]},{\"@type\":\"BreadcrumbList\",\"@id\":\"https:\\\/\\\/jerznerhof.at\\\/fr\\\/protection-des-donnees\\\/#breadcrumb\",\"itemListElement\":[{\"@type\":\"ListItem\",\"position\":1,\"name\":\"Startseite\",\"item\":\"https:\\\/\\\/jerznerhof.at\\\/fr\\\/\"},{\"@type\":\"ListItem\",\"position\":2,\"name\":\"Protection des donn\u00e9es\"}]},{\"@type\":\"WebSite\",\"@id\":\"https:\\\/\\\/jerznerhof.at\\\/fr\\\/#website\",\"url\":\"https:\\\/\\\/jerznerhof.at\\\/fr\\\/\",\"name\":\"Jerzner Hof****s\",\"description\":\"Wellnesshotel im Pitztal\",\"publisher\":{\"@id\":\"https:\\\/\\\/jerznerhof.at\\\/fr\\\/#organization\"},\"potentialAction\":[{\"@type\":\"SearchAction\",\"target\":{\"@type\":\"EntryPoint\",\"urlTemplate\":\"https:\\\/\\\/jerznerhof.at\\\/fr\\\/?s={search_term_string}\"},\"query-input\":{\"@type\":\"PropertyValueSpecification\",\"valueRequired\":true,\"valueName\":\"search_term_string\"}}],\"inLanguage\":\"fr-FR\"},{\"@type\":\"Organization\",\"@id\":\"https:\\\/\\\/jerznerhof.at\\\/fr\\\/#organization\",\"name\":\"Jerzner Hof****s\",\"url\":\"https:\\\/\\\/jerznerhof.at\\\/fr\\\/\",\"logo\":{\"@type\":\"ImageObject\",\"inLanguage\":\"fr-FR\",\"@id\":\"https:\\\/\\\/jerznerhof.at\\\/fr\\\/#\\\/schema\\\/logo\\\/image\\\/\",\"url\":\"https:\\\/\\\/jerznerhof.at\\\/wp-content\\\/uploads\\\/2024\\\/10\\\/2024_Logo_Jerzner-Hof_Logo-mit-Sterne-Superior_hell.svg\",\"contentUrl\":\"https:\\\/\\\/jerznerhof.at\\\/wp-content\\\/uploads\\\/2024\\\/10\\\/2024_Logo_Jerzner-Hof_Logo-mit-Sterne-Superior_hell.svg\",\"width\":300,\"height\":225,\"caption\":\"Jerzner Hof****s\"},\"image\":{\"@id\":\"https:\\\/\\\/jerznerhof.at\\\/fr\\\/#\\\/schema\\\/logo\\\/image\\\/\"}}]}<\/script>\n<!-- \/ Yoast SEO plugin. -->","yoast_head_json":{"title":"Protection des donn\u00e9es | Jerzner Hof | H\u00f4tel 4 \u00e9toiles sup\u00e9rieur | Tyrol, Pitztal","description":"R\u00e9servez maintenant vos vacances de r\u00eave chez nous dans le Pitztal. H\u00f4tel Jerzner Hof 4****s H\u00f4tel bien-\u00eatre. R\u00e9servez maintenant au meilleur prix.","robots":{"index":"index","follow":"follow","max-snippet":"max-snippet:-1","max-image-preview":"max-image-preview:large","max-video-preview":"max-video-preview:-1"},"canonical":"https:\/\/jerznerhof.at\/fr\/protection-des-donnees\/","og_locale":"fr_FR","og_type":"article","og_title":"Protection des donn\u00e9es | Jerzner Hof | H\u00f4tel 4 \u00e9toiles sup\u00e9rieur | Tyrol, Pitztal","og_description":"R\u00e9servez maintenant vos vacances de r\u00eave chez nous dans le Pitztal. H\u00f4tel Jerzner Hof 4****s H\u00f4tel bien-\u00eatre. R\u00e9servez maintenant au meilleur prix.","og_url":"https:\/\/jerznerhof.at\/fr\/protection-des-donnees\/","og_site_name":"Jerzner Hof****s","article_modified_time":"2025-06-23T12:13:30+00:00","twitter_card":"summary_large_image","twitter_misc":{"Dur\u00e9e de lecture estim\u00e9e":"6 minutes"},"schema":{"@context":"https:\/\/schema.org","@graph":[{"@type":"WebPage","@id":"https:\/\/jerznerhof.at\/fr\/protection-des-donnees\/","url":"https:\/\/jerznerhof.at\/fr\/protection-des-donnees\/","name":"Protection des donn\u00e9es | Jerzner Hof | H\u00f4tel 4 \u00e9toiles sup\u00e9rieur | Tyrol, Pitztal","isPartOf":{"@id":"https:\/\/jerznerhof.at\/fr\/#website"},"datePublished":"2024-09-30T13:44:12+00:00","dateModified":"2025-06-23T12:13:30+00:00","description":"R\u00e9servez maintenant vos vacances de r\u00eave chez nous dans le Pitztal. H\u00f4tel Jerzner Hof 4****s H\u00f4tel bien-\u00eatre. R\u00e9servez maintenant au meilleur prix.","breadcrumb":{"@id":"https:\/\/jerznerhof.at\/fr\/protection-des-donnees\/#breadcrumb"},"inLanguage":"fr-FR","potentialAction":[{"@type":"ReadAction","target":["https:\/\/jerznerhof.at\/fr\/protection-des-donnees\/"]}]},{"@type":"BreadcrumbList","@id":"https:\/\/jerznerhof.at\/fr\/protection-des-donnees\/#breadcrumb","itemListElement":[{"@type":"ListItem","position":1,"name":"Startseite","item":"https:\/\/jerznerhof.at\/fr\/"},{"@type":"ListItem","position":2,"name":"Protection des donn\u00e9es"}]},{"@type":"WebSite","@id":"https:\/\/jerznerhof.at\/fr\/#website","url":"https:\/\/jerznerhof.at\/fr\/","name":"Jerzner Hof****s","description":"Wellnesshotel im Pitztal","publisher":{"@id":"https:\/\/jerznerhof.at\/fr\/#organization"},"potentialAction":[{"@type":"SearchAction","target":{"@type":"EntryPoint","urlTemplate":"https:\/\/jerznerhof.at\/fr\/?s={search_term_string}"},"query-input":{"@type":"PropertyValueSpecification","valueRequired":true,"valueName":"search_term_string"}}],"inLanguage":"fr-FR"},{"@type":"Organization","@id":"https:\/\/jerznerhof.at\/fr\/#organization","name":"Jerzner Hof****s","url":"https:\/\/jerznerhof.at\/fr\/","logo":{"@type":"ImageObject","inLanguage":"fr-FR","@id":"https:\/\/jerznerhof.at\/fr\/#\/schema\/logo\/image\/","url":"https:\/\/jerznerhof.at\/wp-content\/uploads\/2024\/10\/2024_Logo_Jerzner-Hof_Logo-mit-Sterne-Superior_hell.svg","contentUrl":"https:\/\/jerznerhof.at\/wp-content\/uploads\/2024\/10\/2024_Logo_Jerzner-Hof_Logo-mit-Sterne-Superior_hell.svg","width":300,"height":225,"caption":"Jerzner Hof****s"},"image":{"@id":"https:\/\/jerznerhof.at\/fr\/#\/schema\/logo\/image\/"}}]}},"_links":{"self":[{"href":"https:\/\/jerznerhof.at\/fr\/wp-json\/wp\/v2\/pages\/9172","targetHints":{"allow":["GET"]}}],"collection":[{"href":"https:\/\/jerznerhof.at\/fr\/wp-json\/wp\/v2\/pages"}],"about":[{"href":"https:\/\/jerznerhof.at\/fr\/wp-json\/wp\/v2\/types\/page"}],"author":[{"embeddable":true,"href":"https:\/\/jerznerhof.at\/fr\/wp-json\/wp\/v2\/users\/1"}],"replies":[{"embeddable":true,"href":"https:\/\/jerznerhof.at\/fr\/wp-json\/wp\/v2\/comments?post=9172"}],"version-history":[{"count":5,"href":"https:\/\/jerznerhof.at\/fr\/wp-json\/wp\/v2\/pages\/9172\/revisions"}],"predecessor-version":[{"id":9300,"href":"https:\/\/jerznerhof.at\/fr\/wp-json\/wp\/v2\/pages\/9172\/revisions\/9300"}],"wp:attachment":[{"href":"https:\/\/jerznerhof.at\/fr\/wp-json\/wp\/v2\/media?parent=9172"}],"curies":[{"name":"wp","href":"https:\/\/api.w.org\/{rel}","templated":true}]}}