{"id":8947,"date":"2025-07-31T10:00:57","date_gmt":"2025-07-31T10:00:57","guid":{"rendered":"https:\/\/jerznerhof.at\/evenements\/pitz-alpine-glacier-trail-2025\/"},"modified":"2026-04-01T14:17:30","modified_gmt":"2026-04-01T14:17:30","slug":"pitz-alpine-glacier-trail-2025","status":"publish","type":"page","link":"https:\/\/jerznerhof.at\/fr\/evenements\/pitz-alpine-glacier-trail-2025\/","title":{"rendered":"Pitz Alpine Glacier Trail 2026"},"content":{"rendered":"\t\t<div data-elementor-type=\"wp-page\" data-elementor-id=\"8947\" class=\"elementor elementor-8947 elementor-8885\" data-elementor-post-type=\"page\">\n\t\t\t\t<div class=\"elementor-element elementor-element-4aeb87c e-flex e-con-boxed e-con e-parent\" data-id=\"4aeb87c\" data-element_type=\"container\" data-e-type=\"container\">\n\t\t\t\t\t<div class=\"e-con-inner\">\n\t\t<div class=\"elementor-element elementor-element-4754c3b e-con-full e-flex e-con e-child\" data-id=\"4754c3b\" data-element_type=\"container\" data-e-type=\"container\">\n\t\t\t\t<div class=\"elementor-element elementor-element-1a0122a elementor-widget elementor-widget-heading\" data-id=\"1a0122a\" data-element_type=\"widget\" data-e-type=\"widget\" data-widget_type=\"heading.default\">\n\t\t\t\t\t<h1 class=\"elementor-heading-title elementor-size-default\">Pitz Alpine Glacier Trail 2026<\/h1>\t\t\t\t<\/div>\n\t\t\t\t<div class=\"elementor-element elementor-element-f2443c8 elementor-widget elementor-widget-heading\" data-id=\"f2443c8\" data-element_type=\"widget\" data-e-type=\"widget\" data-widget_type=\"heading.default\">\n\t\t\t\t\t<h2 class=\"elementor-heading-title elementor-size-default\">Le trail running sur le toit du Tyrol<\/h2>\t\t\t\t<\/div>\n\t\t\t\t<div class=\"elementor-element elementor-element-1965aa5 elementor-widget elementor-widget-heading\" data-id=\"1965aa5\" data-element_type=\"widget\" data-e-type=\"widget\" data-widget_type=\"heading.default\">\n\t\t\t\t\t<h2 class=\"elementor-heading-title elementor-size-default\">31 juillet \u2013 2 ao\u00fbt 2026 | Mandarfen, Pitztal<\/h2>\t\t\t\t<\/div>\n\t\t\t\t<\/div>\n\t\t\t\t<div class=\"elementor-element elementor-element-81ce404 link-beige elementor-widget elementor-widget-text-editor\" data-id=\"81ce404\" data-element_type=\"widget\" data-e-type=\"widget\" data-widget_type=\"text-editor.default\">\n\t\t\t\t\t\t\t\t\t<div class=\"flex flex-col text-sm pb-25\">\n<section class=\"text-token-text-primary w-full focus:outline-none [--shadow-height:45px] has-data-writing-block:pointer-events-none has-data-writing-block:-mt-(--shadow-height) has-data-writing-block:pt-(--shadow-height) [&amp;:has([data-writing-block])&gt;*]:pointer-events-auto scroll-mt-[calc(var(--header-height)+min(200px,max(70px,20svh)))]\" dir=\"auto\" data-turn-id=\"request-WEB:a89d5239-901a-4a4a-8237-77212ce6d9ee-23\" data-testid=\"conversation-turn-48\" data-scroll-anchor=\"true\" data-turn=\"assistant\">\n<div class=\"text-base my-auto mx-auto pb-10 [--thread-content-margin:var(--thread-content-margin-xs,calc(var(--spacing)*4))] @w-sm\/main:[--thread-content-margin:var(--thread-content-margin-sm,calc(var(--spacing)*6))] @w-lg\/main:[--thread-content-margin:var(--thread-content-margin-lg,calc(var(--spacing)*16))] px-(--thread-content-margin)\">\n<div class=\"[--thread-content-max-width:40rem] @w-lg\/main:[--thread-content-max-width:48rem] mx-auto max-w-(--thread-content-max-width) flex-1 group\/turn-messages focus-visible:outline-hidden relative flex w-full min-w-0 flex-col agent-turn\">\n<div class=\"flex max-w-full flex-col gap-4 grow\">\n<div class=\"min-h-8 text-message relative flex w-full flex-col items-end gap-2 text-start break-words whitespace-normal outline-none keyboard-focused:focus-ring [.text-message+&amp;]:mt-1\" dir=\"auto\" tabindex=\"0\" data-message-author-role=\"assistant\" data-message-id=\"de4d78ef-520b-4e47-9609-c68d59afd2ca\" data-message-model-slug=\"gpt-5-mini\" data-turn-start-message=\"true\">\n<div class=\"flex w-full flex-col gap-1 empty:hidden\">\n<div class=\"markdown prose dark:prose-invert w-full wrap-break-word dark markdown-new-styling\">\n<p data-start=\"0\" data-end=\"331\" data-is-last-node=\"\" data-is-only-node=\"\">Vivez la 14\u1d49 \u00e9dition du <strong data-start=\"24\" data-end=\"61\">Salomon Pitz Alpine Glacier Trail<\/strong> \u2013 un \u00e9v\u00e9nement de trail running d\u2019exception au c\u0153ur des impressionnantes Alpes tyroliennes. Pour la premi\u00e8re fois, le Pitztal accueille la prestigieuse <strong data-start=\"214\" data-end=\"243\">Golden Trail World Series<\/strong>, faisant de ce week-end un moment fort tant pour les coureurs que pour les spectateurs.<\/p>\n<\/div>\n<p><\/div>\n<p><\/div>\n<p><\/div>\n<p><\/div>\n<p><\/div>\n<p><\/section>\n<\/div>\n\t\t\t\t\t\t\t\t<\/div>\n\t\t<div class=\"elementor-element elementor-element-ebb44d5 e-con-full e-flex e-con e-child\" data-id=\"ebb44d5\" data-element_type=\"container\" data-e-type=\"container\">\n\t\t\t\t<div class=\"elementor-element elementor-element-2fc6854 elementor-widget elementor-widget-heading\" data-id=\"2fc6854\" data-element_type=\"widget\" data-e-type=\"widget\" data-widget_type=\"heading.default\">\n\t\t\t\t\t<h2 class=\"elementor-heading-title elementor-size-default\">Une diversit\u00e9 de parcours pour tous les niveaux<\/h2>\t\t\t\t<\/div>\n\t\t\t\t<div class=\"elementor-element elementor-element-8d339e0 link-beige elementor-widget elementor-widget-text-editor\" data-id=\"8d339e0\" data-element_type=\"widget\" data-e-type=\"widget\" data-widget_type=\"text-editor.default\">\n\t\t\t\t\t\t\t\t\t<p>Que vous soyez un coureur ultra ambitieux ou un d\u00e9butant en trail running, vous avez le choix entre sept distances vari\u00e9es :<\/p>\n\t\t\t\t\t\t\t\t<\/div>\n\t\t\t\t<div class=\"elementor-element elementor-element-caaf70f link-beige elementor-widget elementor-widget-text-editor\" data-id=\"caaf70f\" data-element_type=\"widget\" data-e-type=\"widget\" data-widget_type=\"text-editor.default\">\n\t\t\t\t\t\t\t\t\t<ul>\n<li><strong>P105 &#8211; Salomon Ultra:<\/strong> 103 km | 6.000 hm<\/li>\n<li><strong>P90 &#8211; Pitztaler Gletscher Ultra:<\/strong> 87 km | 5.200 hm<\/li>\n<li><strong>P60 &#8211; Trail Experience:<\/strong> 63 km | 4.300 hm<\/li>\n<li><strong>P45 &#8211; Glacier Trail:<\/strong> 45 km | 2.900 hm<\/li>\n<li><strong>P45 &#8211; Rifflsee Trail:<\/strong> 43 km | 2.100 hm<\/li>\n<li><strong>P30 &#8211; Taschachferner Trail:<\/strong> 27 km | 1.300 hm<\/li>\n<li><strong>P15 &#8211; Zirbensteig Trail:<\/strong> 16 km | 800 hm<\/li>\n<li><strong>P-YTR &#8211; Young Talents Race:<\/strong> 8 km | 640 hm<\/li>\n<\/ul>\n\t\t\t\t\t\t\t\t<\/div>\n\t\t\t\t<\/div>\n\t\t<div class=\"elementor-element elementor-element-ccbe9a3 e-con-full e-flex e-con e-child\" data-id=\"ccbe9a3\" data-element_type=\"container\" data-e-type=\"container\">\n\t\t\t\t<div class=\"elementor-element elementor-element-08d8f15 elementor-widget elementor-widget-heading\" data-id=\"08d8f15\" data-element_type=\"widget\" data-e-type=\"widget\" data-widget_type=\"heading.default\">\n\t\t\t\t\t<h2 class=\"elementor-heading-title elementor-size-default\">Notre conseil du Jerzner Hof<\/h2>\t\t\t\t<\/div>\n\t\t\t\t<div class=\"elementor-element elementor-element-cb4ee5c link-beige elementor-widget elementor-widget-text-editor\" data-id=\"cb4ee5c\" data-element_type=\"widget\" data-e-type=\"widget\" data-widget_type=\"text-editor.default\">\n\t\t\t\t\t\t\t\t\t<p>Combinez votre aventure de trail running avec un s\u00e9jour reposant chez nous au Jerzner Hof. Apr\u00e8s la course, d\u00e9tendez-vous dans notre espace bien-\u00eatre, savourez les d\u00e9lices culinaires et faites le plein d&rsquo;\u00e9nergie au c\u0153ur des montagnes tyroliennes.<\/p>\n\t\t\t\t\t\t\t\t<\/div>\n\t\t\t\t<\/div>\n\t\t\t\t<div class=\"elementor-element elementor-element-e909fae btn-blue-beige elementor-widget elementor-widget-button\" data-id=\"e909fae\" data-element_type=\"widget\" data-e-type=\"widget\" data-widget_type=\"button.default\">\n\t\t\t\t\t\t\t\t\t\t<a class=\"elementor-button elementor-button-link elementor-size-sm\" href=\"https:\/\/www.pitztal.com\/de\/salomon-pitz-alpine-glacier-trail.html\" target=\"_blank\">\n\t\t\t\t\t\t<span class=\"elementor-button-content-wrapper\">\n\t\t\t\t\t\t\t\t\t<span class=\"elementor-button-text\">Vers l'\u00e9v\u00e9nement<\/span>\n\t\t\t\t\t<\/span>\n\t\t\t\t\t<\/a>\n\t\t\t\t\t\t\t\t<\/div>\n\t\t<div class=\"elementor-element elementor-element-dbd702f e-flex e-con-boxed e-con e-child\" data-id=\"dbd702f\" data-element_type=\"container\" data-e-type=\"container\">\n\t\t\t\t\t<div class=\"e-con-inner\">\n\t\t\t\t<div class=\"elementor-element elementor-element-ebbef2e elementor-widget elementor-widget-image\" data-id=\"ebbef2e\" data-element_type=\"widget\" data-e-type=\"widget\" data-widget_type=\"image.default\">\n\t\t\t\t\t\t\t\t\t\t\t\t\t\t\t<img fetchpriority=\"high\" decoding=\"async\" width=\"1500\" height=\"1000\" src=\"https:\/\/jerznerhof.at\/wp-content\/uploads\/2025\/05\/Pitz-Alpine-Glacier-Trail-Pitz-Alpine-Glacier-Trail_TVB-Pitztal_Sportograf.com_Sankt-Leonhard-im-Pitztal.webp\" class=\"attachment-full size-full wp-image-8889\" alt=\"\" srcset=\"https:\/\/jerznerhof.at\/wp-content\/uploads\/2025\/05\/Pitz-Alpine-Glacier-Trail-Pitz-Alpine-Glacier-Trail_TVB-Pitztal_Sportograf.com_Sankt-Leonhard-im-Pitztal.webp 1500w, https:\/\/jerznerhof.at\/wp-content\/uploads\/2025\/05\/Pitz-Alpine-Glacier-Trail-Pitz-Alpine-Glacier-Trail_TVB-Pitztal_Sportograf.com_Sankt-Leonhard-im-Pitztal-300x200.webp 300w, https:\/\/jerznerhof.at\/wp-content\/uploads\/2025\/05\/Pitz-Alpine-Glacier-Trail-Pitz-Alpine-Glacier-Trail_TVB-Pitztal_Sportograf.com_Sankt-Leonhard-im-Pitztal-1024x683.webp 1024w, https:\/\/jerznerhof.at\/wp-content\/uploads\/2025\/05\/Pitz-Alpine-Glacier-Trail-Pitz-Alpine-Glacier-Trail_TVB-Pitztal_Sportograf.com_Sankt-Leonhard-im-Pitztal-768x512.webp 768w\" sizes=\"(max-width: 1500px) 100vw, 1500px\" \/>\t\t\t\t\t\t\t\t\t\t\t\t\t\t\t<\/div>\n\t\t\t\t\t<\/div>\n\t\t\t\t<\/div>\n\t\t\t\t\t<\/div>\n\t\t\t\t<\/div>\n\t\t\t\t<\/div>\n\t\t","protected":false},"excerpt":{"rendered":"<p>Pitz Alpine Glacier Trail 2026 Le trail running sur le toit du Tyrol 31 juillet \u2013 2 ao\u00fbt 2026 | Mandarfen, Pitztal Vivez la 14\u1d49 \u00e9dition du Salomon Pitz Alpine Glacier Trail \u2013 un \u00e9v\u00e9nement de trail running d\u2019exception au c\u0153ur des impressionnantes Alpes tyroliennes. Pour la premi\u00e8re fois, le Pitztal accueille la prestigieuse Golden [&hellip;]<\/p>\n","protected":false},"author":1,"featured_media":0,"parent":8192,"menu_order":3,"comment_status":"closed","ping_status":"closed","template":"","meta":{"_acf_changed":false,"footnotes":""},"class_list":["post-8947","page","type-page","status-publish","hentry"],"acf":[],"yoast_head":"<!-- This site is optimized with the Yoast SEO plugin v27.4 - https:\/\/yoast.com\/product\/yoast-seo-wordpress\/ -->\n<title>Pitz Alpine Glacier Trail 2026 - Jerzner Hof****s<\/title>\n<meta name=\"description\" content=\"Un \u00e9v\u00e9nement de trail running de premi\u00e8re classe. La vall\u00e9e de Pitztal accueille les prestigieuses Golden Trail World Series.\" \/>\n<meta name=\"robots\" content=\"index, follow, max-snippet:-1, max-image-preview:large, max-video-preview:-1\" \/>\n<link rel=\"canonical\" href=\"https:\/\/jerznerhof.at\/fr\/evenements\/pitz-alpine-glacier-trail-2025\/\" \/>\n<meta property=\"og:locale\" content=\"fr_FR\" \/>\n<meta property=\"og:type\" content=\"article\" \/>\n<meta property=\"og:title\" content=\"Pitz Alpine Glacier Trail 2026 - Jerzner Hof****s\" \/>\n<meta property=\"og:description\" content=\"Un \u00e9v\u00e9nement de trail running de premi\u00e8re classe. La vall\u00e9e de Pitztal accueille les prestigieuses Golden Trail World Series.\" \/>\n<meta property=\"og:url\" content=\"https:\/\/jerznerhof.at\/fr\/evenements\/pitz-alpine-glacier-trail-2025\/\" \/>\n<meta property=\"og:site_name\" content=\"Jerzner Hof****s\" \/>\n<meta property=\"article:modified_time\" content=\"2026-04-01T14:17:30+00:00\" \/>\n<meta property=\"og:image\" content=\"https:\/\/jerznerhof.at\/wp-content\/uploads\/2025\/05\/Pitz-Alpine-Glacier-Trail-Pitz-Alpine-Glacier-Trail_TVB-Pitztal_Sportograf.com_Sankt-Leonhard-im-Pitztal.webp\" \/>\n\t<meta property=\"og:image:width\" content=\"1500\" \/>\n\t<meta property=\"og:image:height\" content=\"1000\" \/>\n\t<meta property=\"og:image:type\" content=\"image\/webp\" \/>\n<meta name=\"twitter:card\" content=\"summary_large_image\" \/>\n<meta name=\"twitter:label1\" content=\"Dur\u00e9e de lecture estim\u00e9e\" \/>\n\t<meta name=\"twitter:data1\" content=\"1 minute\" \/>\n<script type=\"application\/ld+json\" class=\"yoast-schema-graph\">{\"@context\":\"https:\\\/\\\/schema.org\",\"@graph\":[{\"@type\":\"WebPage\",\"@id\":\"https:\\\/\\\/jerznerhof.at\\\/fr\\\/evenements\\\/pitz-alpine-glacier-trail-2025\\\/\",\"url\":\"https:\\\/\\\/jerznerhof.at\\\/fr\\\/evenements\\\/pitz-alpine-glacier-trail-2025\\\/\",\"name\":\"Pitz Alpine Glacier Trail 2026 - Jerzner Hof****s\",\"isPartOf\":{\"@id\":\"https:\\\/\\\/jerznerhof.at\\\/fr\\\/#website\"},\"primaryImageOfPage\":{\"@id\":\"https:\\\/\\\/jerznerhof.at\\\/fr\\\/evenements\\\/pitz-alpine-glacier-trail-2025\\\/#primaryimage\"},\"image\":{\"@id\":\"https:\\\/\\\/jerznerhof.at\\\/fr\\\/evenements\\\/pitz-alpine-glacier-trail-2025\\\/#primaryimage\"},\"thumbnailUrl\":\"https:\\\/\\\/jerznerhof.at\\\/wp-content\\\/uploads\\\/2025\\\/05\\\/Pitz-Alpine-Glacier-Trail-Pitz-Alpine-Glacier-Trail_TVB-Pitztal_Sportograf.com_Sankt-Leonhard-im-Pitztal.webp\",\"datePublished\":\"2025-07-31T10:00:57+00:00\",\"dateModified\":\"2026-04-01T14:17:30+00:00\",\"description\":\"Un \u00e9v\u00e9nement de trail running de premi\u00e8re classe. La vall\u00e9e de Pitztal accueille les prestigieuses Golden Trail World Series.\",\"breadcrumb\":{\"@id\":\"https:\\\/\\\/jerznerhof.at\\\/fr\\\/evenements\\\/pitz-alpine-glacier-trail-2025\\\/#breadcrumb\"},\"inLanguage\":\"fr-FR\",\"potentialAction\":[{\"@type\":\"ReadAction\",\"target\":[\"https:\\\/\\\/jerznerhof.at\\\/fr\\\/evenements\\\/pitz-alpine-glacier-trail-2025\\\/\"]}]},{\"@type\":\"ImageObject\",\"inLanguage\":\"fr-FR\",\"@id\":\"https:\\\/\\\/jerznerhof.at\\\/fr\\\/evenements\\\/pitz-alpine-glacier-trail-2025\\\/#primaryimage\",\"url\":\"https:\\\/\\\/jerznerhof.at\\\/wp-content\\\/uploads\\\/2025\\\/05\\\/Pitz-Alpine-Glacier-Trail-Pitz-Alpine-Glacier-Trail_TVB-Pitztal_Sportograf.com_Sankt-Leonhard-im-Pitztal.webp\",\"contentUrl\":\"https:\\\/\\\/jerznerhof.at\\\/wp-content\\\/uploads\\\/2025\\\/05\\\/Pitz-Alpine-Glacier-Trail-Pitz-Alpine-Glacier-Trail_TVB-Pitztal_Sportograf.com_Sankt-Leonhard-im-Pitztal.webp\"},{\"@type\":\"BreadcrumbList\",\"@id\":\"https:\\\/\\\/jerznerhof.at\\\/fr\\\/evenements\\\/pitz-alpine-glacier-trail-2025\\\/#breadcrumb\",\"itemListElement\":[{\"@type\":\"ListItem\",\"position\":1,\"name\":\"Startseite\",\"item\":\"https:\\\/\\\/jerznerhof.at\\\/fr\\\/\"},{\"@type\":\"ListItem\",\"position\":2,\"name\":\"\u00c9v\u00e9nements\",\"item\":\"https:\\\/\\\/jerznerhof.at\\\/fr\\\/events\\\/\"},{\"@type\":\"ListItem\",\"position\":3,\"name\":\"Pitz Alpine Glacier Trail 2026\"}]},{\"@type\":\"WebSite\",\"@id\":\"https:\\\/\\\/jerznerhof.at\\\/fr\\\/#website\",\"url\":\"https:\\\/\\\/jerznerhof.at\\\/fr\\\/\",\"name\":\"Jerzner Hof****s\",\"description\":\"Wellnesshotel im Pitztal\",\"publisher\":{\"@id\":\"https:\\\/\\\/jerznerhof.at\\\/fr\\\/#organization\"},\"potentialAction\":[{\"@type\":\"SearchAction\",\"target\":{\"@type\":\"EntryPoint\",\"urlTemplate\":\"https:\\\/\\\/jerznerhof.at\\\/fr\\\/?s={search_term_string}\"},\"query-input\":{\"@type\":\"PropertyValueSpecification\",\"valueRequired\":true,\"valueName\":\"search_term_string\"}}],\"inLanguage\":\"fr-FR\"},{\"@type\":\"Organization\",\"@id\":\"https:\\\/\\\/jerznerhof.at\\\/fr\\\/#organization\",\"name\":\"Jerzner Hof****s\",\"url\":\"https:\\\/\\\/jerznerhof.at\\\/fr\\\/\",\"logo\":{\"@type\":\"ImageObject\",\"inLanguage\":\"fr-FR\",\"@id\":\"https:\\\/\\\/jerznerhof.at\\\/fr\\\/#\\\/schema\\\/logo\\\/image\\\/\",\"url\":\"https:\\\/\\\/jerznerhof.at\\\/wp-content\\\/uploads\\\/2024\\\/10\\\/2024_Logo_Jerzner-Hof_Logo-mit-Sterne-Superior_hell.svg\",\"contentUrl\":\"https:\\\/\\\/jerznerhof.at\\\/wp-content\\\/uploads\\\/2024\\\/10\\\/2024_Logo_Jerzner-Hof_Logo-mit-Sterne-Superior_hell.svg\",\"width\":300,\"height\":225,\"caption\":\"Jerzner Hof****s\"},\"image\":{\"@id\":\"https:\\\/\\\/jerznerhof.at\\\/fr\\\/#\\\/schema\\\/logo\\\/image\\\/\"}}]}<\/script>\n<!-- \/ Yoast SEO plugin. -->","yoast_head_json":{"title":"Pitz Alpine Glacier Trail 2026 - Jerzner Hof****s","description":"Un \u00e9v\u00e9nement de trail running de premi\u00e8re classe. La vall\u00e9e de Pitztal accueille les prestigieuses Golden Trail World Series.","robots":{"index":"index","follow":"follow","max-snippet":"max-snippet:-1","max-image-preview":"max-image-preview:large","max-video-preview":"max-video-preview:-1"},"canonical":"https:\/\/jerznerhof.at\/fr\/evenements\/pitz-alpine-glacier-trail-2025\/","og_locale":"fr_FR","og_type":"article","og_title":"Pitz Alpine Glacier Trail 2026 - Jerzner Hof****s","og_description":"Un \u00e9v\u00e9nement de trail running de premi\u00e8re classe. La vall\u00e9e de Pitztal accueille les prestigieuses Golden Trail World Series.","og_url":"https:\/\/jerznerhof.at\/fr\/evenements\/pitz-alpine-glacier-trail-2025\/","og_site_name":"Jerzner Hof****s","article_modified_time":"2026-04-01T14:17:30+00:00","og_image":[{"width":1500,"height":1000,"url":"https:\/\/jerznerhof.at\/wp-content\/uploads\/2025\/05\/Pitz-Alpine-Glacier-Trail-Pitz-Alpine-Glacier-Trail_TVB-Pitztal_Sportograf.com_Sankt-Leonhard-im-Pitztal.webp","type":"image\/webp"}],"twitter_card":"summary_large_image","twitter_misc":{"Dur\u00e9e de lecture estim\u00e9e":"1 minute"},"schema":{"@context":"https:\/\/schema.org","@graph":[{"@type":"WebPage","@id":"https:\/\/jerznerhof.at\/fr\/evenements\/pitz-alpine-glacier-trail-2025\/","url":"https:\/\/jerznerhof.at\/fr\/evenements\/pitz-alpine-glacier-trail-2025\/","name":"Pitz Alpine Glacier Trail 2026 - Jerzner Hof****s","isPartOf":{"@id":"https:\/\/jerznerhof.at\/fr\/#website"},"primaryImageOfPage":{"@id":"https:\/\/jerznerhof.at\/fr\/evenements\/pitz-alpine-glacier-trail-2025\/#primaryimage"},"image":{"@id":"https:\/\/jerznerhof.at\/fr\/evenements\/pitz-alpine-glacier-trail-2025\/#primaryimage"},"thumbnailUrl":"https:\/\/jerznerhof.at\/wp-content\/uploads\/2025\/05\/Pitz-Alpine-Glacier-Trail-Pitz-Alpine-Glacier-Trail_TVB-Pitztal_Sportograf.com_Sankt-Leonhard-im-Pitztal.webp","datePublished":"2025-07-31T10:00:57+00:00","dateModified":"2026-04-01T14:17:30+00:00","description":"Un \u00e9v\u00e9nement de trail running de premi\u00e8re classe. La vall\u00e9e de Pitztal accueille les prestigieuses Golden Trail World Series.","breadcrumb":{"@id":"https:\/\/jerznerhof.at\/fr\/evenements\/pitz-alpine-glacier-trail-2025\/#breadcrumb"},"inLanguage":"fr-FR","potentialAction":[{"@type":"ReadAction","target":["https:\/\/jerznerhof.at\/fr\/evenements\/pitz-alpine-glacier-trail-2025\/"]}]},{"@type":"ImageObject","inLanguage":"fr-FR","@id":"https:\/\/jerznerhof.at\/fr\/evenements\/pitz-alpine-glacier-trail-2025\/#primaryimage","url":"https:\/\/jerznerhof.at\/wp-content\/uploads\/2025\/05\/Pitz-Alpine-Glacier-Trail-Pitz-Alpine-Glacier-Trail_TVB-Pitztal_Sportograf.com_Sankt-Leonhard-im-Pitztal.webp","contentUrl":"https:\/\/jerznerhof.at\/wp-content\/uploads\/2025\/05\/Pitz-Alpine-Glacier-Trail-Pitz-Alpine-Glacier-Trail_TVB-Pitztal_Sportograf.com_Sankt-Leonhard-im-Pitztal.webp"},{"@type":"BreadcrumbList","@id":"https:\/\/jerznerhof.at\/fr\/evenements\/pitz-alpine-glacier-trail-2025\/#breadcrumb","itemListElement":[{"@type":"ListItem","position":1,"name":"Startseite","item":"https:\/\/jerznerhof.at\/fr\/"},{"@type":"ListItem","position":2,"name":"\u00c9v\u00e9nements","item":"https:\/\/jerznerhof.at\/fr\/events\/"},{"@type":"ListItem","position":3,"name":"Pitz Alpine Glacier Trail 2026"}]},{"@type":"WebSite","@id":"https:\/\/jerznerhof.at\/fr\/#website","url":"https:\/\/jerznerhof.at\/fr\/","name":"Jerzner Hof****s","description":"Wellnesshotel im Pitztal","publisher":{"@id":"https:\/\/jerznerhof.at\/fr\/#organization"},"potentialAction":[{"@type":"SearchAction","target":{"@type":"EntryPoint","urlTemplate":"https:\/\/jerznerhof.at\/fr\/?s={search_term_string}"},"query-input":{"@type":"PropertyValueSpecification","valueRequired":true,"valueName":"search_term_string"}}],"inLanguage":"fr-FR"},{"@type":"Organization","@id":"https:\/\/jerznerhof.at\/fr\/#organization","name":"Jerzner Hof****s","url":"https:\/\/jerznerhof.at\/fr\/","logo":{"@type":"ImageObject","inLanguage":"fr-FR","@id":"https:\/\/jerznerhof.at\/fr\/#\/schema\/logo\/image\/","url":"https:\/\/jerznerhof.at\/wp-content\/uploads\/2024\/10\/2024_Logo_Jerzner-Hof_Logo-mit-Sterne-Superior_hell.svg","contentUrl":"https:\/\/jerznerhof.at\/wp-content\/uploads\/2024\/10\/2024_Logo_Jerzner-Hof_Logo-mit-Sterne-Superior_hell.svg","width":300,"height":225,"caption":"Jerzner Hof****s"},"image":{"@id":"https:\/\/jerznerhof.at\/fr\/#\/schema\/logo\/image\/"}}]}},"_links":{"self":[{"href":"https:\/\/jerznerhof.at\/fr\/wp-json\/wp\/v2\/pages\/8947","targetHints":{"allow":["GET"]}}],"collection":[{"href":"https:\/\/jerznerhof.at\/fr\/wp-json\/wp\/v2\/pages"}],"about":[{"href":"https:\/\/jerznerhof.at\/fr\/wp-json\/wp\/v2\/types\/page"}],"author":[{"embeddable":true,"href":"https:\/\/jerznerhof.at\/fr\/wp-json\/wp\/v2\/users\/1"}],"replies":[{"embeddable":true,"href":"https:\/\/jerznerhof.at\/fr\/wp-json\/wp\/v2\/comments?post=8947"}],"version-history":[{"count":5,"href":"https:\/\/jerznerhof.at\/fr\/wp-json\/wp\/v2\/pages\/8947\/revisions"}],"predecessor-version":[{"id":10748,"href":"https:\/\/jerznerhof.at\/fr\/wp-json\/wp\/v2\/pages\/8947\/revisions\/10748"}],"up":[{"embeddable":true,"href":"https:\/\/jerznerhof.at\/fr\/wp-json\/wp\/v2\/pages\/8192"}],"wp:attachment":[{"href":"https:\/\/jerznerhof.at\/fr\/wp-json\/wp\/v2\/media?parent=8947"}],"curies":[{"name":"wp","href":"https:\/\/api.w.org\/{rel}","templated":true}]}}