{"id":8347,"date":"2024-09-30T12:59:11","date_gmt":"2024-09-30T12:59:11","guid":{"rendered":"https:\/\/jerznerhof.at\/jerzner-hof\/"},"modified":"2025-06-16T12:59:59","modified_gmt":"2025-06-16T12:59:59","slug":"jerzner-hof","status":"publish","type":"page","link":"https:\/\/jerznerhof.at\/fr\/jerzner-hof\/","title":{"rendered":"Jerzner Hof"},"content":{"rendered":"\t\t<div data-elementor-type=\"wp-page\" data-elementor-id=\"8347\" class=\"elementor elementor-8347 elementor-9\" data-elementor-post-type=\"page\">\n\t\t\t\t<div class=\"elementor-element elementor-element-992be52 e-con-full e-flex e-con e-parent\" data-id=\"992be52\" data-element_type=\"container\" data-e-type=\"container\">\n\t\t\t\t<div class=\"elementor-element elementor-element-b54d1ec elementor-widget elementor-widget-menu-anchor\" data-id=\"b54d1ec\" data-element_type=\"widget\" data-e-type=\"widget\" data-widget_type=\"menu-anchor.default\">\n\t\t\t\t\t\t\t<div class=\"elementor-menu-anchor\" id=\"qui-sommes-nous\"><\/div>\n\t\t\t\t\t\t<\/div>\n\t\t\t\t<\/div>\n\t\t<div class=\"elementor-element elementor-element-e30f60b e-flex e-con-boxed e-con e-parent\" data-id=\"e30f60b\" data-element_type=\"container\" data-e-type=\"container\" data-settings=\"{&quot;motion_fx_motion_fx_scrolling&quot;:&quot;yes&quot;,&quot;motion_fx_opacity_effect&quot;:&quot;yes&quot;,&quot;motion_fx_opacity_direction&quot;:&quot;in-out&quot;,&quot;motion_fx_opacity_level&quot;:{&quot;unit&quot;:&quot;px&quot;,&quot;size&quot;:7,&quot;sizes&quot;:[]},&quot;motion_fx_opacity_range&quot;:{&quot;unit&quot;:&quot;%&quot;,&quot;size&quot;:&quot;&quot;,&quot;sizes&quot;:{&quot;start&quot;:53,&quot;end&quot;:80}},&quot;motion_fx_devices&quot;:[&quot;desktop&quot;,&quot;laptop&quot;,&quot;tablet_extra&quot;,&quot;tablet&quot;,&quot;mobile_extra&quot;,&quot;mobile&quot;]}\">\n\t\t\t\t\t<div class=\"e-con-inner\">\n\t\t<div class=\"elementor-element elementor-element-f5a1cd1 e-con-full e-flex e-con e-child\" data-id=\"f5a1cd1\" data-element_type=\"container\" data-e-type=\"container\" data-settings=\"{&quot;motion_fx_motion_fx_scrolling&quot;:&quot;yes&quot;,&quot;motion_fx_translateY_effect&quot;:&quot;yes&quot;,&quot;motion_fx_translateY_speed&quot;:{&quot;unit&quot;:&quot;px&quot;,&quot;size&quot;:1,&quot;sizes&quot;:[]},&quot;motion_fx_translateY_affectedRange&quot;:{&quot;unit&quot;:&quot;%&quot;,&quot;size&quot;:&quot;&quot;,&quot;sizes&quot;:{&quot;start&quot;:31,&quot;end&quot;:74}},&quot;motion_fx_devices&quot;:[&quot;desktop&quot;,&quot;laptop&quot;,&quot;tablet_extra&quot;,&quot;tablet&quot;,&quot;mobile_extra&quot;,&quot;mobile&quot;]}\">\n\t\t\t\t<div class=\"elementor-element elementor-element-e4bd0a8 animated-slow elementor-invisible elementor-widget elementor-widget-heading\" data-id=\"e4bd0a8\" data-element_type=\"widget\" data-e-type=\"widget\" data-settings=\"{&quot;_animation&quot;:&quot;fadeInUp&quot;}\" data-widget_type=\"heading.default\">\n\t\t\t\t\t<h2 class=\"elementor-heading-title elementor-size-default\">Qui sommes-nous\u00a0? <\/h2>\t\t\t\t<\/div>\n\t\t\t\t<div class=\"elementor-element elementor-element-f53b64f animated-slow elementor-invisible elementor-widget elementor-widget-heading\" data-id=\"f53b64f\" data-element_type=\"widget\" data-e-type=\"widget\" data-settings=\"{&quot;_animation&quot;:&quot;fadeInUp&quot;}\" data-widget_type=\"heading.default\">\n\t\t\t\t\t<h1 class=\"elementor-heading-title elementor-size-default\">H\u00f4teliers passionn\u00e9s<\/h1>\t\t\t\t<\/div>\n\t\t\t\t<\/div>\n\t\t\t\t<div class=\"elementor-element elementor-element-ebf2619 animated-slow elementor-invisible elementor-widget elementor-widget-text-editor\" data-id=\"ebf2619\" data-element_type=\"widget\" data-e-type=\"widget\" data-settings=\"{&quot;motion_fx_motion_fx_scrolling&quot;:&quot;yes&quot;,&quot;motion_fx_translateY_effect&quot;:&quot;yes&quot;,&quot;motion_fx_translateY_speed&quot;:{&quot;unit&quot;:&quot;px&quot;,&quot;size&quot;:1,&quot;sizes&quot;:[]},&quot;motion_fx_translateY_affectedRange&quot;:{&quot;unit&quot;:&quot;%&quot;,&quot;size&quot;:&quot;&quot;,&quot;sizes&quot;:{&quot;start&quot;:31,&quot;end&quot;:68}},&quot;_animation&quot;:&quot;fadeInUp&quot;,&quot;motion_fx_devices&quot;:[&quot;desktop&quot;,&quot;laptop&quot;,&quot;tablet_extra&quot;,&quot;tablet&quot;,&quot;mobile_extra&quot;,&quot;mobile&quot;]}\" data-widget_type=\"text-editor.default\">\n\t\t\t\t\t\t\t\t\t<p>On se pr\u00e9sente\u00a0: famille Eiter, surnomm\u00e9e \u00e9galement \u00ab\u00a0Hansmuch\u00a0\u00bb dans le Pitztal, d\u2019apr\u00e8s le nom de notre maison. Nous sommes heureux de vous accueillir dans notre h\u00f4tel Jerzner Hof dans la magnifique contr\u00e9e du Pitztal. Et quand nous disons \u00ab\u00a0nous\u00a0\u00bb, nous ne parlons pas seulement de notre famille, mais de toute notre \u00e9quipe, compos\u00e9e de plus de 30\u00a0formidables collaboratrices et collaborateurs. L\u2019h\u00f4tellerie n\u2019est pas seulement notre m\u00e9tier, c\u2019est notre plus grande passion. Notre raison d\u2019\u00eatre, jour apr\u00e8s jour, c\u2019est de r\u00e9aliser tous vos v\u0153ux, grand et petits.<\/p>\n<p>Chacun de nous a, bien s\u00fbr, ses propres centres d\u2019int\u00e9r\u00eat&#8230; que vous verrez se refl\u00e9ter \u00e0 diff\u00e9rents niveaux dans notre \u00e9tablissement. Certains talents sautent aux yeux, d\u2019autres demandent un \u0153il attentif et davantage de patience.<\/p>\n<p>Le mieux, c\u2019est de venir d\u00e9couvrir tout cela par vous-m\u00eames, en vous accordant des vacances bien-\u00eatre dans notre h\u00f4tel 4\u00a0\u00e9toiles sup\u00e9rieur Jerzner Hof.<\/p>\n\t\t\t\t\t\t\t\t<\/div>\n\t\t<div class=\"elementor-element elementor-element-1579dae e-flex e-con-boxed e-con e-child\" data-id=\"1579dae\" data-element_type=\"container\" data-e-type=\"container\">\n\t\t\t\t\t<div class=\"e-con-inner\">\n\t\t\t\t<div class=\"elementor-element elementor-element-5d61156 animated-slow elementor-invisible elementor-widget elementor-widget-image\" data-id=\"5d61156\" data-element_type=\"widget\" data-e-type=\"widget\" data-settings=\"{&quot;motion_fx_motion_fx_scrolling&quot;:&quot;yes&quot;,&quot;motion_fx_translateY_effect&quot;:&quot;yes&quot;,&quot;motion_fx_translateY_speed&quot;:{&quot;unit&quot;:&quot;px&quot;,&quot;size&quot;:1,&quot;sizes&quot;:[]},&quot;motion_fx_translateY_affectedRange&quot;:{&quot;unit&quot;:&quot;%&quot;,&quot;size&quot;:&quot;&quot;,&quot;sizes&quot;:{&quot;start&quot;:24,&quot;end&quot;:71}},&quot;_animation&quot;:&quot;fadeInUp&quot;,&quot;motion_fx_devices&quot;:[&quot;desktop&quot;,&quot;laptop&quot;,&quot;tablet_extra&quot;,&quot;tablet&quot;,&quot;mobile_extra&quot;,&quot;mobile&quot;]}\" data-widget_type=\"image.default\">\n\t\t\t\t\t\t\t\t\t\t\t\t\t\t\t<img fetchpriority=\"high\" decoding=\"async\" width=\"2560\" height=\"1830\" src=\"https:\/\/jerznerhof.at\/wp-content\/uploads\/2024\/10\/Jerzner-Hof_Familie_2024_Gastgeber-4-scaled.webp\" class=\"attachment-full size-full wp-image-6188\" alt=\"\" srcset=\"https:\/\/jerznerhof.at\/wp-content\/uploads\/2024\/10\/Jerzner-Hof_Familie_2024_Gastgeber-4-scaled.webp 2560w, https:\/\/jerznerhof.at\/wp-content\/uploads\/2024\/10\/Jerzner-Hof_Familie_2024_Gastgeber-4-300x214.webp 300w, https:\/\/jerznerhof.at\/wp-content\/uploads\/2024\/10\/Jerzner-Hof_Familie_2024_Gastgeber-4-1024x732.webp 1024w, https:\/\/jerznerhof.at\/wp-content\/uploads\/2024\/10\/Jerzner-Hof_Familie_2024_Gastgeber-4-768x549.webp 768w, https:\/\/jerznerhof.at\/wp-content\/uploads\/2024\/10\/Jerzner-Hof_Familie_2024_Gastgeber-4-1536x1098.webp 1536w, https:\/\/jerznerhof.at\/wp-content\/uploads\/2024\/10\/Jerzner-Hof_Familie_2024_Gastgeber-4-2048x1464.webp 2048w\" sizes=\"(max-width: 2560px) 100vw, 2560px\" \/>\t\t\t\t\t\t\t\t\t\t\t\t\t\t\t<\/div>\n\t\t\t\t\t<\/div>\n\t\t\t\t<\/div>\n\t\t\t\t\t<\/div>\n\t\t\t\t<\/div>\n\t\t<div class=\"elementor-element elementor-element-69cf710 e-con-full e-flex e-con e-parent\" data-id=\"69cf710\" data-element_type=\"container\" data-e-type=\"container\">\n\t\t\t\t<div class=\"elementor-element elementor-element-5026db2 elementor-widget elementor-widget-menu-anchor\" data-id=\"5026db2\" data-element_type=\"widget\" data-e-type=\"widget\" data-widget_type=\"menu-anchor.default\">\n\t\t\t\t\t\t\t<div class=\"elementor-menu-anchor\" id=\"ce-qui-nous-tient-a-coeur\"><\/div>\n\t\t\t\t\t\t<\/div>\n\t\t<div class=\"elementor-element elementor-element-6707c5e3 e-flex e-con-boxed e-con e-child\" data-id=\"6707c5e3\" data-element_type=\"container\" data-e-type=\"container\" data-settings=\"{&quot;background_background&quot;:&quot;classic&quot;,&quot;motion_fx_motion_fx_scrolling&quot;:&quot;yes&quot;,&quot;motion_fx_opacity_direction&quot;:&quot;out-in-out&quot;,&quot;motion_fx_opacity_level&quot;:{&quot;unit&quot;:&quot;px&quot;,&quot;size&quot;:7,&quot;sizes&quot;:[]},&quot;motion_fx_opacity_range&quot;:{&quot;unit&quot;:&quot;%&quot;,&quot;size&quot;:&quot;&quot;,&quot;sizes&quot;:{&quot;start&quot;:39,&quot;end&quot;:66}},&quot;motion_fx_opacity_effect&quot;:&quot;yes&quot;,&quot;motion_fx_devices&quot;:[&quot;desktop&quot;,&quot;laptop&quot;,&quot;tablet_extra&quot;,&quot;tablet&quot;,&quot;mobile_extra&quot;,&quot;mobile&quot;]}\">\n\t\t\t\t\t<div class=\"e-con-inner\">\n\t\t<div class=\"elementor-element elementor-element-1b6a918a e-con-full animated-slow e-flex elementor-invisible e-con e-child\" data-id=\"1b6a918a\" data-element_type=\"container\" data-e-type=\"container\" data-settings=\"{&quot;motion_fx_motion_fx_scrolling&quot;:&quot;yes&quot;,&quot;motion_fx_opacity_effect&quot;:&quot;yes&quot;,&quot;motion_fx_opacity_direction&quot;:&quot;out-in-out&quot;,&quot;motion_fx_opacity_level&quot;:{&quot;unit&quot;:&quot;px&quot;,&quot;size&quot;:7,&quot;sizes&quot;:[]},&quot;motion_fx_opacity_range&quot;:{&quot;unit&quot;:&quot;%&quot;,&quot;size&quot;:&quot;&quot;,&quot;sizes&quot;:{&quot;start&quot;:37,&quot;end&quot;:67}},&quot;animation&quot;:&quot;fadeInUp&quot;,&quot;motion_fx_devices&quot;:[&quot;desktop&quot;,&quot;laptop&quot;,&quot;tablet_extra&quot;,&quot;tablet&quot;,&quot;mobile_extra&quot;,&quot;mobile&quot;]}\">\n\t\t<div class=\"elementor-element elementor-element-6c7fe3f6 e-con-full e-flex e-con e-child\" data-id=\"6c7fe3f6\" data-element_type=\"container\" data-e-type=\"container\">\n\t\t<div class=\"elementor-element elementor-element-9c16f04 e-con-full e-flex e-con e-child\" data-id=\"9c16f04\" data-element_type=\"container\" data-e-type=\"container\">\n\t\t\t\t<div class=\"elementor-element elementor-element-736f18e3 animated-slow elementor-invisible elementor-widget elementor-widget-heading\" data-id=\"736f18e3\" data-element_type=\"widget\" data-e-type=\"widget\" data-settings=\"{&quot;_animation&quot;:&quot;fadeInUp&quot;,&quot;_animation_mobile&quot;:&quot;none&quot;}\" data-widget_type=\"heading.default\">\n\t\t\t\t\t<h2 class=\"elementor-heading-title elementor-size-default\">Ce qui nous tient \u00e0 c\u0153ur <\/h2>\t\t\t\t<\/div>\n\t\t\t\t<div class=\"elementor-element elementor-element-465d120 animated-slow elementor-invisible elementor-widget elementor-widget-heading\" data-id=\"465d120\" data-element_type=\"widget\" data-e-type=\"widget\" data-settings=\"{&quot;_animation&quot;:&quot;fadeInUp&quot;,&quot;_animation_mobile&quot;:&quot;none&quot;}\" data-widget_type=\"heading.default\">\n\t\t\t\t\t<h3 class=\"elementor-heading-title elementor-size-default\">profond\u00e9ment<\/h3>\t\t\t\t<\/div>\n\t\t\t\t<\/div>\n\t\t\t\t<div class=\"elementor-element elementor-element-6f1a8b7a link-beige animated-slow elementor-invisible elementor-widget elementor-widget-text-editor\" data-id=\"6f1a8b7a\" data-element_type=\"widget\" data-e-type=\"widget\" data-settings=\"{&quot;_animation&quot;:&quot;fadeInUp&quot;,&quot;_animation_mobile&quot;:&quot;none&quot;}\" data-widget_type=\"text-editor.default\">\n\t\t\t\t\t\t\t\t\t<p>C\u2019est avant tout, vous, nos clients, dont beaucoup sont devenus des amis et\u00a0&#8211; nous l\u2019esp\u00e9rons\u00a0&#8211; le resteront encore longtemps. Nous souhaitons vous faire oublier le quotidien pour que vous passiez vos vacances, l\u2019esprit l\u00e9ger. Et l\u2019un des principaux ingr\u00e9dients pour r\u00e9ussir ce tour de magie, c\u2019est le cadre somptueux qui nous entoure\u00a0: les paysages de notre r\u00e9gion, le <a href=\"https:\/\/jerznerhof.at\/fr\/pitztal-et-au-dela\/\">Pitztal<\/a>.<\/p>\n<p>C\u2019est la raison pour laquelle nous mettons tant de soins \u00e0 la pr\u00e9server et \u00e0 la prot\u00e9ger. Dans de nombreux domaines, nous veillons \u00e0 une utilisation raisonn\u00e9e des ressources\u00a0: en int\u00e9grant des produits r\u00e9gionaux et de saison dans notre <a href=\"https:\/\/jerznerhof.at\/fr\/plaisirs-de-la-table-a-jerzner-hof\/\">cuisine<\/a>, en mettant \u00e0 votre disposition des bornes de recharge pour v\u00e9hicules \u00e9lectriques et en favorisant les <a href=\"https:\/\/jerznerhof.at\/jerznerhof\/hier-findet-ihr-uns\/\">d\u00e9placements durables<\/a>, mais aussi en veillant \u00e0 \u00e9conomiser l\u2019\u00e9nergie dans notre espace bien-\u00eatre.<\/p>\n\t\t\t\t\t\t\t\t<\/div>\n\t\t\t\t<\/div>\n\t\t\t\t<\/div>\n\t\t\t\t<div class=\"elementor-element elementor-element-4865bde0 elementor-widget__width-inherit elementor-absolute elementor-widget elementor-widget-image\" data-id=\"4865bde0\" data-element_type=\"widget\" data-e-type=\"widget\" data-settings=\"{&quot;_position&quot;:&quot;absolute&quot;}\" data-widget_type=\"image.default\">\n\t\t\t\t\t\t\t\t\t\t\t\t\t\t\t<img decoding=\"async\" width=\"60\" height=\"106\" src=\"https:\/\/jerznerhof.at\/wp-content\/uploads\/2024\/10\/raute-dunkelblau-1.svg\" class=\"attachment-large size-large wp-image-6100\" alt=\"\" \/>\t\t\t\t\t\t\t\t\t\t\t\t\t\t\t<\/div>\n\t\t\t\t\t<\/div>\n\t\t\t\t<\/div>\n\t\t\t\t<\/div>\n\t\t\t\t<\/div>\n\t\t","protected":false},"excerpt":{"rendered":"<p>Qui sommes-nous\u00a0? H\u00f4teliers passionn\u00e9s On se pr\u00e9sente\u00a0: famille Eiter, surnomm\u00e9e \u00e9galement \u00ab\u00a0Hansmuch\u00a0\u00bb dans le Pitztal, d\u2019apr\u00e8s le nom de notre maison. Nous sommes heureux de vous accueillir dans notre h\u00f4tel Jerzner Hof dans la magnifique contr\u00e9e du Pitztal. Et quand nous disons \u00ab\u00a0nous\u00a0\u00bb, nous ne parlons pas seulement de notre famille, mais de toute notre [&hellip;]<\/p>\n","protected":false},"author":1,"featured_media":0,"parent":0,"menu_order":1,"comment_status":"closed","ping_status":"closed","template":"","meta":{"_acf_changed":false,"footnotes":""},"class_list":["post-8347","page","type-page","status-publish","hentry"],"acf":[],"yoast_head":"<!-- This site is optimized with the Yoast SEO plugin v27.4 - https:\/\/yoast.com\/product\/yoast-seo-wordpress\/ -->\n<title>H\u00f4teliers passionn\u00e9s\u00a0| \u00c9quipe de Jerzner Hof | H\u00f4tel bien-\u00eatre<\/title>\n<meta name=\"description\" content=\"Nous aimons ce que nous faisons. Nous sommes des passionn\u00e9s. Et quand nous disons \u00ab\u00a0nous\u00a0\u00bb, nous ne parlons pas seulement de notre famille, mais de toute notre \u00e9quipe.\" \/>\n<meta name=\"robots\" content=\"index, follow, max-snippet:-1, max-image-preview:large, max-video-preview:-1\" \/>\n<link rel=\"canonical\" href=\"https:\/\/jerznerhof.at\/fr\/jerzner-hof\/\" \/>\n<meta property=\"og:locale\" content=\"fr_FR\" \/>\n<meta property=\"og:type\" content=\"article\" \/>\n<meta property=\"og:title\" content=\"H\u00f4teliers passionn\u00e9s\u00a0| \u00c9quipe de Jerzner Hof | H\u00f4tel bien-\u00eatre\" \/>\n<meta property=\"og:description\" content=\"Nous aimons ce que nous faisons. Nous sommes des passionn\u00e9s. Et quand nous disons \u00ab\u00a0nous\u00a0\u00bb, nous ne parlons pas seulement de notre famille, mais de toute notre \u00e9quipe.\" \/>\n<meta property=\"og:url\" content=\"https:\/\/jerznerhof.at\/fr\/jerzner-hof\/\" \/>\n<meta property=\"og:site_name\" content=\"Jerzner Hof****s\" \/>\n<meta property=\"article:modified_time\" content=\"2025-06-16T12:59:59+00:00\" \/>\n<meta property=\"og:image\" content=\"https:\/\/jerznerhof.at\/wp-content\/uploads\/2024\/10\/Jerzner-Hof_Familie_2024_Gastgeber-4-scaled.webp\" \/>\n<meta name=\"twitter:card\" content=\"summary_large_image\" \/>\n<meta name=\"twitter:label1\" content=\"Dur\u00e9e de lecture estim\u00e9e\" \/>\n\t<meta name=\"twitter:data1\" content=\"2 minutes\" \/>\n<script type=\"application\/ld+json\" class=\"yoast-schema-graph\">{\"@context\":\"https:\\\/\\\/schema.org\",\"@graph\":[{\"@type\":\"WebPage\",\"@id\":\"https:\\\/\\\/jerznerhof.at\\\/fr\\\/jerzner-hof\\\/\",\"url\":\"https:\\\/\\\/jerznerhof.at\\\/fr\\\/jerzner-hof\\\/\",\"name\":\"H\u00f4teliers passionn\u00e9s\u00a0| \u00c9quipe de Jerzner Hof | H\u00f4tel bien-\u00eatre\",\"isPartOf\":{\"@id\":\"https:\\\/\\\/jerznerhof.at\\\/fr\\\/#website\"},\"primaryImageOfPage\":{\"@id\":\"https:\\\/\\\/jerznerhof.at\\\/fr\\\/jerzner-hof\\\/#primaryimage\"},\"image\":{\"@id\":\"https:\\\/\\\/jerznerhof.at\\\/fr\\\/jerzner-hof\\\/#primaryimage\"},\"thumbnailUrl\":\"https:\\\/\\\/jerznerhof.at\\\/wp-content\\\/uploads\\\/2024\\\/10\\\/Jerzner-Hof_Familie_2024_Gastgeber-4-scaled.webp\",\"datePublished\":\"2024-09-30T12:59:11+00:00\",\"dateModified\":\"2025-06-16T12:59:59+00:00\",\"description\":\"Nous aimons ce que nous faisons. Nous sommes des passionn\u00e9s. Et quand nous disons \u00ab\u00a0nous\u00a0\u00bb, nous ne parlons pas seulement de notre famille, mais de toute notre \u00e9quipe.\",\"breadcrumb\":{\"@id\":\"https:\\\/\\\/jerznerhof.at\\\/fr\\\/jerzner-hof\\\/#breadcrumb\"},\"inLanguage\":\"fr-FR\",\"potentialAction\":[{\"@type\":\"ReadAction\",\"target\":[\"https:\\\/\\\/jerznerhof.at\\\/fr\\\/jerzner-hof\\\/\"]}]},{\"@type\":\"ImageObject\",\"inLanguage\":\"fr-FR\",\"@id\":\"https:\\\/\\\/jerznerhof.at\\\/fr\\\/jerzner-hof\\\/#primaryimage\",\"url\":\"https:\\\/\\\/jerznerhof.at\\\/wp-content\\\/uploads\\\/2024\\\/10\\\/Jerzner-Hof_Familie_2024_Gastgeber-4-scaled.webp\",\"contentUrl\":\"https:\\\/\\\/jerznerhof.at\\\/wp-content\\\/uploads\\\/2024\\\/10\\\/Jerzner-Hof_Familie_2024_Gastgeber-4-scaled.webp\"},{\"@type\":\"BreadcrumbList\",\"@id\":\"https:\\\/\\\/jerznerhof.at\\\/fr\\\/jerzner-hof\\\/#breadcrumb\",\"itemListElement\":[{\"@type\":\"ListItem\",\"position\":1,\"name\":\"Startseite\",\"item\":\"https:\\\/\\\/jerznerhof.at\\\/fr\\\/\"},{\"@type\":\"ListItem\",\"position\":2,\"name\":\"Jerzner Hof\"}]},{\"@type\":\"WebSite\",\"@id\":\"https:\\\/\\\/jerznerhof.at\\\/fr\\\/#website\",\"url\":\"https:\\\/\\\/jerznerhof.at\\\/fr\\\/\",\"name\":\"Jerzner Hof****s\",\"description\":\"Wellnesshotel im Pitztal\",\"publisher\":{\"@id\":\"https:\\\/\\\/jerznerhof.at\\\/fr\\\/#organization\"},\"potentialAction\":[{\"@type\":\"SearchAction\",\"target\":{\"@type\":\"EntryPoint\",\"urlTemplate\":\"https:\\\/\\\/jerznerhof.at\\\/fr\\\/?s={search_term_string}\"},\"query-input\":{\"@type\":\"PropertyValueSpecification\",\"valueRequired\":true,\"valueName\":\"search_term_string\"}}],\"inLanguage\":\"fr-FR\"},{\"@type\":\"Organization\",\"@id\":\"https:\\\/\\\/jerznerhof.at\\\/fr\\\/#organization\",\"name\":\"Jerzner Hof****s\",\"url\":\"https:\\\/\\\/jerznerhof.at\\\/fr\\\/\",\"logo\":{\"@type\":\"ImageObject\",\"inLanguage\":\"fr-FR\",\"@id\":\"https:\\\/\\\/jerznerhof.at\\\/fr\\\/#\\\/schema\\\/logo\\\/image\\\/\",\"url\":\"https:\\\/\\\/jerznerhof.at\\\/wp-content\\\/uploads\\\/2024\\\/10\\\/2024_Logo_Jerzner-Hof_Logo-mit-Sterne-Superior_hell.svg\",\"contentUrl\":\"https:\\\/\\\/jerznerhof.at\\\/wp-content\\\/uploads\\\/2024\\\/10\\\/2024_Logo_Jerzner-Hof_Logo-mit-Sterne-Superior_hell.svg\",\"width\":300,\"height\":225,\"caption\":\"Jerzner Hof****s\"},\"image\":{\"@id\":\"https:\\\/\\\/jerznerhof.at\\\/fr\\\/#\\\/schema\\\/logo\\\/image\\\/\"}}]}<\/script>\n<!-- \/ Yoast SEO plugin. -->","yoast_head_json":{"title":"H\u00f4teliers passionn\u00e9s\u00a0| \u00c9quipe de Jerzner Hof | H\u00f4tel bien-\u00eatre","description":"Nous aimons ce que nous faisons. Nous sommes des passionn\u00e9s. Et quand nous disons \u00ab\u00a0nous\u00a0\u00bb, nous ne parlons pas seulement de notre famille, mais de toute notre \u00e9quipe.","robots":{"index":"index","follow":"follow","max-snippet":"max-snippet:-1","max-image-preview":"max-image-preview:large","max-video-preview":"max-video-preview:-1"},"canonical":"https:\/\/jerznerhof.at\/fr\/jerzner-hof\/","og_locale":"fr_FR","og_type":"article","og_title":"H\u00f4teliers passionn\u00e9s\u00a0| \u00c9quipe de Jerzner Hof | H\u00f4tel bien-\u00eatre","og_description":"Nous aimons ce que nous faisons. Nous sommes des passionn\u00e9s. Et quand nous disons \u00ab\u00a0nous\u00a0\u00bb, nous ne parlons pas seulement de notre famille, mais de toute notre \u00e9quipe.","og_url":"https:\/\/jerznerhof.at\/fr\/jerzner-hof\/","og_site_name":"Jerzner Hof****s","article_modified_time":"2025-06-16T12:59:59+00:00","og_image":[{"url":"https:\/\/jerznerhof.at\/wp-content\/uploads\/2024\/10\/Jerzner-Hof_Familie_2024_Gastgeber-4-scaled.webp","type":"","width":"","height":""}],"twitter_card":"summary_large_image","twitter_misc":{"Dur\u00e9e de lecture estim\u00e9e":"2 minutes"},"schema":{"@context":"https:\/\/schema.org","@graph":[{"@type":"WebPage","@id":"https:\/\/jerznerhof.at\/fr\/jerzner-hof\/","url":"https:\/\/jerznerhof.at\/fr\/jerzner-hof\/","name":"H\u00f4teliers passionn\u00e9s\u00a0| \u00c9quipe de Jerzner Hof | H\u00f4tel bien-\u00eatre","isPartOf":{"@id":"https:\/\/jerznerhof.at\/fr\/#website"},"primaryImageOfPage":{"@id":"https:\/\/jerznerhof.at\/fr\/jerzner-hof\/#primaryimage"},"image":{"@id":"https:\/\/jerznerhof.at\/fr\/jerzner-hof\/#primaryimage"},"thumbnailUrl":"https:\/\/jerznerhof.at\/wp-content\/uploads\/2024\/10\/Jerzner-Hof_Familie_2024_Gastgeber-4-scaled.webp","datePublished":"2024-09-30T12:59:11+00:00","dateModified":"2025-06-16T12:59:59+00:00","description":"Nous aimons ce que nous faisons. Nous sommes des passionn\u00e9s. Et quand nous disons \u00ab\u00a0nous\u00a0\u00bb, nous ne parlons pas seulement de notre famille, mais de toute notre \u00e9quipe.","breadcrumb":{"@id":"https:\/\/jerznerhof.at\/fr\/jerzner-hof\/#breadcrumb"},"inLanguage":"fr-FR","potentialAction":[{"@type":"ReadAction","target":["https:\/\/jerznerhof.at\/fr\/jerzner-hof\/"]}]},{"@type":"ImageObject","inLanguage":"fr-FR","@id":"https:\/\/jerznerhof.at\/fr\/jerzner-hof\/#primaryimage","url":"https:\/\/jerznerhof.at\/wp-content\/uploads\/2024\/10\/Jerzner-Hof_Familie_2024_Gastgeber-4-scaled.webp","contentUrl":"https:\/\/jerznerhof.at\/wp-content\/uploads\/2024\/10\/Jerzner-Hof_Familie_2024_Gastgeber-4-scaled.webp"},{"@type":"BreadcrumbList","@id":"https:\/\/jerznerhof.at\/fr\/jerzner-hof\/#breadcrumb","itemListElement":[{"@type":"ListItem","position":1,"name":"Startseite","item":"https:\/\/jerznerhof.at\/fr\/"},{"@type":"ListItem","position":2,"name":"Jerzner Hof"}]},{"@type":"WebSite","@id":"https:\/\/jerznerhof.at\/fr\/#website","url":"https:\/\/jerznerhof.at\/fr\/","name":"Jerzner Hof****s","description":"Wellnesshotel im Pitztal","publisher":{"@id":"https:\/\/jerznerhof.at\/fr\/#organization"},"potentialAction":[{"@type":"SearchAction","target":{"@type":"EntryPoint","urlTemplate":"https:\/\/jerznerhof.at\/fr\/?s={search_term_string}"},"query-input":{"@type":"PropertyValueSpecification","valueRequired":true,"valueName":"search_term_string"}}],"inLanguage":"fr-FR"},{"@type":"Organization","@id":"https:\/\/jerznerhof.at\/fr\/#organization","name":"Jerzner Hof****s","url":"https:\/\/jerznerhof.at\/fr\/","logo":{"@type":"ImageObject","inLanguage":"fr-FR","@id":"https:\/\/jerznerhof.at\/fr\/#\/schema\/logo\/image\/","url":"https:\/\/jerznerhof.at\/wp-content\/uploads\/2024\/10\/2024_Logo_Jerzner-Hof_Logo-mit-Sterne-Superior_hell.svg","contentUrl":"https:\/\/jerznerhof.at\/wp-content\/uploads\/2024\/10\/2024_Logo_Jerzner-Hof_Logo-mit-Sterne-Superior_hell.svg","width":300,"height":225,"caption":"Jerzner Hof****s"},"image":{"@id":"https:\/\/jerznerhof.at\/fr\/#\/schema\/logo\/image\/"}}]}},"_links":{"self":[{"href":"https:\/\/jerznerhof.at\/fr\/wp-json\/wp\/v2\/pages\/8347","targetHints":{"allow":["GET"]}}],"collection":[{"href":"https:\/\/jerznerhof.at\/fr\/wp-json\/wp\/v2\/pages"}],"about":[{"href":"https:\/\/jerznerhof.at\/fr\/wp-json\/wp\/v2\/types\/page"}],"author":[{"embeddable":true,"href":"https:\/\/jerznerhof.at\/fr\/wp-json\/wp\/v2\/users\/1"}],"replies":[{"embeddable":true,"href":"https:\/\/jerznerhof.at\/fr\/wp-json\/wp\/v2\/comments?post=8347"}],"version-history":[{"count":11,"href":"https:\/\/jerznerhof.at\/fr\/wp-json\/wp\/v2\/pages\/8347\/revisions"}],"predecessor-version":[{"id":9072,"href":"https:\/\/jerznerhof.at\/fr\/wp-json\/wp\/v2\/pages\/8347\/revisions\/9072"}],"wp:attachment":[{"href":"https:\/\/jerznerhof.at\/fr\/wp-json\/wp\/v2\/media?parent=8347"}],"curies":[{"name":"wp","href":"https:\/\/api.w.org\/{rel}","templated":true}]}}