{"id":8257,"date":"2024-09-30T13:29:33","date_gmt":"2024-09-30T13:29:33","guid":{"rendered":"https:\/\/jerznerhof.at\/plaisirs-du-vin\/"},"modified":"2026-04-01T14:34:40","modified_gmt":"2026-04-01T14:34:40","slug":"plaisirs-du-vin","status":"publish","type":"page","link":"https:\/\/jerznerhof.at\/fr\/plaisirs-du-vin\/","title":{"rendered":"Plaisirs du vin"},"content":{"rendered":"\t\t<div data-elementor-type=\"wp-page\" data-elementor-id=\"8257\" class=\"elementor elementor-8257 elementor-29\" data-elementor-post-type=\"page\">\n\t\t\t\t<div class=\"elementor-element elementor-element-660bc7a8 e-con-full hero-vid e-flex e-con e-parent\" data-id=\"660bc7a8\" data-element_type=\"container\" data-e-type=\"container\" data-settings=\"{&quot;motion_fx_motion_fx_scrolling&quot;:&quot;yes&quot;,&quot;motion_fx_opacity_effect&quot;:&quot;yes&quot;,&quot;motion_fx_opacity_direction&quot;:&quot;in-out&quot;,&quot;motion_fx_opacity_level&quot;:{&quot;unit&quot;:&quot;px&quot;,&quot;size&quot;:7,&quot;sizes&quot;:[]},&quot;motion_fx_opacity_range&quot;:{&quot;unit&quot;:&quot;%&quot;,&quot;size&quot;:&quot;&quot;,&quot;sizes&quot;:{&quot;start&quot;:53,&quot;end&quot;:67}},&quot;motion_fx_devices&quot;:[&quot;desktop&quot;,&quot;laptop&quot;,&quot;tablet_extra&quot;,&quot;tablet&quot;,&quot;mobile_extra&quot;,&quot;mobile&quot;]}\">\n\t\t<div class=\"elementor-element elementor-element-11515f81 e-con-full e-flex e-con e-child\" data-id=\"11515f81\" data-element_type=\"container\" data-e-type=\"container\">\n\t\t\t\t<div class=\"elementor-element elementor-element-617aaa38 elementor-widget__width-inherit elementor-widget-mobile_extra__width-initial elementor-widget elementor-widget-image\" data-id=\"617aaa38\" data-element_type=\"widget\" data-e-type=\"widget\" data-widget_type=\"image.default\">\n\t\t\t\t\t\t\t\t\t\t\t\t\t\t\t<img fetchpriority=\"high\" decoding=\"async\" width=\"2560\" height=\"1830\" src=\"https:\/\/jerznerhof.at\/wp-content\/uploads\/2024\/10\/Hotel-Jerzner-Hof_Weingenuss-Tirol-Abendessen-Sommelier-Wein-Rotwein-scaled.webp\" class=\"attachment-full size-full wp-image-6252\" alt=\"\" srcset=\"https:\/\/jerznerhof.at\/wp-content\/uploads\/2024\/10\/Hotel-Jerzner-Hof_Weingenuss-Tirol-Abendessen-Sommelier-Wein-Rotwein-scaled.webp 2560w, https:\/\/jerznerhof.at\/wp-content\/uploads\/2024\/10\/Hotel-Jerzner-Hof_Weingenuss-Tirol-Abendessen-Sommelier-Wein-Rotwein-300x214.webp 300w, https:\/\/jerznerhof.at\/wp-content\/uploads\/2024\/10\/Hotel-Jerzner-Hof_Weingenuss-Tirol-Abendessen-Sommelier-Wein-Rotwein-1024x732.webp 1024w, https:\/\/jerznerhof.at\/wp-content\/uploads\/2024\/10\/Hotel-Jerzner-Hof_Weingenuss-Tirol-Abendessen-Sommelier-Wein-Rotwein-768x549.webp 768w, https:\/\/jerznerhof.at\/wp-content\/uploads\/2024\/10\/Hotel-Jerzner-Hof_Weingenuss-Tirol-Abendessen-Sommelier-Wein-Rotwein-1536x1098.webp 1536w, https:\/\/jerznerhof.at\/wp-content\/uploads\/2024\/10\/Hotel-Jerzner-Hof_Weingenuss-Tirol-Abendessen-Sommelier-Wein-Rotwein-2048x1464.webp 2048w\" sizes=\"(max-width: 2560px) 100vw, 2560px\" \/>\t\t\t\t\t\t\t\t\t\t\t\t\t\t\t<\/div>\n\t\t\t\t<div class=\"elementor-element elementor-element-155e12e2 elementor-widget__width-initial animated-slow elementor-invisible elementor-widget elementor-widget-image\" data-id=\"155e12e2\" data-element_type=\"widget\" data-e-type=\"widget\" data-settings=\"{&quot;_animation&quot;:&quot;fadeIn&quot;}\" data-widget_type=\"image.default\">\n\t\t\t\t\t\t\t\t\t\t\t\t\t\t\t<img decoding=\"async\" width=\"308\" height=\"534\" src=\"https:\/\/jerznerhof.at\/wp-content\/uploads\/2025\/06\/geniessen-fr.svg\" class=\"attachment-large size-large wp-image-6194\" alt=\"\" \/>\t\t\t\t\t\t\t\t\t\t\t\t\t\t\t<\/div>\n\t\t\t\t<\/div>\n\t\t<div class=\"elementor-element elementor-element-cc0a327 e-con-full e-flex e-con e-child\" data-id=\"cc0a327\" data-element_type=\"container\" data-e-type=\"container\">\n\t\t<div class=\"elementor-element elementor-element-5f0c271 e-con-full e-flex e-con e-child\" data-id=\"5f0c271\" data-element_type=\"container\" data-e-type=\"container\" data-settings=\"{&quot;motion_fx_motion_fx_scrolling&quot;:&quot;yes&quot;,&quot;motion_fx_translateY_effect&quot;:&quot;yes&quot;,&quot;motion_fx_translateY_speed&quot;:{&quot;unit&quot;:&quot;px&quot;,&quot;size&quot;:0.5,&quot;sizes&quot;:[]},&quot;motion_fx_translateY_affectedRange&quot;:{&quot;unit&quot;:&quot;%&quot;,&quot;size&quot;:&quot;&quot;,&quot;sizes&quot;:{&quot;start&quot;:36,&quot;end&quot;:66}},&quot;motion_fx_devices&quot;:[&quot;desktop&quot;,&quot;laptop&quot;,&quot;tablet_extra&quot;,&quot;tablet&quot;,&quot;mobile_extra&quot;,&quot;mobile&quot;]}\">\n\t\t\t\t<div class=\"elementor-element elementor-element-7705167d animated-slow elementor-invisible elementor-widget elementor-widget-heading\" data-id=\"7705167d\" data-element_type=\"widget\" data-e-type=\"widget\" data-settings=\"{&quot;_animation&quot;:&quot;fadeInUp&quot;}\" data-widget_type=\"heading.default\">\n\t\t\t\t\t<h2 class=\"elementor-heading-title elementor-size-default\">D\u2019Autriche et d\u2019ailleurs<\/h2>\t\t\t\t<\/div>\n\t\t\t\t<div class=\"elementor-element elementor-element-29bc1909 animated-slow elementor-invisible elementor-widget elementor-widget-heading\" data-id=\"29bc1909\" data-element_type=\"widget\" data-e-type=\"widget\" data-settings=\"{&quot;_animation&quot;:&quot;fadeInUp&quot;}\" data-widget_type=\"heading.default\">\n\t\t\t\t\t<h1 class=\"elementor-heading-title elementor-size-default\">Plaisir et raffinement <\/h1>\t\t\t\t<\/div>\n\t\t\t\t<\/div>\n\t\t\t\t<div class=\"elementor-element elementor-element-284c6ace elementor-widget__width-initial animated-slow elementor-invisible elementor-widget elementor-widget-text-editor\" data-id=\"284c6ace\" data-element_type=\"widget\" data-e-type=\"widget\" data-settings=\"{&quot;_animation&quot;:&quot;fadeInUp&quot;}\" data-widget_type=\"text-editor.default\">\n\t\t\t\t\t\t\t\t\t<p>Notre h\u00f4tel 4\u00a0\u00e9toiles sup\u00e9rieur Jerzner Hof mise tout sur une v\u00e9ritable symbiose entre plaisir et tradition. Elle est pr\u00e9sente dans tous les d\u00e9tails, et jusque sur notre carte des vins.<\/p>\n\t\t\t\t\t\t\t\t<\/div>\n\t\t\t\t<\/div>\n\t\t\t\t<\/div>\n\t\t<div class=\"elementor-element elementor-element-ca8da1a e-flex e-con-boxed e-con e-parent\" data-id=\"ca8da1a\" data-element_type=\"container\" data-e-type=\"container\" data-settings=\"{&quot;motion_fx_motion_fx_scrolling&quot;:&quot;yes&quot;,&quot;motion_fx_devices&quot;:[&quot;desktop&quot;,&quot;laptop&quot;,&quot;tablet_extra&quot;,&quot;tablet&quot;,&quot;mobile_extra&quot;,&quot;mobile&quot;]}\">\n\t\t\t\t\t<div class=\"e-con-inner\">\n\t\t<div class=\"elementor-element elementor-element-95786e9 e-con-full e-flex e-con e-child\" data-id=\"95786e9\" data-element_type=\"container\" data-e-type=\"container\" data-settings=\"{&quot;motion_fx_motion_fx_scrolling&quot;:&quot;yes&quot;,&quot;motion_fx_opacity_effect&quot;:&quot;yes&quot;,&quot;motion_fx_opacity_direction&quot;:&quot;out-in-out&quot;,&quot;motion_fx_opacity_level&quot;:{&quot;unit&quot;:&quot;px&quot;,&quot;size&quot;:7,&quot;sizes&quot;:[]},&quot;motion_fx_opacity_range&quot;:{&quot;unit&quot;:&quot;%&quot;,&quot;size&quot;:&quot;&quot;,&quot;sizes&quot;:{&quot;start&quot;:38,&quot;end&quot;:66}},&quot;motion_fx_devices&quot;:[&quot;desktop&quot;,&quot;laptop&quot;,&quot;tablet_extra&quot;,&quot;tablet&quot;,&quot;mobile_extra&quot;,&quot;mobile&quot;]}\">\n\t\t<div class=\"elementor-element elementor-element-76618d5 e-con-full e-flex e-con e-child\" data-id=\"76618d5\" data-element_type=\"container\" data-e-type=\"container\" data-settings=\"{&quot;motion_fx_motion_fx_scrolling&quot;:&quot;yes&quot;,&quot;motion_fx_devices&quot;:[&quot;desktop&quot;,&quot;laptop&quot;,&quot;tablet_extra&quot;,&quot;tablet&quot;,&quot;mobile_extra&quot;,&quot;mobile&quot;]}\">\n\t\t<div class=\"elementor-element elementor-element-b1ee8a9 e-con-full e-flex e-con e-child\" data-id=\"b1ee8a9\" data-element_type=\"container\" data-e-type=\"container\" data-settings=\"{&quot;motion_fx_motion_fx_scrolling&quot;:&quot;yes&quot;,&quot;motion_fx_translateY_effect&quot;:&quot;yes&quot;,&quot;motion_fx_translateY_speed&quot;:{&quot;unit&quot;:&quot;px&quot;,&quot;size&quot;:0.5,&quot;sizes&quot;:[]},&quot;motion_fx_translateY_affectedRange&quot;:{&quot;unit&quot;:&quot;%&quot;,&quot;size&quot;:&quot;&quot;,&quot;sizes&quot;:{&quot;start&quot;:36,&quot;end&quot;:66}},&quot;motion_fx_devices&quot;:[&quot;desktop&quot;,&quot;laptop&quot;,&quot;tablet_extra&quot;,&quot;tablet&quot;,&quot;mobile_extra&quot;,&quot;mobile&quot;]}\">\n\t\t\t\t<div class=\"elementor-element elementor-element-310a7c7 animated-slow elementor-invisible elementor-widget elementor-widget-heading\" data-id=\"310a7c7\" data-element_type=\"widget\" data-e-type=\"widget\" data-settings=\"{&quot;_animation&quot;:&quot;fadeInUp&quot;}\" data-widget_type=\"heading.default\">\n\t\t\t\t\t<h3 class=\"elementor-heading-title elementor-size-default\">L\u00e9ger, fruit\u00e9 ou ample en bouche<\/h3>\t\t\t\t<\/div>\n\t\t\t\t<div class=\"elementor-element elementor-element-febbe0f animated-slow elementor-invisible elementor-widget elementor-widget-heading\" data-id=\"febbe0f\" data-element_type=\"widget\" data-e-type=\"widget\" data-settings=\"{&quot;_animation&quot;:&quot;fadeInUp&quot;}\" data-widget_type=\"heading.default\">\n\t\t\t\t\t<h2 class=\"elementor-heading-title elementor-size-default\">Plaisirs du vin \u00e0 Jerzner Hof<\/h2>\t\t\t\t<\/div>\n\t\t\t\t<\/div>\n\t\t\t\t<div class=\"elementor-element elementor-element-315fbdd animated-slow elementor-invisible elementor-widget elementor-widget-text-editor\" data-id=\"315fbdd\" data-element_type=\"widget\" data-e-type=\"widget\" data-settings=\"{&quot;motion_fx_motion_fx_scrolling&quot;:&quot;yes&quot;,&quot;motion_fx_translateY_effect&quot;:&quot;yes&quot;,&quot;motion_fx_translateY_speed&quot;:{&quot;unit&quot;:&quot;px&quot;,&quot;size&quot;:0.5,&quot;sizes&quot;:[]},&quot;motion_fx_translateY_affectedRange&quot;:{&quot;unit&quot;:&quot;%&quot;,&quot;size&quot;:&quot;&quot;,&quot;sizes&quot;:{&quot;start&quot;:37,&quot;end&quot;:68}},&quot;_animation&quot;:&quot;fadeInUp&quot;,&quot;motion_fx_devices&quot;:[&quot;desktop&quot;,&quot;laptop&quot;,&quot;tablet_extra&quot;,&quot;tablet&quot;,&quot;mobile_extra&quot;,&quot;mobile&quot;]}\" data-widget_type=\"text-editor.default\">\n\t\t\t\t\t\t\t\t\t<p>Notre carte de crus soigneusement s\u00e9lectionn\u00e9s vous entra\u00eene dans un voyage \u00e0 travers les meilleurs vignobles, en Autriche et ailleurs. Du vin blanc fruit\u00e9 qui capture toute la l\u00e9g\u00e8ret\u00e9 d\u2019un jour d\u2019\u00e9t\u00e9, jusqu\u2019au vin rouge puissant qui vient mettre le point d\u2019orgue \u00e0 une belle soir\u00e9e, vous trouverez s\u00fbrement votre vin pr\u00e9f\u00e9r\u00e9 parmi l\u2019assortiment de Jerzner Hof.<\/p>\n<p>Nous sommes particuli\u00e8rement fiers de nos grands crus autrichiens dont le subtil \u00e9quilibre entre un go\u00fbt exquis et une certaine l\u00e9g\u00e8ret\u00e9 a de quoi s\u00e9duire les amateurs. Laissez-vous conseiller par notre personnel qualifi\u00e9 et d\u00e9couvrez des vins qui ont une histoire.<\/p>\n\t\t\t\t\t\t\t\t<\/div>\n\t\t\t\t<\/div>\n\t\t\t\t<div class=\"elementor-element elementor-element-cbfef91 elementor-widget elementor-widget-image\" data-id=\"cbfef91\" data-element_type=\"widget\" data-e-type=\"widget\" data-widget_type=\"image.default\">\n\t\t\t\t\t\t\t\t\t\t\t\t\t\t\t<img decoding=\"async\" width=\"800\" height=\"572\" src=\"https:\/\/jerznerhof.at\/wp-content\/uploads\/2024\/12\/Jerzner-Hof_weingenuss-1024x732.webp\" class=\"attachment-large size-large wp-image-7310\" alt=\"\" srcset=\"https:\/\/jerznerhof.at\/wp-content\/uploads\/2024\/12\/Jerzner-Hof_weingenuss-1024x732.webp 1024w, https:\/\/jerznerhof.at\/wp-content\/uploads\/2024\/12\/Jerzner-Hof_weingenuss-300x214.webp 300w, https:\/\/jerznerhof.at\/wp-content\/uploads\/2024\/12\/Jerzner-Hof_weingenuss-768x549.webp 768w, https:\/\/jerznerhof.at\/wp-content\/uploads\/2024\/12\/Jerzner-Hof_weingenuss-1536x1098.webp 1536w, https:\/\/jerznerhof.at\/wp-content\/uploads\/2024\/12\/Jerzner-Hof_weingenuss-2048x1464.webp 2048w\" sizes=\"(max-width: 800px) 100vw, 800px\" \/>\t\t\t\t\t\t\t\t\t\t\t\t\t\t\t<\/div>\n\t\t<div class=\"elementor-element elementor-element-bd95237 e-con-full e-flex e-con e-child\" data-id=\"bd95237\" data-element_type=\"container\" data-e-type=\"container\">\n\t\t\t\t<div class=\"elementor-element elementor-element-4b83c6d elementor-widget elementor-widget-text-editor\" data-id=\"4b83c6d\" data-element_type=\"widget\" data-e-type=\"widget\" data-widget_type=\"text-editor.default\">\n\t\t\t\t\t\t\t\t\t<p>\u00ab\u00a0Le vin, de la po\u00e9sie en bouteilles\u00a0\u00bb<\/p>\n\t\t\t\t\t\t\t\t<\/div>\n\t\t\t\t<div class=\"elementor-element elementor-element-7b6d070 elementor-widget elementor-widget-text-editor\" data-id=\"7b6d070\" data-element_type=\"widget\" data-e-type=\"widget\" data-widget_type=\"text-editor.default\">\n\t\t\t\t\t\t\t\t\t<p>\u2013 Robert Louis Stevenson<\/p>\n\t\t\t\t\t\t\t\t<\/div>\n\t\t\t\t<\/div>\n\t\t\t\t<\/div>\n\t\t<div class=\"elementor-element elementor-element-b5be4dc e-con-full e-flex e-con e-child\" data-id=\"b5be4dc\" data-element_type=\"container\" data-e-type=\"container\" data-settings=\"{&quot;motion_fx_motion_fx_scrolling&quot;:&quot;yes&quot;,&quot;motion_fx_opacity_effect&quot;:&quot;yes&quot;,&quot;motion_fx_opacity_direction&quot;:&quot;out-in-out&quot;,&quot;motion_fx_opacity_level&quot;:{&quot;unit&quot;:&quot;px&quot;,&quot;size&quot;:7,&quot;sizes&quot;:[]},&quot;motion_fx_opacity_range&quot;:{&quot;unit&quot;:&quot;%&quot;,&quot;size&quot;:&quot;&quot;,&quot;sizes&quot;:{&quot;start&quot;:36,&quot;end&quot;:66}},&quot;motion_fx_devices&quot;:[&quot;desktop&quot;,&quot;laptop&quot;,&quot;tablet_extra&quot;,&quot;tablet&quot;,&quot;mobile_extra&quot;,&quot;mobile&quot;]}\">\n\t\t\t\t<div class=\"elementor-element elementor-element-29a4115 elementor-widget elementor-widget-image\" data-id=\"29a4115\" data-element_type=\"widget\" data-e-type=\"widget\" data-widget_type=\"image.default\">\n\t\t\t\t\t\t\t\t\t\t\t\t\t\t\t<img loading=\"lazy\" decoding=\"async\" width=\"732\" height=\"1024\" src=\"https:\/\/jerznerhof.at\/wp-content\/uploads\/2024\/10\/Hotel-Jerzner-Hof_Weingenuss-732x1024.webp\" class=\"attachment-large size-large wp-image-6254\" alt=\"\" srcset=\"https:\/\/jerznerhof.at\/wp-content\/uploads\/2024\/10\/Hotel-Jerzner-Hof_Weingenuss-732x1024.webp 732w, https:\/\/jerznerhof.at\/wp-content\/uploads\/2024\/10\/Hotel-Jerzner-Hof_Weingenuss-214x300.webp 214w, https:\/\/jerznerhof.at\/wp-content\/uploads\/2024\/10\/Hotel-Jerzner-Hof_Weingenuss-768x1075.webp 768w, https:\/\/jerznerhof.at\/wp-content\/uploads\/2024\/10\/Hotel-Jerzner-Hof_Weingenuss-1098x1536.webp 1098w, https:\/\/jerznerhof.at\/wp-content\/uploads\/2024\/10\/Hotel-Jerzner-Hof_Weingenuss-1464x2048.webp 1464w, https:\/\/jerznerhof.at\/wp-content\/uploads\/2024\/10\/Hotel-Jerzner-Hof_Weingenuss-scaled.webp 1829w\" sizes=\"(max-width: 732px) 100vw, 732px\" \/>\t\t\t\t\t\t\t\t\t\t\t\t\t\t\t<\/div>\n\t\t\t\t<div class=\"elementor-element elementor-element-807d4dc btn-blue-beige elementor-widget elementor-widget-button\" data-id=\"807d4dc\" data-element_type=\"widget\" data-e-type=\"widget\" data-widget_type=\"button.default\">\n\t\t\t\t\t\t\t\t\t\t<a class=\"elementor-button elementor-button-link elementor-size-sm\" href=\"https:\/\/jerznerhof.touch.bakehouse.at\/uploads\/tx_bh\/1710\/neu___weinkarte_winter_2025_26.pdf?mod=1766149420\" target=\"_blank\">\n\t\t\t\t\t\t<span class=\"elementor-button-content-wrapper\">\n\t\t\t\t\t\t\t\t\t<span class=\"elementor-button-text\">Carte des vins de Jerzner Hof<\/span>\n\t\t\t\t\t<\/span>\n\t\t\t\t\t<\/a>\n\t\t\t\t\t\t\t\t<\/div>\n\t\t\t\t<\/div>\n\t\t\t\t\t<\/div>\n\t\t\t\t<\/div>\n\t\t\t\t<\/div>\n\t\t","protected":false},"excerpt":{"rendered":"<p>D\u2019Autriche et d\u2019ailleurs Plaisir et raffinement Notre h\u00f4tel 4\u00a0\u00e9toiles sup\u00e9rieur Jerzner Hof mise tout sur une v\u00e9ritable symbiose entre plaisir et tradition. Elle est pr\u00e9sente dans tous les d\u00e9tails, et jusque sur notre carte des vins. L\u00e9ger, fruit\u00e9 ou ample en bouche Plaisirs du vin \u00e0 Jerzner Hof Notre carte de crus soigneusement s\u00e9lectionn\u00e9s vous [&hellip;]<\/p>\n","protected":false},"author":1,"featured_media":0,"parent":0,"menu_order":9,"comment_status":"closed","ping_status":"closed","template":"","meta":{"_acf_changed":false,"footnotes":""},"class_list":["post-8257","page","type-page","status-publish","hentry"],"acf":[],"yoast_head":"<!-- This site is optimized with the Yoast SEO plugin v27.4 - https:\/\/yoast.com\/product\/yoast-seo-wordpress\/ -->\n<title>Plaisirs du vin\u00a0| D\u2019Autriche et d\u2019ailleurs\u00a0| Plaisir et tradition\u00a0| Tyrol<\/title>\n<meta name=\"description\" content=\"Avez-vous d\u00e9j\u00e0 parcouru notre carte des vins\u00a0? Vous y trouverez certainement l\u2019accord parfait avec les mets que vous avez choisis.\" \/>\n<meta name=\"robots\" content=\"index, follow, max-snippet:-1, max-image-preview:large, max-video-preview:-1\" \/>\n<link rel=\"canonical\" href=\"https:\/\/jerznerhof.at\/fr\/plaisirs-du-vin\/\" \/>\n<meta property=\"og:locale\" content=\"fr_FR\" \/>\n<meta property=\"og:type\" content=\"article\" \/>\n<meta property=\"og:title\" content=\"Plaisirs du vin\u00a0| D\u2019Autriche et d\u2019ailleurs\u00a0| Plaisir et tradition\u00a0| Tyrol\" \/>\n<meta property=\"og:description\" content=\"Avez-vous d\u00e9j\u00e0 parcouru notre carte des vins\u00a0? Vous y trouverez certainement l\u2019accord parfait avec les mets que vous avez choisis.\" \/>\n<meta property=\"og:url\" content=\"https:\/\/jerznerhof.at\/fr\/plaisirs-du-vin\/\" \/>\n<meta property=\"og:site_name\" content=\"Jerzner Hof****s\" \/>\n<meta property=\"article:modified_time\" content=\"2026-04-01T14:34:40+00:00\" \/>\n<meta property=\"og:image\" content=\"https:\/\/jerznerhof.at\/wp-content\/uploads\/2024\/10\/Hotel-Jerzner-Hof_Weingenuss-Tirol-Abendessen-Sommelier-Wein-Rotwein-scaled.webp\" \/>\n\t<meta property=\"og:image:width\" content=\"2560\" \/>\n\t<meta property=\"og:image:height\" content=\"1830\" \/>\n\t<meta property=\"og:image:type\" content=\"image\/webp\" \/>\n<meta name=\"twitter:card\" content=\"summary_large_image\" \/>\n<meta name=\"twitter:label1\" content=\"Dur\u00e9e de lecture estim\u00e9e\" \/>\n\t<meta name=\"twitter:data1\" content=\"1 minute\" \/>\n<script type=\"application\/ld+json\" class=\"yoast-schema-graph\">{\"@context\":\"https:\\\/\\\/schema.org\",\"@graph\":[{\"@type\":\"WebPage\",\"@id\":\"https:\\\/\\\/jerznerhof.at\\\/fr\\\/plaisirs-du-vin\\\/\",\"url\":\"https:\\\/\\\/jerznerhof.at\\\/fr\\\/plaisirs-du-vin\\\/\",\"name\":\"Plaisirs du vin\u00a0| D\u2019Autriche et d\u2019ailleurs\u00a0| Plaisir et tradition\u00a0| Tyrol\",\"isPartOf\":{\"@id\":\"https:\\\/\\\/jerznerhof.at\\\/fr\\\/#website\"},\"primaryImageOfPage\":{\"@id\":\"https:\\\/\\\/jerznerhof.at\\\/fr\\\/plaisirs-du-vin\\\/#primaryimage\"},\"image\":{\"@id\":\"https:\\\/\\\/jerznerhof.at\\\/fr\\\/plaisirs-du-vin\\\/#primaryimage\"},\"thumbnailUrl\":\"https:\\\/\\\/jerznerhof.at\\\/wp-content\\\/uploads\\\/2024\\\/10\\\/Hotel-Jerzner-Hof_Weingenuss-Tirol-Abendessen-Sommelier-Wein-Rotwein-scaled.webp\",\"datePublished\":\"2024-09-30T13:29:33+00:00\",\"dateModified\":\"2026-04-01T14:34:40+00:00\",\"description\":\"Avez-vous d\u00e9j\u00e0 parcouru notre carte des vins\u00a0? Vous y trouverez certainement l\u2019accord parfait avec les mets que vous avez choisis.\",\"breadcrumb\":{\"@id\":\"https:\\\/\\\/jerznerhof.at\\\/fr\\\/plaisirs-du-vin\\\/#breadcrumb\"},\"inLanguage\":\"fr-FR\",\"potentialAction\":[{\"@type\":\"ReadAction\",\"target\":[\"https:\\\/\\\/jerznerhof.at\\\/fr\\\/plaisirs-du-vin\\\/\"]}]},{\"@type\":\"ImageObject\",\"inLanguage\":\"fr-FR\",\"@id\":\"https:\\\/\\\/jerznerhof.at\\\/fr\\\/plaisirs-du-vin\\\/#primaryimage\",\"url\":\"https:\\\/\\\/jerznerhof.at\\\/wp-content\\\/uploads\\\/2024\\\/10\\\/Hotel-Jerzner-Hof_Weingenuss-Tirol-Abendessen-Sommelier-Wein-Rotwein-scaled.webp\",\"contentUrl\":\"https:\\\/\\\/jerznerhof.at\\\/wp-content\\\/uploads\\\/2024\\\/10\\\/Hotel-Jerzner-Hof_Weingenuss-Tirol-Abendessen-Sommelier-Wein-Rotwein-scaled.webp\"},{\"@type\":\"BreadcrumbList\",\"@id\":\"https:\\\/\\\/jerznerhof.at\\\/fr\\\/plaisirs-du-vin\\\/#breadcrumb\",\"itemListElement\":[{\"@type\":\"ListItem\",\"position\":1,\"name\":\"Startseite\",\"item\":\"https:\\\/\\\/jerznerhof.at\\\/fr\\\/\"},{\"@type\":\"ListItem\",\"position\":2,\"name\":\"Plaisirs du vin\"}]},{\"@type\":\"WebSite\",\"@id\":\"https:\\\/\\\/jerznerhof.at\\\/fr\\\/#website\",\"url\":\"https:\\\/\\\/jerznerhof.at\\\/fr\\\/\",\"name\":\"Jerzner Hof****s\",\"description\":\"Wellnesshotel im Pitztal\",\"publisher\":{\"@id\":\"https:\\\/\\\/jerznerhof.at\\\/fr\\\/#organization\"},\"potentialAction\":[{\"@type\":\"SearchAction\",\"target\":{\"@type\":\"EntryPoint\",\"urlTemplate\":\"https:\\\/\\\/jerznerhof.at\\\/fr\\\/?s={search_term_string}\"},\"query-input\":{\"@type\":\"PropertyValueSpecification\",\"valueRequired\":true,\"valueName\":\"search_term_string\"}}],\"inLanguage\":\"fr-FR\"},{\"@type\":\"Organization\",\"@id\":\"https:\\\/\\\/jerznerhof.at\\\/fr\\\/#organization\",\"name\":\"Jerzner Hof****s\",\"url\":\"https:\\\/\\\/jerznerhof.at\\\/fr\\\/\",\"logo\":{\"@type\":\"ImageObject\",\"inLanguage\":\"fr-FR\",\"@id\":\"https:\\\/\\\/jerznerhof.at\\\/fr\\\/#\\\/schema\\\/logo\\\/image\\\/\",\"url\":\"https:\\\/\\\/jerznerhof.at\\\/wp-content\\\/uploads\\\/2024\\\/10\\\/2024_Logo_Jerzner-Hof_Logo-mit-Sterne-Superior_hell.svg\",\"contentUrl\":\"https:\\\/\\\/jerznerhof.at\\\/wp-content\\\/uploads\\\/2024\\\/10\\\/2024_Logo_Jerzner-Hof_Logo-mit-Sterne-Superior_hell.svg\",\"width\":300,\"height\":225,\"caption\":\"Jerzner Hof****s\"},\"image\":{\"@id\":\"https:\\\/\\\/jerznerhof.at\\\/fr\\\/#\\\/schema\\\/logo\\\/image\\\/\"}}]}<\/script>\n<!-- \/ Yoast SEO plugin. -->","yoast_head_json":{"title":"Plaisirs du vin\u00a0| D\u2019Autriche et d\u2019ailleurs\u00a0| Plaisir et tradition\u00a0| Tyrol","description":"Avez-vous d\u00e9j\u00e0 parcouru notre carte des vins\u00a0? Vous y trouverez certainement l\u2019accord parfait avec les mets que vous avez choisis.","robots":{"index":"index","follow":"follow","max-snippet":"max-snippet:-1","max-image-preview":"max-image-preview:large","max-video-preview":"max-video-preview:-1"},"canonical":"https:\/\/jerznerhof.at\/fr\/plaisirs-du-vin\/","og_locale":"fr_FR","og_type":"article","og_title":"Plaisirs du vin\u00a0| D\u2019Autriche et d\u2019ailleurs\u00a0| Plaisir et tradition\u00a0| Tyrol","og_description":"Avez-vous d\u00e9j\u00e0 parcouru notre carte des vins\u00a0? Vous y trouverez certainement l\u2019accord parfait avec les mets que vous avez choisis.","og_url":"https:\/\/jerznerhof.at\/fr\/plaisirs-du-vin\/","og_site_name":"Jerzner Hof****s","article_modified_time":"2026-04-01T14:34:40+00:00","og_image":[{"width":2560,"height":1830,"url":"https:\/\/jerznerhof.at\/wp-content\/uploads\/2024\/10\/Hotel-Jerzner-Hof_Weingenuss-Tirol-Abendessen-Sommelier-Wein-Rotwein-scaled.webp","type":"image\/webp"}],"twitter_card":"summary_large_image","twitter_misc":{"Dur\u00e9e de lecture estim\u00e9e":"1 minute"},"schema":{"@context":"https:\/\/schema.org","@graph":[{"@type":"WebPage","@id":"https:\/\/jerznerhof.at\/fr\/plaisirs-du-vin\/","url":"https:\/\/jerznerhof.at\/fr\/plaisirs-du-vin\/","name":"Plaisirs du vin\u00a0| D\u2019Autriche et d\u2019ailleurs\u00a0| Plaisir et tradition\u00a0| Tyrol","isPartOf":{"@id":"https:\/\/jerznerhof.at\/fr\/#website"},"primaryImageOfPage":{"@id":"https:\/\/jerznerhof.at\/fr\/plaisirs-du-vin\/#primaryimage"},"image":{"@id":"https:\/\/jerznerhof.at\/fr\/plaisirs-du-vin\/#primaryimage"},"thumbnailUrl":"https:\/\/jerznerhof.at\/wp-content\/uploads\/2024\/10\/Hotel-Jerzner-Hof_Weingenuss-Tirol-Abendessen-Sommelier-Wein-Rotwein-scaled.webp","datePublished":"2024-09-30T13:29:33+00:00","dateModified":"2026-04-01T14:34:40+00:00","description":"Avez-vous d\u00e9j\u00e0 parcouru notre carte des vins\u00a0? Vous y trouverez certainement l\u2019accord parfait avec les mets que vous avez choisis.","breadcrumb":{"@id":"https:\/\/jerznerhof.at\/fr\/plaisirs-du-vin\/#breadcrumb"},"inLanguage":"fr-FR","potentialAction":[{"@type":"ReadAction","target":["https:\/\/jerznerhof.at\/fr\/plaisirs-du-vin\/"]}]},{"@type":"ImageObject","inLanguage":"fr-FR","@id":"https:\/\/jerznerhof.at\/fr\/plaisirs-du-vin\/#primaryimage","url":"https:\/\/jerznerhof.at\/wp-content\/uploads\/2024\/10\/Hotel-Jerzner-Hof_Weingenuss-Tirol-Abendessen-Sommelier-Wein-Rotwein-scaled.webp","contentUrl":"https:\/\/jerznerhof.at\/wp-content\/uploads\/2024\/10\/Hotel-Jerzner-Hof_Weingenuss-Tirol-Abendessen-Sommelier-Wein-Rotwein-scaled.webp"},{"@type":"BreadcrumbList","@id":"https:\/\/jerznerhof.at\/fr\/plaisirs-du-vin\/#breadcrumb","itemListElement":[{"@type":"ListItem","position":1,"name":"Startseite","item":"https:\/\/jerznerhof.at\/fr\/"},{"@type":"ListItem","position":2,"name":"Plaisirs du vin"}]},{"@type":"WebSite","@id":"https:\/\/jerznerhof.at\/fr\/#website","url":"https:\/\/jerznerhof.at\/fr\/","name":"Jerzner Hof****s","description":"Wellnesshotel im Pitztal","publisher":{"@id":"https:\/\/jerznerhof.at\/fr\/#organization"},"potentialAction":[{"@type":"SearchAction","target":{"@type":"EntryPoint","urlTemplate":"https:\/\/jerznerhof.at\/fr\/?s={search_term_string}"},"query-input":{"@type":"PropertyValueSpecification","valueRequired":true,"valueName":"search_term_string"}}],"inLanguage":"fr-FR"},{"@type":"Organization","@id":"https:\/\/jerznerhof.at\/fr\/#organization","name":"Jerzner Hof****s","url":"https:\/\/jerznerhof.at\/fr\/","logo":{"@type":"ImageObject","inLanguage":"fr-FR","@id":"https:\/\/jerznerhof.at\/fr\/#\/schema\/logo\/image\/","url":"https:\/\/jerznerhof.at\/wp-content\/uploads\/2024\/10\/2024_Logo_Jerzner-Hof_Logo-mit-Sterne-Superior_hell.svg","contentUrl":"https:\/\/jerznerhof.at\/wp-content\/uploads\/2024\/10\/2024_Logo_Jerzner-Hof_Logo-mit-Sterne-Superior_hell.svg","width":300,"height":225,"caption":"Jerzner Hof****s"},"image":{"@id":"https:\/\/jerznerhof.at\/fr\/#\/schema\/logo\/image\/"}}]}},"_links":{"self":[{"href":"https:\/\/jerznerhof.at\/fr\/wp-json\/wp\/v2\/pages\/8257","targetHints":{"allow":["GET"]}}],"collection":[{"href":"https:\/\/jerznerhof.at\/fr\/wp-json\/wp\/v2\/pages"}],"about":[{"href":"https:\/\/jerznerhof.at\/fr\/wp-json\/wp\/v2\/types\/page"}],"author":[{"embeddable":true,"href":"https:\/\/jerznerhof.at\/fr\/wp-json\/wp\/v2\/users\/1"}],"replies":[{"embeddable":true,"href":"https:\/\/jerznerhof.at\/fr\/wp-json\/wp\/v2\/comments?post=8257"}],"version-history":[{"count":7,"href":"https:\/\/jerznerhof.at\/fr\/wp-json\/wp\/v2\/pages\/8257\/revisions"}],"predecessor-version":[{"id":10755,"href":"https:\/\/jerznerhof.at\/fr\/wp-json\/wp\/v2\/pages\/8257\/revisions\/10755"}],"wp:attachment":[{"href":"https:\/\/jerznerhof.at\/fr\/wp-json\/wp\/v2\/media?parent=8257"}],"curies":[{"name":"wp","href":"https:\/\/api.w.org\/{rel}","templated":true}]}}