{"id":8189,"date":"2024-09-30T13:36:44","date_gmt":"2024-09-30T13:36:44","guid":{"rendered":"https:\/\/jerznerhof.at\/marathon-du-glacier-pitztal\/"},"modified":"2026-04-01T14:18:23","modified_gmt":"2026-04-01T14:18:23","slug":"marathon-du-glacier-pitztal","status":"publish","type":"page","link":"https:\/\/jerznerhof.at\/fr\/evenements\/marathon-du-glacier-pitztal\/","title":{"rendered":"Marathon du glacier Pitztal"},"content":{"rendered":"\t\t<div data-elementor-type=\"wp-page\" data-elementor-id=\"8189\" class=\"elementor elementor-8189 elementor-54\" data-elementor-post-type=\"page\">\n\t\t\t\t<div class=\"elementor-element elementor-element-4aeb87c e-flex e-con-boxed e-con e-parent\" data-id=\"4aeb87c\" data-element_type=\"container\" data-e-type=\"container\">\n\t\t\t\t\t<div class=\"e-con-inner\">\n\t\t<div class=\"elementor-element elementor-element-4754c3b e-con-full e-flex e-con e-child\" data-id=\"4754c3b\" data-element_type=\"container\" data-e-type=\"container\">\n\t\t\t\t<div class=\"elementor-element elementor-element-1a0122a elementor-widget elementor-widget-heading\" data-id=\"1a0122a\" data-element_type=\"widget\" data-e-type=\"widget\" data-widget_type=\"heading.default\">\n\t\t\t\t\t<h1 class=\"elementor-heading-title elementor-size-default\">Marathon du glacier Pitztal<\/h1>\t\t\t\t<\/div>\n\t\t\t\t<div class=\"elementor-element elementor-element-f2443c8 elementor-widget elementor-widget-heading\" data-id=\"f2443c8\" data-element_type=\"widget\" data-e-type=\"widget\" data-widget_type=\"heading.default\">\n\t\t\t\t\t<h2 class=\"elementor-heading-title elementor-size-default\">5 juillet 2026<\/h2>\t\t\t\t<\/div>\n\t\t\t\t<\/div>\n\t\t\t\t<div class=\"elementor-element elementor-element-81ce404 link-beige elementor-widget elementor-widget-text-editor\" data-id=\"81ce404\" data-element_type=\"widget\" data-e-type=\"widget\" data-widget_type=\"text-editor.default\">\n\t\t\t\t\t\t\t\t\t<p>Pr\u00eats pour la course mythique du Pitztal\u00a0? C\u2019est parti pour le marathon du glacier Pitztal\u00a0! La course commence au pied du <a href=\"https:\/\/www.pitztaler-gletscher.at\/\" target=\"_blank\" rel=\"noopener\">glacier<\/a> et se poursuit, avec un bon d\u00e9nivel\u00e9, \u00e0 travers for\u00eats et prairies dans un cadre \u00e0 couper le souffle. Marathon, semi-marathon ou Fun Run\u00a0: il y en a pour tous les go\u00fbts. Et, cerise sur le g\u00e2teau, vous d\u00e9butez la course \u00e0 1\u00a0675\u00a0m\u00e8tres d\u2019altitude, avec une temp\u00e9rature agr\u00e9able de 12\u00a0degr\u00e9s, en direction de l\u2019arriv\u00e9e, \u00e0 Arzl.<\/p>\n\t\t\t\t\t\t\t\t<\/div>\n\t\t\t\t<div class=\"elementor-element elementor-element-5edbdd2 btn-blue-beige elementor-widget elementor-widget-global elementor-global-9266 elementor-global-8923 elementor-widget-button\" data-id=\"5edbdd2\" data-element_type=\"widget\" data-e-type=\"widget\" data-widget_type=\"button.default\">\n\t\t\t\t\t\t\t\t\t\t<a class=\"elementor-button elementor-button-link elementor-size-sm\" href=\"https:\/\/gletschermarathon.at\/en\/start-2\/\" target=\"_blank\">\n\t\t\t\t\t\t<span class=\"elementor-button-content-wrapper\">\n\t\t\t\t\t\t\t\t\t<span class=\"elementor-button-text\">Course \u00e0 travers les g\u00e9ants de montagne<\/span>\n\t\t\t\t\t<\/span>\n\t\t\t\t\t<\/a>\n\t\t\t\t\t\t\t\t<\/div>\n\t\t<div class=\"elementor-element elementor-element-dbd702f e-flex e-con-boxed e-con e-child\" data-id=\"dbd702f\" data-element_type=\"container\" data-e-type=\"container\">\n\t\t\t\t\t<div class=\"e-con-inner\">\n\t\t\t\t<div class=\"elementor-element elementor-element-ebbef2e elementor-widget elementor-widget-image\" data-id=\"ebbef2e\" data-element_type=\"widget\" data-e-type=\"widget\" data-widget_type=\"image.default\">\n\t\t\t\t\t\t\t\t\t\t\t\t\t\t\t<img fetchpriority=\"high\" decoding=\"async\" width=\"1500\" height=\"1072\" src=\"https:\/\/jerznerhof.at\/wp-content\/uploads\/2024\/11\/Gletschermarathon-2017-Glacier-Marathon-2017_TVB-Pitztal_Sportograf.com_Sankt-Leonhard-im-Pitztal.jpg\" class=\"attachment-full size-full wp-image-6660\" alt=\"\" srcset=\"https:\/\/jerznerhof.at\/wp-content\/uploads\/2024\/11\/Gletschermarathon-2017-Glacier-Marathon-2017_TVB-Pitztal_Sportograf.com_Sankt-Leonhard-im-Pitztal.jpg 1500w, https:\/\/jerznerhof.at\/wp-content\/uploads\/2024\/11\/Gletschermarathon-2017-Glacier-Marathon-2017_TVB-Pitztal_Sportograf.com_Sankt-Leonhard-im-Pitztal-300x214.jpg 300w, https:\/\/jerznerhof.at\/wp-content\/uploads\/2024\/11\/Gletschermarathon-2017-Glacier-Marathon-2017_TVB-Pitztal_Sportograf.com_Sankt-Leonhard-im-Pitztal-1024x732.jpg 1024w, https:\/\/jerznerhof.at\/wp-content\/uploads\/2024\/11\/Gletschermarathon-2017-Glacier-Marathon-2017_TVB-Pitztal_Sportograf.com_Sankt-Leonhard-im-Pitztal-768x549.jpg 768w\" sizes=\"(max-width: 1500px) 100vw, 1500px\" \/>\t\t\t\t\t\t\t\t\t\t\t\t\t\t\t<\/div>\n\t\t\t\t\t<\/div>\n\t\t\t\t<\/div>\n\t\t\t\t\t<\/div>\n\t\t\t\t<\/div>\n\t\t\t\t<\/div>\n\t\t","protected":false},"excerpt":{"rendered":"<p>Marathon du glacier Pitztal 5 juillet 2026 Pr\u00eats pour la course mythique du Pitztal\u00a0? C\u2019est parti pour le marathon du glacier Pitztal\u00a0! La course commence au pied du glacier et se poursuit, avec un bon d\u00e9nivel\u00e9, \u00e0 travers for\u00eats et prairies dans un cadre \u00e0 couper le souffle. Marathon, semi-marathon ou Fun Run\u00a0: il y [&hellip;]<\/p>\n","protected":false},"author":1,"featured_media":0,"parent":8192,"menu_order":1,"comment_status":"closed","ping_status":"closed","template":"","meta":{"_acf_changed":false,"footnotes":""},"class_list":["post-8189","page","type-page","status-publish","hentry"],"acf":[],"yoast_head":"<!-- This site is optimized with the Yoast SEO plugin v27.4 - https:\/\/yoast.com\/product\/yoast-seo-wordpress\/ -->\n<title>Marathon du glacier Pitztal\u00a0| Dans un cadre \u00e0 couper le souffle<\/title>\n<meta name=\"description\" content=\"Pr\u00eats pour le marathon du glacier Pitztal\u00a0! La course commence au pied du glacier et traverse for\u00eats et prairies dans un cadre \u00e0 couper le souffle.\" \/>\n<meta name=\"robots\" content=\"index, follow, max-snippet:-1, max-image-preview:large, max-video-preview:-1\" \/>\n<link rel=\"canonical\" href=\"https:\/\/jerznerhof.at\/fr\/evenements\/marathon-du-glacier-pitztal\/\" \/>\n<meta property=\"og:locale\" content=\"fr_FR\" \/>\n<meta property=\"og:type\" content=\"article\" \/>\n<meta property=\"og:title\" content=\"Marathon du glacier Pitztal\u00a0| Dans un cadre \u00e0 couper le souffle\" \/>\n<meta property=\"og:description\" content=\"Pr\u00eats pour le marathon du glacier Pitztal\u00a0! La course commence au pied du glacier et traverse for\u00eats et prairies dans un cadre \u00e0 couper le souffle.\" \/>\n<meta property=\"og:url\" content=\"https:\/\/jerznerhof.at\/fr\/evenements\/marathon-du-glacier-pitztal\/\" \/>\n<meta property=\"og:site_name\" content=\"Jerzner Hof****s\" \/>\n<meta property=\"article:modified_time\" content=\"2026-04-01T14:18:23+00:00\" \/>\n<meta property=\"og:image\" content=\"https:\/\/jerznerhof.at\/wp-content\/uploads\/2024\/11\/Gletschermarathon-2017-Glacier-Marathon-2017_TVB-Pitztal_Sportograf.com_Sankt-Leonhard-im-Pitztal.jpg\" \/>\n\t<meta property=\"og:image:width\" content=\"1500\" \/>\n\t<meta property=\"og:image:height\" content=\"1072\" \/>\n\t<meta property=\"og:image:type\" content=\"image\/jpeg\" \/>\n<meta name=\"twitter:card\" content=\"summary_large_image\" \/>\n<script type=\"application\/ld+json\" class=\"yoast-schema-graph\">{\"@context\":\"https:\\\/\\\/schema.org\",\"@graph\":[{\"@type\":\"WebPage\",\"@id\":\"https:\\\/\\\/jerznerhof.at\\\/fr\\\/evenements\\\/marathon-du-glacier-pitztal\\\/\",\"url\":\"https:\\\/\\\/jerznerhof.at\\\/fr\\\/evenements\\\/marathon-du-glacier-pitztal\\\/\",\"name\":\"Marathon du glacier Pitztal\u00a0| Dans un cadre \u00e0 couper le souffle\",\"isPartOf\":{\"@id\":\"https:\\\/\\\/jerznerhof.at\\\/fr\\\/#website\"},\"primaryImageOfPage\":{\"@id\":\"https:\\\/\\\/jerznerhof.at\\\/fr\\\/evenements\\\/marathon-du-glacier-pitztal\\\/#primaryimage\"},\"image\":{\"@id\":\"https:\\\/\\\/jerznerhof.at\\\/fr\\\/evenements\\\/marathon-du-glacier-pitztal\\\/#primaryimage\"},\"thumbnailUrl\":\"https:\\\/\\\/jerznerhof.at\\\/wp-content\\\/uploads\\\/2024\\\/11\\\/Gletschermarathon-2017-Glacier-Marathon-2017_TVB-Pitztal_Sportograf.com_Sankt-Leonhard-im-Pitztal.jpg\",\"datePublished\":\"2024-09-30T13:36:44+00:00\",\"dateModified\":\"2026-04-01T14:18:23+00:00\",\"description\":\"Pr\u00eats pour le marathon du glacier Pitztal\u00a0! La course commence au pied du glacier et traverse for\u00eats et prairies dans un cadre \u00e0 couper le souffle.\",\"breadcrumb\":{\"@id\":\"https:\\\/\\\/jerznerhof.at\\\/fr\\\/evenements\\\/marathon-du-glacier-pitztal\\\/#breadcrumb\"},\"inLanguage\":\"fr-FR\",\"potentialAction\":[{\"@type\":\"ReadAction\",\"target\":[\"https:\\\/\\\/jerznerhof.at\\\/fr\\\/evenements\\\/marathon-du-glacier-pitztal\\\/\"]}]},{\"@type\":\"ImageObject\",\"inLanguage\":\"fr-FR\",\"@id\":\"https:\\\/\\\/jerznerhof.at\\\/fr\\\/evenements\\\/marathon-du-glacier-pitztal\\\/#primaryimage\",\"url\":\"https:\\\/\\\/jerznerhof.at\\\/wp-content\\\/uploads\\\/2024\\\/11\\\/Gletschermarathon-2017-Glacier-Marathon-2017_TVB-Pitztal_Sportograf.com_Sankt-Leonhard-im-Pitztal.jpg\",\"contentUrl\":\"https:\\\/\\\/jerznerhof.at\\\/wp-content\\\/uploads\\\/2024\\\/11\\\/Gletschermarathon-2017-Glacier-Marathon-2017_TVB-Pitztal_Sportograf.com_Sankt-Leonhard-im-Pitztal.jpg\"},{\"@type\":\"BreadcrumbList\",\"@id\":\"https:\\\/\\\/jerznerhof.at\\\/fr\\\/evenements\\\/marathon-du-glacier-pitztal\\\/#breadcrumb\",\"itemListElement\":[{\"@type\":\"ListItem\",\"position\":1,\"name\":\"Startseite\",\"item\":\"https:\\\/\\\/jerznerhof.at\\\/fr\\\/\"},{\"@type\":\"ListItem\",\"position\":2,\"name\":\"\u00c9v\u00e9nements\",\"item\":\"https:\\\/\\\/jerznerhof.at\\\/fr\\\/events\\\/\"},{\"@type\":\"ListItem\",\"position\":3,\"name\":\"Marathon du glacier Pitztal\"}]},{\"@type\":\"WebSite\",\"@id\":\"https:\\\/\\\/jerznerhof.at\\\/fr\\\/#website\",\"url\":\"https:\\\/\\\/jerznerhof.at\\\/fr\\\/\",\"name\":\"Jerzner Hof****s\",\"description\":\"Wellnesshotel im Pitztal\",\"publisher\":{\"@id\":\"https:\\\/\\\/jerznerhof.at\\\/fr\\\/#organization\"},\"potentialAction\":[{\"@type\":\"SearchAction\",\"target\":{\"@type\":\"EntryPoint\",\"urlTemplate\":\"https:\\\/\\\/jerznerhof.at\\\/fr\\\/?s={search_term_string}\"},\"query-input\":{\"@type\":\"PropertyValueSpecification\",\"valueRequired\":true,\"valueName\":\"search_term_string\"}}],\"inLanguage\":\"fr-FR\"},{\"@type\":\"Organization\",\"@id\":\"https:\\\/\\\/jerznerhof.at\\\/fr\\\/#organization\",\"name\":\"Jerzner Hof****s\",\"url\":\"https:\\\/\\\/jerznerhof.at\\\/fr\\\/\",\"logo\":{\"@type\":\"ImageObject\",\"inLanguage\":\"fr-FR\",\"@id\":\"https:\\\/\\\/jerznerhof.at\\\/fr\\\/#\\\/schema\\\/logo\\\/image\\\/\",\"url\":\"https:\\\/\\\/jerznerhof.at\\\/wp-content\\\/uploads\\\/2024\\\/10\\\/2024_Logo_Jerzner-Hof_Logo-mit-Sterne-Superior_hell.svg\",\"contentUrl\":\"https:\\\/\\\/jerznerhof.at\\\/wp-content\\\/uploads\\\/2024\\\/10\\\/2024_Logo_Jerzner-Hof_Logo-mit-Sterne-Superior_hell.svg\",\"width\":300,\"height\":225,\"caption\":\"Jerzner Hof****s\"},\"image\":{\"@id\":\"https:\\\/\\\/jerznerhof.at\\\/fr\\\/#\\\/schema\\\/logo\\\/image\\\/\"}}]}<\/script>\n<!-- \/ Yoast SEO plugin. -->","yoast_head_json":{"title":"Marathon du glacier Pitztal\u00a0| Dans un cadre \u00e0 couper le souffle","description":"Pr\u00eats pour le marathon du glacier Pitztal\u00a0! La course commence au pied du glacier et traverse for\u00eats et prairies dans un cadre \u00e0 couper le souffle.","robots":{"index":"index","follow":"follow","max-snippet":"max-snippet:-1","max-image-preview":"max-image-preview:large","max-video-preview":"max-video-preview:-1"},"canonical":"https:\/\/jerznerhof.at\/fr\/evenements\/marathon-du-glacier-pitztal\/","og_locale":"fr_FR","og_type":"article","og_title":"Marathon du glacier Pitztal\u00a0| Dans un cadre \u00e0 couper le souffle","og_description":"Pr\u00eats pour le marathon du glacier Pitztal\u00a0! La course commence au pied du glacier et traverse for\u00eats et prairies dans un cadre \u00e0 couper le souffle.","og_url":"https:\/\/jerznerhof.at\/fr\/evenements\/marathon-du-glacier-pitztal\/","og_site_name":"Jerzner Hof****s","article_modified_time":"2026-04-01T14:18:23+00:00","og_image":[{"width":1500,"height":1072,"url":"https:\/\/jerznerhof.at\/wp-content\/uploads\/2024\/11\/Gletschermarathon-2017-Glacier-Marathon-2017_TVB-Pitztal_Sportograf.com_Sankt-Leonhard-im-Pitztal.jpg","type":"image\/jpeg"}],"twitter_card":"summary_large_image","schema":{"@context":"https:\/\/schema.org","@graph":[{"@type":"WebPage","@id":"https:\/\/jerznerhof.at\/fr\/evenements\/marathon-du-glacier-pitztal\/","url":"https:\/\/jerznerhof.at\/fr\/evenements\/marathon-du-glacier-pitztal\/","name":"Marathon du glacier Pitztal\u00a0| Dans un cadre \u00e0 couper le souffle","isPartOf":{"@id":"https:\/\/jerznerhof.at\/fr\/#website"},"primaryImageOfPage":{"@id":"https:\/\/jerznerhof.at\/fr\/evenements\/marathon-du-glacier-pitztal\/#primaryimage"},"image":{"@id":"https:\/\/jerznerhof.at\/fr\/evenements\/marathon-du-glacier-pitztal\/#primaryimage"},"thumbnailUrl":"https:\/\/jerznerhof.at\/wp-content\/uploads\/2024\/11\/Gletschermarathon-2017-Glacier-Marathon-2017_TVB-Pitztal_Sportograf.com_Sankt-Leonhard-im-Pitztal.jpg","datePublished":"2024-09-30T13:36:44+00:00","dateModified":"2026-04-01T14:18:23+00:00","description":"Pr\u00eats pour le marathon du glacier Pitztal\u00a0! La course commence au pied du glacier et traverse for\u00eats et prairies dans un cadre \u00e0 couper le souffle.","breadcrumb":{"@id":"https:\/\/jerznerhof.at\/fr\/evenements\/marathon-du-glacier-pitztal\/#breadcrumb"},"inLanguage":"fr-FR","potentialAction":[{"@type":"ReadAction","target":["https:\/\/jerznerhof.at\/fr\/evenements\/marathon-du-glacier-pitztal\/"]}]},{"@type":"ImageObject","inLanguage":"fr-FR","@id":"https:\/\/jerznerhof.at\/fr\/evenements\/marathon-du-glacier-pitztal\/#primaryimage","url":"https:\/\/jerznerhof.at\/wp-content\/uploads\/2024\/11\/Gletschermarathon-2017-Glacier-Marathon-2017_TVB-Pitztal_Sportograf.com_Sankt-Leonhard-im-Pitztal.jpg","contentUrl":"https:\/\/jerznerhof.at\/wp-content\/uploads\/2024\/11\/Gletschermarathon-2017-Glacier-Marathon-2017_TVB-Pitztal_Sportograf.com_Sankt-Leonhard-im-Pitztal.jpg"},{"@type":"BreadcrumbList","@id":"https:\/\/jerznerhof.at\/fr\/evenements\/marathon-du-glacier-pitztal\/#breadcrumb","itemListElement":[{"@type":"ListItem","position":1,"name":"Startseite","item":"https:\/\/jerznerhof.at\/fr\/"},{"@type":"ListItem","position":2,"name":"\u00c9v\u00e9nements","item":"https:\/\/jerznerhof.at\/fr\/events\/"},{"@type":"ListItem","position":3,"name":"Marathon du glacier Pitztal"}]},{"@type":"WebSite","@id":"https:\/\/jerznerhof.at\/fr\/#website","url":"https:\/\/jerznerhof.at\/fr\/","name":"Jerzner Hof****s","description":"Wellnesshotel im Pitztal","publisher":{"@id":"https:\/\/jerznerhof.at\/fr\/#organization"},"potentialAction":[{"@type":"SearchAction","target":{"@type":"EntryPoint","urlTemplate":"https:\/\/jerznerhof.at\/fr\/?s={search_term_string}"},"query-input":{"@type":"PropertyValueSpecification","valueRequired":true,"valueName":"search_term_string"}}],"inLanguage":"fr-FR"},{"@type":"Organization","@id":"https:\/\/jerznerhof.at\/fr\/#organization","name":"Jerzner Hof****s","url":"https:\/\/jerznerhof.at\/fr\/","logo":{"@type":"ImageObject","inLanguage":"fr-FR","@id":"https:\/\/jerznerhof.at\/fr\/#\/schema\/logo\/image\/","url":"https:\/\/jerznerhof.at\/wp-content\/uploads\/2024\/10\/2024_Logo_Jerzner-Hof_Logo-mit-Sterne-Superior_hell.svg","contentUrl":"https:\/\/jerznerhof.at\/wp-content\/uploads\/2024\/10\/2024_Logo_Jerzner-Hof_Logo-mit-Sterne-Superior_hell.svg","width":300,"height":225,"caption":"Jerzner Hof****s"},"image":{"@id":"https:\/\/jerznerhof.at\/fr\/#\/schema\/logo\/image\/"}}]}},"_links":{"self":[{"href":"https:\/\/jerznerhof.at\/fr\/wp-json\/wp\/v2\/pages\/8189","targetHints":{"allow":["GET"]}}],"collection":[{"href":"https:\/\/jerznerhof.at\/fr\/wp-json\/wp\/v2\/pages"}],"about":[{"href":"https:\/\/jerznerhof.at\/fr\/wp-json\/wp\/v2\/types\/page"}],"author":[{"embeddable":true,"href":"https:\/\/jerznerhof.at\/fr\/wp-json\/wp\/v2\/users\/1"}],"replies":[{"embeddable":true,"href":"https:\/\/jerznerhof.at\/fr\/wp-json\/wp\/v2\/comments?post=8189"}],"version-history":[{"count":11,"href":"https:\/\/jerznerhof.at\/fr\/wp-json\/wp\/v2\/pages\/8189\/revisions"}],"predecessor-version":[{"id":10749,"href":"https:\/\/jerznerhof.at\/fr\/wp-json\/wp\/v2\/pages\/8189\/revisions\/10749"}],"up":[{"embeddable":true,"href":"https:\/\/jerznerhof.at\/fr\/wp-json\/wp\/v2\/pages\/8192"}],"wp:attachment":[{"href":"https:\/\/jerznerhof.at\/fr\/wp-json\/wp\/v2\/media?parent=8189"}],"curies":[{"name":"wp","href":"https:\/\/api.w.org\/{rel}","templated":true}]}}