{"id":8179,"date":"2025-09-12T14:00:18","date_gmt":"2025-09-12T14:00:18","guid":{"rendered":"https:\/\/jerznerhof.at\/desalpe-et-fete-de-leglise-a-jerzens\/"},"modified":"2026-01-16T08:50:38","modified_gmt":"2026-01-16T08:50:38","slug":"desalpe-et-fete-de-leglise-a-jerzens","status":"publish","type":"page","link":"https:\/\/jerznerhof.at\/fr\/evenements\/desalpe-et-fete-de-leglise-a-jerzens\/","title":{"rendered":"D\u00e9salpe et f\u00eate de l\u2019\u00e9glise \u00e0 Jerzens"},"content":{"rendered":"\t\t<div data-elementor-type=\"wp-page\" data-elementor-id=\"8179\" class=\"elementor elementor-8179 elementor-62\" data-elementor-post-type=\"page\">\n\t\t\t\t<div class=\"elementor-element elementor-element-28b687e4 e-flex e-con-boxed e-con e-parent\" data-id=\"28b687e4\" data-element_type=\"container\" data-e-type=\"container\">\n\t\t\t\t\t<div class=\"e-con-inner\">\n\t\t<div class=\"elementor-element elementor-element-3738c8d5 e-con-full e-flex e-con e-child\" data-id=\"3738c8d5\" data-element_type=\"container\" data-e-type=\"container\">\n\t\t\t\t<div class=\"elementor-element elementor-element-43df8e8e elementor-widget elementor-widget-heading\" data-id=\"43df8e8e\" data-element_type=\"widget\" data-e-type=\"widget\" data-widget_type=\"heading.default\">\n\t\t\t\t\t<h1 class=\"elementor-heading-title elementor-size-default\">D\u00e9salpe et f\u00eate de l\u2019\u00e9glise \u00e0 Jerzens<\/h1>\t\t\t\t<\/div>\n\t\t\t\t<\/div>\n\t\t\t\t<div class=\"elementor-element elementor-element-26c970c6 link-beige elementor-widget elementor-widget-text-editor\" data-id=\"26c970c6\" data-element_type=\"widget\" data-e-type=\"widget\" data-widget_type=\"text-editor.default\">\n\t\t\t\t\t\t\t\t\t<p class=\"Text\"><span lang=\"fr\">Les 13 et 14 septembre 2025, Jerzens c\u00e9l\u00e8bre la \u00ab Tiroler Festmeile \u00bb ! Avec ses vaches d\u00e9cor\u00e9es qui traversent le village, la d\u00e9salpe est une f\u00eate pleine de charme. Elle s\u2019accompagne de manifestations musicales, de sp\u00e9cialit\u00e9s \u00e0 d\u00e9guster et d\u2019un programme haut en couleur. Le dimanche, les c\u00e9l\u00e9brations se poursuivent avec l\u2019ap\u00e9ritif matinal de la f\u00eate de l\u2019\u00e9glise dans une ambiance encore plus conviviale. Un week-end riche en traditions tyroliennes \u00e0 ne surtout pas manquer !<\/span><\/p>\n<p><\/p>\n<p class=\"Text\"><strong><span lang=\"fr\">13 et 14 septembre 2025<\/span><\/strong><\/p>\n\t\t\t\t\t\t\t\t<\/div>\n\t\t\t\t<div class=\"elementor-element elementor-element-9d335cd btn-blue-beige elementor-widget elementor-widget-button\" data-id=\"9d335cd\" data-element_type=\"widget\" data-e-type=\"widget\" data-widget_type=\"button.default\">\n\t\t\t\t\t\t\t\t\t\t<a class=\"elementor-button elementor-button-link elementor-size-sm\" href=\"https:\/\/www.pitztal.com\/de\/almabtrieb-in-jerzens.html\" target=\"_blank\">\n\t\t\t\t\t\t<span class=\"elementor-button-content-wrapper\">\n\t\t\t\t\t\t\t\t\t<span class=\"elementor-button-text\">Traditions et ambiance festive<\/span>\n\t\t\t\t\t<\/span>\n\t\t\t\t\t<\/a>\n\t\t\t\t\t\t\t\t<\/div>\n\t\t<div class=\"elementor-element elementor-element-3d8a6272 e-flex e-con-boxed e-con e-child\" data-id=\"3d8a6272\" data-element_type=\"container\" data-e-type=\"container\">\n\t\t\t\t\t<div class=\"e-con-inner\">\n\t\t\t\t<div class=\"elementor-element elementor-element-74d5215f elementor-widget elementor-widget-image\" data-id=\"74d5215f\" data-element_type=\"widget\" data-e-type=\"widget\" data-widget_type=\"image.default\">\n\t\t\t\t\t\t\t\t\t\t\t\t\t\t\t<img fetchpriority=\"high\" decoding=\"async\" width=\"1780\" height=\"1272\" src=\"https:\/\/jerznerhof.at\/wp-content\/uploads\/2024\/10\/Almabtrieb-Jerzens-2022-16_TVB-Pitztal_Julian-Pernsteiner_Jerzens-1.webp\" class=\"attachment-full size-full wp-image-6462\" alt=\"\" srcset=\"https:\/\/jerznerhof.at\/wp-content\/uploads\/2024\/10\/Almabtrieb-Jerzens-2022-16_TVB-Pitztal_Julian-Pernsteiner_Jerzens-1.webp 1780w, https:\/\/jerznerhof.at\/wp-content\/uploads\/2024\/10\/Almabtrieb-Jerzens-2022-16_TVB-Pitztal_Julian-Pernsteiner_Jerzens-1-300x214.webp 300w, https:\/\/jerznerhof.at\/wp-content\/uploads\/2024\/10\/Almabtrieb-Jerzens-2022-16_TVB-Pitztal_Julian-Pernsteiner_Jerzens-1-1024x732.webp 1024w, https:\/\/jerznerhof.at\/wp-content\/uploads\/2024\/10\/Almabtrieb-Jerzens-2022-16_TVB-Pitztal_Julian-Pernsteiner_Jerzens-1-768x549.webp 768w, https:\/\/jerznerhof.at\/wp-content\/uploads\/2024\/10\/Almabtrieb-Jerzens-2022-16_TVB-Pitztal_Julian-Pernsteiner_Jerzens-1-1536x1098.webp 1536w\" sizes=\"(max-width: 1780px) 100vw, 1780px\" \/>\t\t\t\t\t\t\t\t\t\t\t\t\t\t\t<\/div>\n\t\t\t\t\t<\/div>\n\t\t\t\t<\/div>\n\t\t\t\t\t<\/div>\n\t\t\t\t<\/div>\n\t\t\t\t<\/div>\n\t\t","protected":false},"excerpt":{"rendered":"<p>D\u00e9salpe et f\u00eate de l\u2019\u00e9glise \u00e0 Jerzens Les 13 et 14 septembre 2025, Jerzens c\u00e9l\u00e8bre la \u00ab Tiroler Festmeile \u00bb ! Avec ses vaches d\u00e9cor\u00e9es qui traversent le village, la d\u00e9salpe est une f\u00eate pleine de charme. Elle s\u2019accompagne de manifestations musicales, de sp\u00e9cialit\u00e9s \u00e0 d\u00e9guster et d\u2019un programme haut en couleur. Le dimanche, les [&hellip;]<\/p>\n","protected":false},"author":1,"featured_media":0,"parent":8192,"menu_order":26,"comment_status":"closed","ping_status":"closed","template":"","meta":{"_acf_changed":false,"footnotes":""},"class_list":["post-8179","page","type-page","status-publish","hentry"],"acf":[],"yoast_head":"<!-- This site is optimized with the Yoast SEO plugin v27.3 - https:\/\/yoast.com\/product\/yoast-seo-wordpress\/ -->\n<title>D\u00e9salpe et f\u00eate de l\u2019\u00e9glise \u00e0 Jerzens\u00a0| Tradition\u00a0| Tyrol\u00a0| Vacances \u00e0 Pitztal<\/title>\n<meta name=\"description\" content=\"Avec ses vaches d\u00e9cor\u00e9es qui traversent le village, la d\u00e9salpe est une f\u00eate pleine de charme. Elle s\u2019accompagne de manifestations musicales, de sp\u00e9cialit\u00e9s \u00e0 d\u00e9guster et d\u2019un programme haut en couleur.\" \/>\n<meta name=\"robots\" content=\"index, follow, max-snippet:-1, max-image-preview:large, max-video-preview:-1\" \/>\n<link rel=\"canonical\" href=\"https:\/\/jerznerhof.at\/fr\/evenements\/desalpe-et-fete-de-leglise-a-jerzens\/\" \/>\n<meta property=\"og:locale\" content=\"fr_FR\" \/>\n<meta property=\"og:type\" content=\"article\" \/>\n<meta property=\"og:title\" content=\"D\u00e9salpe et f\u00eate de l\u2019\u00e9glise \u00e0 Jerzens\u00a0| Tradition\u00a0| Tyrol\u00a0| Vacances \u00e0 Pitztal\" \/>\n<meta property=\"og:description\" content=\"Avec ses vaches d\u00e9cor\u00e9es qui traversent le village, la d\u00e9salpe est une f\u00eate pleine de charme. Elle s\u2019accompagne de manifestations musicales, de sp\u00e9cialit\u00e9s \u00e0 d\u00e9guster et d\u2019un programme haut en couleur.\" \/>\n<meta property=\"og:url\" content=\"https:\/\/jerznerhof.at\/fr\/evenements\/desalpe-et-fete-de-leglise-a-jerzens\/\" \/>\n<meta property=\"og:site_name\" content=\"Jerzner Hof****s\" \/>\n<meta property=\"article:modified_time\" content=\"2026-01-16T08:50:38+00:00\" \/>\n<meta property=\"og:image\" content=\"https:\/\/jerznerhof.at\/wp-content\/uploads\/2024\/10\/Almabtrieb-Jerzens-2022-16_TVB-Pitztal_Julian-Pernsteiner_Jerzens-1.webp\" \/>\n\t<meta property=\"og:image:width\" content=\"1780\" \/>\n\t<meta property=\"og:image:height\" content=\"1272\" \/>\n\t<meta property=\"og:image:type\" content=\"image\/webp\" \/>\n<meta name=\"twitter:card\" content=\"summary_large_image\" \/>\n<meta name=\"twitter:label1\" content=\"Dur\u00e9e de lecture estim\u00e9e\" \/>\n\t<meta name=\"twitter:data1\" content=\"1 minute\" \/>\n<script type=\"application\/ld+json\" class=\"yoast-schema-graph\">{\"@context\":\"https:\\\/\\\/schema.org\",\"@graph\":[{\"@type\":\"WebPage\",\"@id\":\"https:\\\/\\\/jerznerhof.at\\\/fr\\\/evenements\\\/desalpe-et-fete-de-leglise-a-jerzens\\\/\",\"url\":\"https:\\\/\\\/jerznerhof.at\\\/fr\\\/evenements\\\/desalpe-et-fete-de-leglise-a-jerzens\\\/\",\"name\":\"D\u00e9salpe et f\u00eate de l\u2019\u00e9glise \u00e0 Jerzens\u00a0| Tradition\u00a0| Tyrol\u00a0| Vacances \u00e0 Pitztal\",\"isPartOf\":{\"@id\":\"https:\\\/\\\/jerznerhof.at\\\/fr\\\/#website\"},\"primaryImageOfPage\":{\"@id\":\"https:\\\/\\\/jerznerhof.at\\\/fr\\\/evenements\\\/desalpe-et-fete-de-leglise-a-jerzens\\\/#primaryimage\"},\"image\":{\"@id\":\"https:\\\/\\\/jerznerhof.at\\\/fr\\\/evenements\\\/desalpe-et-fete-de-leglise-a-jerzens\\\/#primaryimage\"},\"thumbnailUrl\":\"https:\\\/\\\/jerznerhof.at\\\/wp-content\\\/uploads\\\/2024\\\/10\\\/Almabtrieb-Jerzens-2022-16_TVB-Pitztal_Julian-Pernsteiner_Jerzens-1.webp\",\"datePublished\":\"2025-09-12T14:00:18+00:00\",\"dateModified\":\"2026-01-16T08:50:38+00:00\",\"description\":\"Avec ses vaches d\u00e9cor\u00e9es qui traversent le village, la d\u00e9salpe est une f\u00eate pleine de charme. Elle s\u2019accompagne de manifestations musicales, de sp\u00e9cialit\u00e9s \u00e0 d\u00e9guster et d\u2019un programme haut en couleur.\",\"breadcrumb\":{\"@id\":\"https:\\\/\\\/jerznerhof.at\\\/fr\\\/evenements\\\/desalpe-et-fete-de-leglise-a-jerzens\\\/#breadcrumb\"},\"inLanguage\":\"fr-FR\",\"potentialAction\":[{\"@type\":\"ReadAction\",\"target\":[\"https:\\\/\\\/jerznerhof.at\\\/fr\\\/evenements\\\/desalpe-et-fete-de-leglise-a-jerzens\\\/\"]}]},{\"@type\":\"ImageObject\",\"inLanguage\":\"fr-FR\",\"@id\":\"https:\\\/\\\/jerznerhof.at\\\/fr\\\/evenements\\\/desalpe-et-fete-de-leglise-a-jerzens\\\/#primaryimage\",\"url\":\"https:\\\/\\\/jerznerhof.at\\\/wp-content\\\/uploads\\\/2024\\\/10\\\/Almabtrieb-Jerzens-2022-16_TVB-Pitztal_Julian-Pernsteiner_Jerzens-1.webp\",\"contentUrl\":\"https:\\\/\\\/jerznerhof.at\\\/wp-content\\\/uploads\\\/2024\\\/10\\\/Almabtrieb-Jerzens-2022-16_TVB-Pitztal_Julian-Pernsteiner_Jerzens-1.webp\"},{\"@type\":\"BreadcrumbList\",\"@id\":\"https:\\\/\\\/jerznerhof.at\\\/fr\\\/evenements\\\/desalpe-et-fete-de-leglise-a-jerzens\\\/#breadcrumb\",\"itemListElement\":[{\"@type\":\"ListItem\",\"position\":1,\"name\":\"Startseite\",\"item\":\"https:\\\/\\\/jerznerhof.at\\\/fr\\\/\"},{\"@type\":\"ListItem\",\"position\":2,\"name\":\"\u00c9v\u00e9nements\",\"item\":\"https:\\\/\\\/jerznerhof.at\\\/fr\\\/events\\\/\"},{\"@type\":\"ListItem\",\"position\":3,\"name\":\"D\u00e9salpe et f\u00eate de l\u2019\u00e9glise \u00e0 Jerzens\"}]},{\"@type\":\"WebSite\",\"@id\":\"https:\\\/\\\/jerznerhof.at\\\/fr\\\/#website\",\"url\":\"https:\\\/\\\/jerznerhof.at\\\/fr\\\/\",\"name\":\"Jerzner Hof****s\",\"description\":\"Wellnesshotel im Pitztal\",\"publisher\":{\"@id\":\"https:\\\/\\\/jerznerhof.at\\\/fr\\\/#organization\"},\"potentialAction\":[{\"@type\":\"SearchAction\",\"target\":{\"@type\":\"EntryPoint\",\"urlTemplate\":\"https:\\\/\\\/jerznerhof.at\\\/fr\\\/?s={search_term_string}\"},\"query-input\":{\"@type\":\"PropertyValueSpecification\",\"valueRequired\":true,\"valueName\":\"search_term_string\"}}],\"inLanguage\":\"fr-FR\"},{\"@type\":\"Organization\",\"@id\":\"https:\\\/\\\/jerznerhof.at\\\/fr\\\/#organization\",\"name\":\"Jerzner Hof****s\",\"url\":\"https:\\\/\\\/jerznerhof.at\\\/fr\\\/\",\"logo\":{\"@type\":\"ImageObject\",\"inLanguage\":\"fr-FR\",\"@id\":\"https:\\\/\\\/jerznerhof.at\\\/fr\\\/#\\\/schema\\\/logo\\\/image\\\/\",\"url\":\"https:\\\/\\\/jerznerhof.at\\\/wp-content\\\/uploads\\\/2024\\\/10\\\/2024_Logo_Jerzner-Hof_Logo-mit-Sterne-Superior_hell.svg\",\"contentUrl\":\"https:\\\/\\\/jerznerhof.at\\\/wp-content\\\/uploads\\\/2024\\\/10\\\/2024_Logo_Jerzner-Hof_Logo-mit-Sterne-Superior_hell.svg\",\"width\":300,\"height\":225,\"caption\":\"Jerzner Hof****s\"},\"image\":{\"@id\":\"https:\\\/\\\/jerznerhof.at\\\/fr\\\/#\\\/schema\\\/logo\\\/image\\\/\"}}]}<\/script>\n<!-- \/ Yoast SEO plugin. -->","yoast_head_json":{"title":"D\u00e9salpe et f\u00eate de l\u2019\u00e9glise \u00e0 Jerzens\u00a0| Tradition\u00a0| Tyrol\u00a0| Vacances \u00e0 Pitztal","description":"Avec ses vaches d\u00e9cor\u00e9es qui traversent le village, la d\u00e9salpe est une f\u00eate pleine de charme. Elle s\u2019accompagne de manifestations musicales, de sp\u00e9cialit\u00e9s \u00e0 d\u00e9guster et d\u2019un programme haut en couleur.","robots":{"index":"index","follow":"follow","max-snippet":"max-snippet:-1","max-image-preview":"max-image-preview:large","max-video-preview":"max-video-preview:-1"},"canonical":"https:\/\/jerznerhof.at\/fr\/evenements\/desalpe-et-fete-de-leglise-a-jerzens\/","og_locale":"fr_FR","og_type":"article","og_title":"D\u00e9salpe et f\u00eate de l\u2019\u00e9glise \u00e0 Jerzens\u00a0| Tradition\u00a0| Tyrol\u00a0| Vacances \u00e0 Pitztal","og_description":"Avec ses vaches d\u00e9cor\u00e9es qui traversent le village, la d\u00e9salpe est une f\u00eate pleine de charme. Elle s\u2019accompagne de manifestations musicales, de sp\u00e9cialit\u00e9s \u00e0 d\u00e9guster et d\u2019un programme haut en couleur.","og_url":"https:\/\/jerznerhof.at\/fr\/evenements\/desalpe-et-fete-de-leglise-a-jerzens\/","og_site_name":"Jerzner Hof****s","article_modified_time":"2026-01-16T08:50:38+00:00","og_image":[{"width":1780,"height":1272,"url":"https:\/\/jerznerhof.at\/wp-content\/uploads\/2024\/10\/Almabtrieb-Jerzens-2022-16_TVB-Pitztal_Julian-Pernsteiner_Jerzens-1.webp","type":"image\/webp"}],"twitter_card":"summary_large_image","twitter_misc":{"Dur\u00e9e de lecture estim\u00e9e":"1 minute"},"schema":{"@context":"https:\/\/schema.org","@graph":[{"@type":"WebPage","@id":"https:\/\/jerznerhof.at\/fr\/evenements\/desalpe-et-fete-de-leglise-a-jerzens\/","url":"https:\/\/jerznerhof.at\/fr\/evenements\/desalpe-et-fete-de-leglise-a-jerzens\/","name":"D\u00e9salpe et f\u00eate de l\u2019\u00e9glise \u00e0 Jerzens\u00a0| Tradition\u00a0| Tyrol\u00a0| Vacances \u00e0 Pitztal","isPartOf":{"@id":"https:\/\/jerznerhof.at\/fr\/#website"},"primaryImageOfPage":{"@id":"https:\/\/jerznerhof.at\/fr\/evenements\/desalpe-et-fete-de-leglise-a-jerzens\/#primaryimage"},"image":{"@id":"https:\/\/jerznerhof.at\/fr\/evenements\/desalpe-et-fete-de-leglise-a-jerzens\/#primaryimage"},"thumbnailUrl":"https:\/\/jerznerhof.at\/wp-content\/uploads\/2024\/10\/Almabtrieb-Jerzens-2022-16_TVB-Pitztal_Julian-Pernsteiner_Jerzens-1.webp","datePublished":"2025-09-12T14:00:18+00:00","dateModified":"2026-01-16T08:50:38+00:00","description":"Avec ses vaches d\u00e9cor\u00e9es qui traversent le village, la d\u00e9salpe est une f\u00eate pleine de charme. Elle s\u2019accompagne de manifestations musicales, de sp\u00e9cialit\u00e9s \u00e0 d\u00e9guster et d\u2019un programme haut en couleur.","breadcrumb":{"@id":"https:\/\/jerznerhof.at\/fr\/evenements\/desalpe-et-fete-de-leglise-a-jerzens\/#breadcrumb"},"inLanguage":"fr-FR","potentialAction":[{"@type":"ReadAction","target":["https:\/\/jerznerhof.at\/fr\/evenements\/desalpe-et-fete-de-leglise-a-jerzens\/"]}]},{"@type":"ImageObject","inLanguage":"fr-FR","@id":"https:\/\/jerznerhof.at\/fr\/evenements\/desalpe-et-fete-de-leglise-a-jerzens\/#primaryimage","url":"https:\/\/jerznerhof.at\/wp-content\/uploads\/2024\/10\/Almabtrieb-Jerzens-2022-16_TVB-Pitztal_Julian-Pernsteiner_Jerzens-1.webp","contentUrl":"https:\/\/jerznerhof.at\/wp-content\/uploads\/2024\/10\/Almabtrieb-Jerzens-2022-16_TVB-Pitztal_Julian-Pernsteiner_Jerzens-1.webp"},{"@type":"BreadcrumbList","@id":"https:\/\/jerznerhof.at\/fr\/evenements\/desalpe-et-fete-de-leglise-a-jerzens\/#breadcrumb","itemListElement":[{"@type":"ListItem","position":1,"name":"Startseite","item":"https:\/\/jerznerhof.at\/fr\/"},{"@type":"ListItem","position":2,"name":"\u00c9v\u00e9nements","item":"https:\/\/jerznerhof.at\/fr\/events\/"},{"@type":"ListItem","position":3,"name":"D\u00e9salpe et f\u00eate de l\u2019\u00e9glise \u00e0 Jerzens"}]},{"@type":"WebSite","@id":"https:\/\/jerznerhof.at\/fr\/#website","url":"https:\/\/jerznerhof.at\/fr\/","name":"Jerzner Hof****s","description":"Wellnesshotel im Pitztal","publisher":{"@id":"https:\/\/jerznerhof.at\/fr\/#organization"},"potentialAction":[{"@type":"SearchAction","target":{"@type":"EntryPoint","urlTemplate":"https:\/\/jerznerhof.at\/fr\/?s={search_term_string}"},"query-input":{"@type":"PropertyValueSpecification","valueRequired":true,"valueName":"search_term_string"}}],"inLanguage":"fr-FR"},{"@type":"Organization","@id":"https:\/\/jerznerhof.at\/fr\/#organization","name":"Jerzner Hof****s","url":"https:\/\/jerznerhof.at\/fr\/","logo":{"@type":"ImageObject","inLanguage":"fr-FR","@id":"https:\/\/jerznerhof.at\/fr\/#\/schema\/logo\/image\/","url":"https:\/\/jerznerhof.at\/wp-content\/uploads\/2024\/10\/2024_Logo_Jerzner-Hof_Logo-mit-Sterne-Superior_hell.svg","contentUrl":"https:\/\/jerznerhof.at\/wp-content\/uploads\/2024\/10\/2024_Logo_Jerzner-Hof_Logo-mit-Sterne-Superior_hell.svg","width":300,"height":225,"caption":"Jerzner Hof****s"},"image":{"@id":"https:\/\/jerznerhof.at\/fr\/#\/schema\/logo\/image\/"}}]}},"_links":{"self":[{"href":"https:\/\/jerznerhof.at\/fr\/wp-json\/wp\/v2\/pages\/8179","targetHints":{"allow":["GET"]}}],"collection":[{"href":"https:\/\/jerznerhof.at\/fr\/wp-json\/wp\/v2\/pages"}],"about":[{"href":"https:\/\/jerznerhof.at\/fr\/wp-json\/wp\/v2\/types\/page"}],"author":[{"embeddable":true,"href":"https:\/\/jerznerhof.at\/fr\/wp-json\/wp\/v2\/users\/1"}],"replies":[{"embeddable":true,"href":"https:\/\/jerznerhof.at\/fr\/wp-json\/wp\/v2\/comments?post=8179"}],"version-history":[{"count":9,"href":"https:\/\/jerznerhof.at\/fr\/wp-json\/wp\/v2\/pages\/8179\/revisions"}],"predecessor-version":[{"id":10486,"href":"https:\/\/jerznerhof.at\/fr\/wp-json\/wp\/v2\/pages\/8179\/revisions\/10486"}],"up":[{"embeddable":true,"href":"https:\/\/jerznerhof.at\/fr\/wp-json\/wp\/v2\/pages\/8192"}],"wp:attachment":[{"href":"https:\/\/jerznerhof.at\/fr\/wp-json\/wp\/v2\/media?parent=8179"}],"curies":[{"name":"wp","href":"https:\/\/api.w.org\/{rel}","templated":true}]}}