{"id":8166,"date":"2024-10-18T08:17:59","date_gmt":"2024-10-18T08:17:59","guid":{"rendered":"https:\/\/jerznerhof.at\/reservation\/"},"modified":"2025-09-29T14:10:14","modified_gmt":"2025-09-29T14:10:14","slug":"reservation","status":"publish","type":"page","link":"https:\/\/jerznerhof.at\/fr\/reservation\/","title":{"rendered":"R\u00e9servation"},"content":{"rendered":"\t\t<div data-elementor-type=\"wp-page\" data-elementor-id=\"8166\" class=\"elementor elementor-8166 elementor-1684\" data-elementor-post-type=\"page\">\n\t\t\t\t<div class=\"elementor-element elementor-element-61d2dcb e-flex e-con-boxed e-con e-parent\" data-id=\"61d2dcb\" data-element_type=\"container\" data-e-type=\"container\">\n\t\t\t\t\t<div class=\"e-con-inner\">\n\t\t<div class=\"elementor-element elementor-element-393d150 e-con-full e-flex e-con e-child\" data-id=\"393d150\" data-element_type=\"container\" data-e-type=\"container\">\n\t\t\t\t<div class=\"elementor-element elementor-element-0d1547e elementor-widget elementor-widget-heading\" data-id=\"0d1547e\" data-element_type=\"widget\" data-e-type=\"widget\" data-widget_type=\"heading.default\">\n\t\t\t\t\t<h2 class=\"elementor-heading-title elementor-size-default\">Simple et direct<\/h2>\t\t\t\t<\/div>\n\t\t\t\t<div class=\"elementor-element elementor-element-0d70058 elementor-widget elementor-widget-heading\" data-id=\"0d70058\" data-element_type=\"widget\" data-e-type=\"widget\" data-widget_type=\"heading.default\">\n\t\t\t\t\t<h1 class=\"elementor-heading-title elementor-size-default\">R\u00e9servez maintenant\u00a0!<\/h1>\t\t\t\t<\/div>\n\t\t\t\t<\/div>\n\t\t\t\t<div class=\"elementor-element elementor-element-b0f8f26 elementor-widget elementor-widget-text-editor\" data-id=\"b0f8f26\" data-element_type=\"widget\" data-e-type=\"widget\" data-widget_type=\"text-editor.default\">\n\t\t\t\t\t\t\t\t\t<p>Passez des moments inoubliables dans le Pitztal. Les vacances de vos r\u00eaves vous y attendent\u00a0!<\/p>\n\t\t\t\t\t\t\t\t<\/div>\n\t\t\t\t<div class=\"elementor-element elementor-element-4c3043a elementor-widget elementor-widget-html\" data-id=\"4c3043a\" data-element_type=\"widget\" data-e-type=\"widget\" data-widget_type=\"html.default\">\n\t\t\t\t\t<div id=\"vri-container-737\"><\/div><br><script type=\"text\/javascript\">\r\n  ( function ( v, i, o, m, a ){\r\n    if ( !( o in v ) ) {\r\n      v.vioma_vri=o;\r\n      v[o] || ( v[o] = function ( ){ ( v[o].q = v[o].q || [] ).push ( arguments ); } );\r\n      m = i.createElement( 'script' ), a = i.scripts[0]; m.src = 'https:\/\/cst-client-hotel-jerznerhof3.viomassl.com\/js\/vri\/vri.js'; a.parentNode.insertBefore ( m, a ); } } )( window, document, 'vcst' ); vcst( {load: 'init', url: 'https:\/\/cst-client-hotel-jerznerhof3.viomassl.com\/', set_language: 'fr'} ); vcst( {id: 737} );\r\n<\/script>\t\t\t\t<\/div>\n\t\t\t\t\t<\/div>\n\t\t\t\t<\/div>\n\t\t\t\t<\/div>\n\t\t","protected":false},"excerpt":{"rendered":"<p>Simple et direct R\u00e9servez maintenant\u00a0! Passez des moments inoubliables dans le Pitztal. Les vacances de vos r\u00eaves vous y attendent\u00a0!<\/p>\n","protected":false},"author":1,"featured_media":0,"parent":0,"menu_order":33,"comment_status":"closed","ping_status":"closed","template":"","meta":{"_acf_changed":false,"footnotes":""},"class_list":["post-8166","page","type-page","status-publish","hentry"],"acf":[],"yoast_head":"<!-- This site is optimized with the Yoast SEO plugin v27.3 - https:\/\/yoast.com\/product\/yoast-seo-wordpress\/ -->\n<title>R\u00e9servation\u00a0| Vacances de r\u00eave\u00a0| Vacances au Tyrol\u00a0| Pitztal\u00a0| H\u00f4tel 4\u00a0\u00e9toiles<\/title>\n<meta name=\"description\" content=\"Passez des moments inoubliables dans le Pitztal. Les vacances de vos r\u00eaves vous y attendent\u00a0! R\u00e9server d\u00e8s maintenant des vacances de r\u00eave au meilleur prix.\" \/>\n<meta name=\"robots\" content=\"index, follow, max-snippet:-1, max-image-preview:large, max-video-preview:-1\" \/>\n<link rel=\"canonical\" href=\"https:\/\/jerznerhof.at\/fr\/reservation\/\" \/>\n<meta property=\"og:locale\" content=\"fr_FR\" \/>\n<meta property=\"og:type\" content=\"article\" \/>\n<meta property=\"og:title\" content=\"R\u00e9servation\u00a0| Vacances de r\u00eave\u00a0| Vacances au Tyrol\u00a0| Pitztal\u00a0| H\u00f4tel 4\u00a0\u00e9toiles\" \/>\n<meta property=\"og:description\" content=\"Passez des moments inoubliables dans le Pitztal. Les vacances de vos r\u00eaves vous y attendent\u00a0! R\u00e9server d\u00e8s maintenant des vacances de r\u00eave au meilleur prix.\" \/>\n<meta property=\"og:url\" content=\"https:\/\/jerznerhof.at\/fr\/reservation\/\" \/>\n<meta property=\"og:site_name\" content=\"Jerzner Hof****s\" \/>\n<meta property=\"article:modified_time\" content=\"2025-09-29T14:10:14+00:00\" \/>\n<meta name=\"twitter:card\" content=\"summary_large_image\" \/>\n<script type=\"application\/ld+json\" class=\"yoast-schema-graph\">{\"@context\":\"https:\\\/\\\/schema.org\",\"@graph\":[{\"@type\":\"WebPage\",\"@id\":\"https:\\\/\\\/jerznerhof.at\\\/fr\\\/reservation\\\/\",\"url\":\"https:\\\/\\\/jerznerhof.at\\\/fr\\\/reservation\\\/\",\"name\":\"R\u00e9servation\u00a0| Vacances de r\u00eave\u00a0| Vacances au Tyrol\u00a0| Pitztal\u00a0| H\u00f4tel 4\u00a0\u00e9toiles\",\"isPartOf\":{\"@id\":\"https:\\\/\\\/jerznerhof.at\\\/fr\\\/#website\"},\"datePublished\":\"2024-10-18T08:17:59+00:00\",\"dateModified\":\"2025-09-29T14:10:14+00:00\",\"description\":\"Passez des moments inoubliables dans le Pitztal. Les vacances de vos r\u00eaves vous y attendent\u00a0! R\u00e9server d\u00e8s maintenant des vacances de r\u00eave au meilleur prix.\",\"breadcrumb\":{\"@id\":\"https:\\\/\\\/jerznerhof.at\\\/fr\\\/reservation\\\/#breadcrumb\"},\"inLanguage\":\"fr-FR\",\"potentialAction\":[{\"@type\":\"ReadAction\",\"target\":[\"https:\\\/\\\/jerznerhof.at\\\/fr\\\/reservation\\\/\"]}]},{\"@type\":\"BreadcrumbList\",\"@id\":\"https:\\\/\\\/jerznerhof.at\\\/fr\\\/reservation\\\/#breadcrumb\",\"itemListElement\":[{\"@type\":\"ListItem\",\"position\":1,\"name\":\"Startseite\",\"item\":\"https:\\\/\\\/jerznerhof.at\\\/fr\\\/\"},{\"@type\":\"ListItem\",\"position\":2,\"name\":\"R\u00e9servation\"}]},{\"@type\":\"WebSite\",\"@id\":\"https:\\\/\\\/jerznerhof.at\\\/fr\\\/#website\",\"url\":\"https:\\\/\\\/jerznerhof.at\\\/fr\\\/\",\"name\":\"Jerzner Hof****s\",\"description\":\"Wellnesshotel im Pitztal\",\"publisher\":{\"@id\":\"https:\\\/\\\/jerznerhof.at\\\/fr\\\/#organization\"},\"potentialAction\":[{\"@type\":\"SearchAction\",\"target\":{\"@type\":\"EntryPoint\",\"urlTemplate\":\"https:\\\/\\\/jerznerhof.at\\\/fr\\\/?s={search_term_string}\"},\"query-input\":{\"@type\":\"PropertyValueSpecification\",\"valueRequired\":true,\"valueName\":\"search_term_string\"}}],\"inLanguage\":\"fr-FR\"},{\"@type\":\"Organization\",\"@id\":\"https:\\\/\\\/jerznerhof.at\\\/fr\\\/#organization\",\"name\":\"Jerzner Hof****s\",\"url\":\"https:\\\/\\\/jerznerhof.at\\\/fr\\\/\",\"logo\":{\"@type\":\"ImageObject\",\"inLanguage\":\"fr-FR\",\"@id\":\"https:\\\/\\\/jerznerhof.at\\\/fr\\\/#\\\/schema\\\/logo\\\/image\\\/\",\"url\":\"https:\\\/\\\/jerznerhof.at\\\/wp-content\\\/uploads\\\/2024\\\/10\\\/2024_Logo_Jerzner-Hof_Logo-mit-Sterne-Superior_hell.svg\",\"contentUrl\":\"https:\\\/\\\/jerznerhof.at\\\/wp-content\\\/uploads\\\/2024\\\/10\\\/2024_Logo_Jerzner-Hof_Logo-mit-Sterne-Superior_hell.svg\",\"width\":300,\"height\":225,\"caption\":\"Jerzner Hof****s\"},\"image\":{\"@id\":\"https:\\\/\\\/jerznerhof.at\\\/fr\\\/#\\\/schema\\\/logo\\\/image\\\/\"}}]}<\/script>\n<!-- \/ Yoast SEO plugin. -->","yoast_head_json":{"title":"R\u00e9servation\u00a0| Vacances de r\u00eave\u00a0| Vacances au Tyrol\u00a0| Pitztal\u00a0| H\u00f4tel 4\u00a0\u00e9toiles","description":"Passez des moments inoubliables dans le Pitztal. Les vacances de vos r\u00eaves vous y attendent\u00a0! R\u00e9server d\u00e8s maintenant des vacances de r\u00eave au meilleur prix.","robots":{"index":"index","follow":"follow","max-snippet":"max-snippet:-1","max-image-preview":"max-image-preview:large","max-video-preview":"max-video-preview:-1"},"canonical":"https:\/\/jerznerhof.at\/fr\/reservation\/","og_locale":"fr_FR","og_type":"article","og_title":"R\u00e9servation\u00a0| Vacances de r\u00eave\u00a0| Vacances au Tyrol\u00a0| Pitztal\u00a0| H\u00f4tel 4\u00a0\u00e9toiles","og_description":"Passez des moments inoubliables dans le Pitztal. Les vacances de vos r\u00eaves vous y attendent\u00a0! R\u00e9server d\u00e8s maintenant des vacances de r\u00eave au meilleur prix.","og_url":"https:\/\/jerznerhof.at\/fr\/reservation\/","og_site_name":"Jerzner Hof****s","article_modified_time":"2025-09-29T14:10:14+00:00","twitter_card":"summary_large_image","schema":{"@context":"https:\/\/schema.org","@graph":[{"@type":"WebPage","@id":"https:\/\/jerznerhof.at\/fr\/reservation\/","url":"https:\/\/jerznerhof.at\/fr\/reservation\/","name":"R\u00e9servation\u00a0| Vacances de r\u00eave\u00a0| Vacances au Tyrol\u00a0| Pitztal\u00a0| H\u00f4tel 4\u00a0\u00e9toiles","isPartOf":{"@id":"https:\/\/jerznerhof.at\/fr\/#website"},"datePublished":"2024-10-18T08:17:59+00:00","dateModified":"2025-09-29T14:10:14+00:00","description":"Passez des moments inoubliables dans le Pitztal. Les vacances de vos r\u00eaves vous y attendent\u00a0! R\u00e9server d\u00e8s maintenant des vacances de r\u00eave au meilleur prix.","breadcrumb":{"@id":"https:\/\/jerznerhof.at\/fr\/reservation\/#breadcrumb"},"inLanguage":"fr-FR","potentialAction":[{"@type":"ReadAction","target":["https:\/\/jerznerhof.at\/fr\/reservation\/"]}]},{"@type":"BreadcrumbList","@id":"https:\/\/jerznerhof.at\/fr\/reservation\/#breadcrumb","itemListElement":[{"@type":"ListItem","position":1,"name":"Startseite","item":"https:\/\/jerznerhof.at\/fr\/"},{"@type":"ListItem","position":2,"name":"R\u00e9servation"}]},{"@type":"WebSite","@id":"https:\/\/jerznerhof.at\/fr\/#website","url":"https:\/\/jerznerhof.at\/fr\/","name":"Jerzner Hof****s","description":"Wellnesshotel im Pitztal","publisher":{"@id":"https:\/\/jerznerhof.at\/fr\/#organization"},"potentialAction":[{"@type":"SearchAction","target":{"@type":"EntryPoint","urlTemplate":"https:\/\/jerznerhof.at\/fr\/?s={search_term_string}"},"query-input":{"@type":"PropertyValueSpecification","valueRequired":true,"valueName":"search_term_string"}}],"inLanguage":"fr-FR"},{"@type":"Organization","@id":"https:\/\/jerznerhof.at\/fr\/#organization","name":"Jerzner Hof****s","url":"https:\/\/jerznerhof.at\/fr\/","logo":{"@type":"ImageObject","inLanguage":"fr-FR","@id":"https:\/\/jerznerhof.at\/fr\/#\/schema\/logo\/image\/","url":"https:\/\/jerznerhof.at\/wp-content\/uploads\/2024\/10\/2024_Logo_Jerzner-Hof_Logo-mit-Sterne-Superior_hell.svg","contentUrl":"https:\/\/jerznerhof.at\/wp-content\/uploads\/2024\/10\/2024_Logo_Jerzner-Hof_Logo-mit-Sterne-Superior_hell.svg","width":300,"height":225,"caption":"Jerzner Hof****s"},"image":{"@id":"https:\/\/jerznerhof.at\/fr\/#\/schema\/logo\/image\/"}}]}},"_links":{"self":[{"href":"https:\/\/jerznerhof.at\/fr\/wp-json\/wp\/v2\/pages\/8166","targetHints":{"allow":["GET"]}}],"collection":[{"href":"https:\/\/jerznerhof.at\/fr\/wp-json\/wp\/v2\/pages"}],"about":[{"href":"https:\/\/jerznerhof.at\/fr\/wp-json\/wp\/v2\/types\/page"}],"author":[{"embeddable":true,"href":"https:\/\/jerznerhof.at\/fr\/wp-json\/wp\/v2\/users\/1"}],"replies":[{"embeddable":true,"href":"https:\/\/jerznerhof.at\/fr\/wp-json\/wp\/v2\/comments?post=8166"}],"version-history":[{"count":9,"href":"https:\/\/jerznerhof.at\/fr\/wp-json\/wp\/v2\/pages\/8166\/revisions"}],"predecessor-version":[{"id":9102,"href":"https:\/\/jerznerhof.at\/fr\/wp-json\/wp\/v2\/pages\/8166\/revisions\/9102"}],"wp:attachment":[{"href":"https:\/\/jerznerhof.at\/fr\/wp-json\/wp\/v2\/media?parent=8166"}],"curies":[{"name":"wp","href":"https:\/\/api.w.org\/{rel}","templated":true}]}}