{"id":8164,"date":"2024-10-18T08:18:43","date_gmt":"2024-10-18T08:18:43","guid":{"rendered":"https:\/\/jerznerhof.at\/demandes-dinformations\/"},"modified":"2025-06-16T14:33:14","modified_gmt":"2025-06-16T14:33:14","slug":"demandes-dinformations","status":"publish","type":"page","link":"https:\/\/jerznerhof.at\/fr\/demandes-dinformations\/","title":{"rendered":"Demandes d\u2019informations"},"content":{"rendered":"\t\t<div data-elementor-type=\"wp-page\" data-elementor-id=\"8164\" class=\"elementor elementor-8164 elementor-1686\" data-elementor-post-type=\"page\">\n\t\t\t\t<div class=\"elementor-element elementor-element-ad96a76 e-flex e-con-boxed e-con e-parent\" data-id=\"ad96a76\" data-element_type=\"container\" data-e-type=\"container\">\n\t\t\t\t\t<div class=\"e-con-inner\">\n\t\t<div class=\"elementor-element elementor-element-d8b5fc0 e-con-full e-flex e-con e-child\" data-id=\"d8b5fc0\" data-element_type=\"container\" data-e-type=\"container\">\n\t\t\t\t<div class=\"elementor-element elementor-element-fcea1e1 elementor-widget elementor-widget-heading\" data-id=\"fcea1e1\" data-element_type=\"widget\" data-e-type=\"widget\" data-widget_type=\"heading.default\">\n\t\t\t\t\t<h2 class=\"elementor-heading-title elementor-size-default\">Simple et sans engagement<\/h2>\t\t\t\t<\/div>\n\t\t\t\t<div class=\"elementor-element elementor-element-c8850ff elementor-widget elementor-widget-heading\" data-id=\"c8850ff\" data-element_type=\"widget\" data-e-type=\"widget\" data-widget_type=\"heading.default\">\n\t\t\t\t\t<h1 class=\"elementor-heading-title elementor-size-default\">Envoyer une demande d\u2019informations<\/h1>\t\t\t\t<\/div>\n\t\t\t\t<\/div>\n\t\t\t\t<div class=\"elementor-element elementor-element-b348d61 elementor-widget elementor-widget-text-editor\" data-id=\"b348d61\" data-element_type=\"widget\" data-e-type=\"widget\" data-widget_type=\"text-editor.default\">\n\t\t\t\t\t\t\t\t\t<p>N\u2019h\u00e9sitez pas \u00e0 nous envoyer une demande, nous nous ferons un plaisir de vous r\u00e9pondre.<\/p>\n\t\t\t\t\t\t\t\t<\/div>\n\t\t\t\t<div class=\"elementor-element elementor-element-626844b elementor-widget elementor-widget-html\" data-id=\"626844b\" data-element_type=\"widget\" data-e-type=\"widget\" data-widget_type=\"html.default\">\n\t\t\t\t\t<div id=\"vri-container-12070\"><\/div><br><script type=\"text\/javascript\">\r\n  ( function ( v, i, o, m, a ){\r\n    if ( !( o in v ) ) {\r\n      v.vioma_vri=o;\r\n      v[o] || ( v[o] = function ( ){ ( v[o].q = v[o].q || [] ).push ( arguments ); } );\r\n      m = i.createElement( 'script' ), a = i.scripts[0]; m.src = 'https:\/\/cst-client-hotel-jerznerhof3.viomassl.com\/js\/vri\/vri.js'; a.parentNode.insertBefore ( m, a ); } } )( window, document, 'vcst' ); vcst( {load: 'init', url: 'https:\/\/cst-client-hotel-jerznerhof3.viomassl.com\/', set_language: 'fr'} ); vcst( {id: 12070} );\r\n<\/script>\t\t\t\t<\/div>\n\t\t\t\t\t<\/div>\n\t\t\t\t<\/div>\n\t\t\t\t<\/div>\n\t\t","protected":false},"excerpt":{"rendered":"<p>Simple et sans engagement Envoyer une demande d\u2019informations N\u2019h\u00e9sitez pas \u00e0 nous envoyer une demande, nous nous ferons un plaisir de vous r\u00e9pondre.<\/p>\n","protected":false},"author":1,"featured_media":0,"parent":0,"menu_order":33,"comment_status":"closed","ping_status":"closed","template":"","meta":{"_acf_changed":false,"footnotes":""},"class_list":["post-8164","page","type-page","status-publish","hentry"],"acf":[],"yoast_head":"<!-- This site is optimized with the Yoast SEO plugin v27.4 - https:\/\/yoast.com\/product\/yoast-seo-wordpress\/ -->\n<title>Envoyer une demande\u00a0| Simple et sans engagement\u00a0| Vacances de r\u00eave<\/title>\n<meta name=\"description\" content=\"N\u2019h\u00e9sitez pas \u00e0 nous envoyer une demande, c\u2019est rapide et sans engagement. Nous vous r\u00e9pondrons au plus vite en vous proposant un devis.\" \/>\n<meta name=\"robots\" content=\"index, follow, max-snippet:-1, max-image-preview:large, max-video-preview:-1\" \/>\n<link rel=\"canonical\" href=\"https:\/\/jerznerhof.at\/fr\/demandes-dinformations\/\" \/>\n<meta property=\"og:locale\" content=\"fr_FR\" \/>\n<meta property=\"og:type\" content=\"article\" \/>\n<meta property=\"og:title\" content=\"Envoyer une demande\u00a0| Simple et sans engagement\u00a0| Vacances de r\u00eave\" \/>\n<meta property=\"og:description\" content=\"N\u2019h\u00e9sitez pas \u00e0 nous envoyer une demande, c\u2019est rapide et sans engagement. Nous vous r\u00e9pondrons au plus vite en vous proposant un devis.\" \/>\n<meta property=\"og:url\" content=\"https:\/\/jerznerhof.at\/fr\/demandes-dinformations\/\" \/>\n<meta property=\"og:site_name\" content=\"Jerzner Hof****s\" \/>\n<meta property=\"article:modified_time\" content=\"2025-06-16T14:33:14+00:00\" \/>\n<meta name=\"twitter:card\" content=\"summary_large_image\" \/>\n<script type=\"application\/ld+json\" class=\"yoast-schema-graph\">{\"@context\":\"https:\\\/\\\/schema.org\",\"@graph\":[{\"@type\":\"WebPage\",\"@id\":\"https:\\\/\\\/jerznerhof.at\\\/fr\\\/demandes-dinformations\\\/\",\"url\":\"https:\\\/\\\/jerznerhof.at\\\/fr\\\/demandes-dinformations\\\/\",\"name\":\"Envoyer une demande\u00a0| Simple et sans engagement\u00a0| Vacances de r\u00eave\",\"isPartOf\":{\"@id\":\"https:\\\/\\\/jerznerhof.at\\\/fr\\\/#website\"},\"datePublished\":\"2024-10-18T08:18:43+00:00\",\"dateModified\":\"2025-06-16T14:33:14+00:00\",\"description\":\"N\u2019h\u00e9sitez pas \u00e0 nous envoyer une demande, c\u2019est rapide et sans engagement. Nous vous r\u00e9pondrons au plus vite en vous proposant un devis.\",\"breadcrumb\":{\"@id\":\"https:\\\/\\\/jerznerhof.at\\\/fr\\\/demandes-dinformations\\\/#breadcrumb\"},\"inLanguage\":\"fr-FR\",\"potentialAction\":[{\"@type\":\"ReadAction\",\"target\":[\"https:\\\/\\\/jerznerhof.at\\\/fr\\\/demandes-dinformations\\\/\"]}]},{\"@type\":\"BreadcrumbList\",\"@id\":\"https:\\\/\\\/jerznerhof.at\\\/fr\\\/demandes-dinformations\\\/#breadcrumb\",\"itemListElement\":[{\"@type\":\"ListItem\",\"position\":1,\"name\":\"Startseite\",\"item\":\"https:\\\/\\\/jerznerhof.at\\\/fr\\\/\"},{\"@type\":\"ListItem\",\"position\":2,\"name\":\"Demandes d\u2019informations\"}]},{\"@type\":\"WebSite\",\"@id\":\"https:\\\/\\\/jerznerhof.at\\\/fr\\\/#website\",\"url\":\"https:\\\/\\\/jerznerhof.at\\\/fr\\\/\",\"name\":\"Jerzner Hof****s\",\"description\":\"Wellnesshotel im Pitztal\",\"publisher\":{\"@id\":\"https:\\\/\\\/jerznerhof.at\\\/fr\\\/#organization\"},\"potentialAction\":[{\"@type\":\"SearchAction\",\"target\":{\"@type\":\"EntryPoint\",\"urlTemplate\":\"https:\\\/\\\/jerznerhof.at\\\/fr\\\/?s={search_term_string}\"},\"query-input\":{\"@type\":\"PropertyValueSpecification\",\"valueRequired\":true,\"valueName\":\"search_term_string\"}}],\"inLanguage\":\"fr-FR\"},{\"@type\":\"Organization\",\"@id\":\"https:\\\/\\\/jerznerhof.at\\\/fr\\\/#organization\",\"name\":\"Jerzner Hof****s\",\"url\":\"https:\\\/\\\/jerznerhof.at\\\/fr\\\/\",\"logo\":{\"@type\":\"ImageObject\",\"inLanguage\":\"fr-FR\",\"@id\":\"https:\\\/\\\/jerznerhof.at\\\/fr\\\/#\\\/schema\\\/logo\\\/image\\\/\",\"url\":\"https:\\\/\\\/jerznerhof.at\\\/wp-content\\\/uploads\\\/2024\\\/10\\\/2024_Logo_Jerzner-Hof_Logo-mit-Sterne-Superior_hell.svg\",\"contentUrl\":\"https:\\\/\\\/jerznerhof.at\\\/wp-content\\\/uploads\\\/2024\\\/10\\\/2024_Logo_Jerzner-Hof_Logo-mit-Sterne-Superior_hell.svg\",\"width\":300,\"height\":225,\"caption\":\"Jerzner Hof****s\"},\"image\":{\"@id\":\"https:\\\/\\\/jerznerhof.at\\\/fr\\\/#\\\/schema\\\/logo\\\/image\\\/\"}}]}<\/script>\n<!-- \/ Yoast SEO plugin. -->","yoast_head_json":{"title":"Envoyer une demande\u00a0| Simple et sans engagement\u00a0| Vacances de r\u00eave","description":"N\u2019h\u00e9sitez pas \u00e0 nous envoyer une demande, c\u2019est rapide et sans engagement. Nous vous r\u00e9pondrons au plus vite en vous proposant un devis.","robots":{"index":"index","follow":"follow","max-snippet":"max-snippet:-1","max-image-preview":"max-image-preview:large","max-video-preview":"max-video-preview:-1"},"canonical":"https:\/\/jerznerhof.at\/fr\/demandes-dinformations\/","og_locale":"fr_FR","og_type":"article","og_title":"Envoyer une demande\u00a0| Simple et sans engagement\u00a0| Vacances de r\u00eave","og_description":"N\u2019h\u00e9sitez pas \u00e0 nous envoyer une demande, c\u2019est rapide et sans engagement. Nous vous r\u00e9pondrons au plus vite en vous proposant un devis.","og_url":"https:\/\/jerznerhof.at\/fr\/demandes-dinformations\/","og_site_name":"Jerzner Hof****s","article_modified_time":"2025-06-16T14:33:14+00:00","twitter_card":"summary_large_image","schema":{"@context":"https:\/\/schema.org","@graph":[{"@type":"WebPage","@id":"https:\/\/jerznerhof.at\/fr\/demandes-dinformations\/","url":"https:\/\/jerznerhof.at\/fr\/demandes-dinformations\/","name":"Envoyer une demande\u00a0| Simple et sans engagement\u00a0| Vacances de r\u00eave","isPartOf":{"@id":"https:\/\/jerznerhof.at\/fr\/#website"},"datePublished":"2024-10-18T08:18:43+00:00","dateModified":"2025-06-16T14:33:14+00:00","description":"N\u2019h\u00e9sitez pas \u00e0 nous envoyer une demande, c\u2019est rapide et sans engagement. Nous vous r\u00e9pondrons au plus vite en vous proposant un devis.","breadcrumb":{"@id":"https:\/\/jerznerhof.at\/fr\/demandes-dinformations\/#breadcrumb"},"inLanguage":"fr-FR","potentialAction":[{"@type":"ReadAction","target":["https:\/\/jerznerhof.at\/fr\/demandes-dinformations\/"]}]},{"@type":"BreadcrumbList","@id":"https:\/\/jerznerhof.at\/fr\/demandes-dinformations\/#breadcrumb","itemListElement":[{"@type":"ListItem","position":1,"name":"Startseite","item":"https:\/\/jerznerhof.at\/fr\/"},{"@type":"ListItem","position":2,"name":"Demandes d\u2019informations"}]},{"@type":"WebSite","@id":"https:\/\/jerznerhof.at\/fr\/#website","url":"https:\/\/jerznerhof.at\/fr\/","name":"Jerzner Hof****s","description":"Wellnesshotel im Pitztal","publisher":{"@id":"https:\/\/jerznerhof.at\/fr\/#organization"},"potentialAction":[{"@type":"SearchAction","target":{"@type":"EntryPoint","urlTemplate":"https:\/\/jerznerhof.at\/fr\/?s={search_term_string}"},"query-input":{"@type":"PropertyValueSpecification","valueRequired":true,"valueName":"search_term_string"}}],"inLanguage":"fr-FR"},{"@type":"Organization","@id":"https:\/\/jerznerhof.at\/fr\/#organization","name":"Jerzner Hof****s","url":"https:\/\/jerznerhof.at\/fr\/","logo":{"@type":"ImageObject","inLanguage":"fr-FR","@id":"https:\/\/jerznerhof.at\/fr\/#\/schema\/logo\/image\/","url":"https:\/\/jerznerhof.at\/wp-content\/uploads\/2024\/10\/2024_Logo_Jerzner-Hof_Logo-mit-Sterne-Superior_hell.svg","contentUrl":"https:\/\/jerznerhof.at\/wp-content\/uploads\/2024\/10\/2024_Logo_Jerzner-Hof_Logo-mit-Sterne-Superior_hell.svg","width":300,"height":225,"caption":"Jerzner Hof****s"},"image":{"@id":"https:\/\/jerznerhof.at\/fr\/#\/schema\/logo\/image\/"}}]}},"_links":{"self":[{"href":"https:\/\/jerznerhof.at\/fr\/wp-json\/wp\/v2\/pages\/8164","targetHints":{"allow":["GET"]}}],"collection":[{"href":"https:\/\/jerznerhof.at\/fr\/wp-json\/wp\/v2\/pages"}],"about":[{"href":"https:\/\/jerznerhof.at\/fr\/wp-json\/wp\/v2\/types\/page"}],"author":[{"embeddable":true,"href":"https:\/\/jerznerhof.at\/fr\/wp-json\/wp\/v2\/users\/1"}],"replies":[{"embeddable":true,"href":"https:\/\/jerznerhof.at\/fr\/wp-json\/wp\/v2\/comments?post=8164"}],"version-history":[{"count":9,"href":"https:\/\/jerznerhof.at\/fr\/wp-json\/wp\/v2\/pages\/8164\/revisions"}],"predecessor-version":[{"id":9100,"href":"https:\/\/jerznerhof.at\/fr\/wp-json\/wp\/v2\/pages\/8164\/revisions\/9100"}],"wp:attachment":[{"href":"https:\/\/jerznerhof.at\/fr\/wp-json\/wp\/v2\/media?parent=8164"}],"curies":[{"name":"wp","href":"https:\/\/api.w.org\/{rel}","templated":true}]}}