{"id":8155,"date":"2024-11-21T06:51:31","date_gmt":"2024-11-21T06:51:31","guid":{"rendered":"https:\/\/jerznerhof.at\/appartement-de-tourisme-burgstall\/"},"modified":"2026-04-01T14:23:04","modified_gmt":"2026-04-01T14:23:04","slug":"appartement-de-tourisme-burgstall","status":"publish","type":"page","link":"https:\/\/jerznerhof.at\/fr\/appartement-de-tourisme-burgstall\/","title":{"rendered":"Appartement de tourisme Burgstall"},"content":{"rendered":"\t\t<div data-elementor-type=\"wp-page\" data-elementor-id=\"8155\" class=\"elementor elementor-8155 elementor-5674\" data-elementor-post-type=\"page\">\n\t\t\t\t<div class=\"elementor-element elementor-element-f6df19b e-flex e-con-boxed e-con e-parent\" data-id=\"f6df19b\" data-element_type=\"container\" data-e-type=\"container\" data-settings=\"{&quot;motion_fx_motion_fx_scrolling&quot;:&quot;yes&quot;,&quot;motion_fx_opacity_effect&quot;:&quot;yes&quot;,&quot;motion_fx_opacity_direction&quot;:&quot;in-out&quot;,&quot;motion_fx_opacity_level&quot;:{&quot;unit&quot;:&quot;px&quot;,&quot;size&quot;:7,&quot;sizes&quot;:[]},&quot;motion_fx_opacity_range&quot;:{&quot;unit&quot;:&quot;%&quot;,&quot;size&quot;:&quot;&quot;,&quot;sizes&quot;:{&quot;start&quot;:53,&quot;end&quot;:86}},&quot;motion_fx_devices&quot;:[&quot;desktop&quot;,&quot;laptop&quot;,&quot;tablet_extra&quot;,&quot;tablet&quot;,&quot;mobile_extra&quot;,&quot;mobile&quot;]}\">\n\t\t\t\t\t<div class=\"e-con-inner\">\n\t\t<div class=\"elementor-element elementor-element-6c0b1c3 e-con-full e-flex e-con e-child\" data-id=\"6c0b1c3\" data-element_type=\"container\" data-e-type=\"container\" data-settings=\"{&quot;motion_fx_motion_fx_scrolling&quot;:&quot;yes&quot;,&quot;motion_fx_translateY_effect&quot;:&quot;yes&quot;,&quot;motion_fx_translateY_speed&quot;:{&quot;unit&quot;:&quot;px&quot;,&quot;size&quot;:1,&quot;sizes&quot;:[]},&quot;motion_fx_translateY_affectedRange&quot;:{&quot;unit&quot;:&quot;%&quot;,&quot;size&quot;:&quot;&quot;,&quot;sizes&quot;:{&quot;start&quot;:31,&quot;end&quot;:74}},&quot;motion_fx_devices&quot;:[&quot;desktop&quot;,&quot;laptop&quot;,&quot;tablet_extra&quot;,&quot;tablet&quot;,&quot;mobile_extra&quot;,&quot;mobile&quot;]}\">\n\t\t\t\t<div class=\"elementor-element elementor-element-ee016ff animated-slow elementor-invisible elementor-widget elementor-widget-heading\" data-id=\"ee016ff\" data-element_type=\"widget\" data-e-type=\"widget\" data-settings=\"{&quot;_animation&quot;:&quot;fadeInUp&quot;}\" data-widget_type=\"heading.default\">\n\t\t\t\t\t<h2 class=\"elementor-heading-title elementor-size-default\">Vacances dans le Pitztal<\/h2>\t\t\t\t<\/div>\n\t\t\t\t<div class=\"elementor-element elementor-element-8bb25be animated-slow elementor-invisible elementor-widget elementor-widget-heading\" data-id=\"8bb25be\" data-element_type=\"widget\" data-e-type=\"widget\" data-settings=\"{&quot;_animation&quot;:&quot;fadeInUp&quot;}\" data-widget_type=\"heading.default\">\n\t\t\t\t\t<h1 class=\"elementor-heading-title elementor-size-default\">Appartement de tourisme Burgstall<\/h1>\t\t\t\t<\/div>\n\t\t\t\t<\/div>\n\t\t\t\t<div class=\"elementor-element elementor-element-35cb756 animated-slow elementor-invisible elementor-widget elementor-widget-text-editor\" data-id=\"35cb756\" data-element_type=\"widget\" data-e-type=\"widget\" data-settings=\"{&quot;motion_fx_motion_fx_scrolling&quot;:&quot;yes&quot;,&quot;motion_fx_translateY_effect&quot;:&quot;yes&quot;,&quot;motion_fx_translateY_speed&quot;:{&quot;unit&quot;:&quot;px&quot;,&quot;size&quot;:1,&quot;sizes&quot;:[]},&quot;motion_fx_translateY_affectedRange&quot;:{&quot;unit&quot;:&quot;%&quot;,&quot;size&quot;:&quot;&quot;,&quot;sizes&quot;:{&quot;start&quot;:31,&quot;end&quot;:68}},&quot;_animation&quot;:&quot;fadeInUp&quot;,&quot;motion_fx_devices&quot;:[&quot;desktop&quot;,&quot;laptop&quot;,&quot;tablet_extra&quot;,&quot;tablet&quot;,&quot;mobile_extra&quot;,&quot;mobile&quot;]}\" data-widget_type=\"text-editor.default\">\n\t\t\t\t\t\t\t\t\t<p>Nous vous proposons \u00e9galement quatre appartements de 45\u00a0m\u00b2 chacun et un de 80\u00a0m\u00b2 dans notre r\u00e9sidence de tourisme Burgstall. Celle-ci se situe \u00e0 env. 20\u00a0minutes \u00e0 pied de l\u2019h\u00f4tel bien-\u00eatre Jerzner Hof. Aucun petit-d\u00e9jeuner ni repas du soir n\u2019y est servi. Vous pouvez cependant profiter de ces prestations \u00e0 prix r\u00e9duit \u00e0 l\u2019h\u00f4tel Jerzner Hof****.<\/p>\n\t\t\t\t\t\t\t\t<\/div>\n\t\t<div class=\"elementor-element elementor-element-cebab7c e-con-full e-flex e-con e-child\" data-id=\"cebab7c\" data-element_type=\"container\" data-e-type=\"container\">\n\t\t\t\t<div class=\"elementor-element elementor-element-8a6cea1 btn-blue-beige elementor-widget elementor-widget-button\" data-id=\"8a6cea1\" data-element_type=\"widget\" data-e-type=\"widget\" data-widget_type=\"button.default\">\n\t\t\t\t\t\t\t\t\t\t<a class=\"elementor-button elementor-button-link elementor-size-sm\" href=\"https:\/\/www.pitztal.com\/de\/jerzens\/unterkuenfte\/ferienwohnung-appartement\/haus-burgstall.html\" target=\"_blank\">\n\t\t\t\t\t\t<span class=\"elementor-button-content-wrapper\">\n\t\t\t\t\t\t\t\t\t<span class=\"elementor-button-text\">R\u00e9server<\/span>\n\t\t\t\t\t<\/span>\n\t\t\t\t\t<\/a>\n\t\t\t\t\t\t\t\t<\/div>\n\t\t\t\t<div class=\"elementor-element elementor-element-84154cb btn-blue-beige elementor-widget elementor-widget-button\" data-id=\"84154cb\" data-element_type=\"widget\" data-e-type=\"widget\" data-widget_type=\"button.default\">\n\t\t\t\t\t\t\t\t\t\t<a class=\"elementor-button elementor-button-link elementor-size-sm\" href=\"https:\/\/jerznerhof.at\/fr\/demandes-dinformations\/\">\n\t\t\t\t\t\t<span class=\"elementor-button-content-wrapper\">\n\t\t\t\t\t\t\t\t\t<span class=\"elementor-button-text\">Envoyer une demande<\/span>\n\t\t\t\t\t<\/span>\n\t\t\t\t\t<\/a>\n\t\t\t\t\t\t\t\t<\/div>\n\t\t\t\t<\/div>\n\t\t<div class=\"elementor-element elementor-element-73d797e e-con-full e-flex e-con e-child\" data-id=\"73d797e\" data-element_type=\"container\" data-e-type=\"container\">\n\t\t\t\t<div class=\"elementor-element elementor-element-71d69a3 elementor-widget elementor-widget-gallery\" data-id=\"71d69a3\" data-element_type=\"widget\" data-e-type=\"widget\" data-settings=\"{&quot;columns&quot;:3,&quot;gap&quot;:{&quot;unit&quot;:&quot;px&quot;,&quot;size&quot;:30,&quot;sizes&quot;:[]},&quot;lazyload&quot;:&quot;yes&quot;,&quot;gallery_layout&quot;:&quot;grid&quot;,&quot;columns_tablet&quot;:2,&quot;columns_mobile&quot;:1,&quot;gap_laptop&quot;:{&quot;unit&quot;:&quot;px&quot;,&quot;size&quot;:10,&quot;sizes&quot;:[]},&quot;gap_tablet_extra&quot;:{&quot;unit&quot;:&quot;px&quot;,&quot;size&quot;:10,&quot;sizes&quot;:[]},&quot;gap_tablet&quot;:{&quot;unit&quot;:&quot;px&quot;,&quot;size&quot;:10,&quot;sizes&quot;:[]},&quot;gap_mobile_extra&quot;:{&quot;unit&quot;:&quot;px&quot;,&quot;size&quot;:10,&quot;sizes&quot;:[]},&quot;gap_mobile&quot;:{&quot;unit&quot;:&quot;px&quot;,&quot;size&quot;:10,&quot;sizes&quot;:[]},&quot;link_to&quot;:&quot;file&quot;,&quot;aspect_ratio&quot;:&quot;3:2&quot;,&quot;overlay_background&quot;:&quot;yes&quot;,&quot;content_hover_animation&quot;:&quot;fade-in&quot;}\" data-widget_type=\"gallery.default\">\n\t\t\t\t\t\t\t<div class=\"elementor-gallery__container\">\n\t\t\t\t\t\t\t<a class=\"e-gallery-item elementor-gallery-item elementor-animated-content\" href=\"https:\/\/jerznerhof.at\/wp-content\/uploads\/2024\/11\/burgstall_ferienwohnungen07_jerzens.jpg\" data-elementor-open-lightbox=\"yes\" data-elementor-lightbox-slideshow=\"71d69a3\" data-elementor-lightbox-title=\"burgstall ferienwohnungen07 jerzens\" data-elementor-lightbox-description=\"burgstall ferienwohnungen07 jerzens\" data-e-action-hash=\"#elementor-action%3Aaction%3Dlightbox%26settings%3DeyJpZCI6Njc2NCwidXJsIjoiaHR0cHM6XC9cL2plcnpuZXJob2YuYXRcL3dwLWNvbnRlbnRcL3VwbG9hZHNcLzIwMjRcLzExXC9idXJnc3RhbGxfZmVyaWVud29obnVuZ2VuMDdfamVyemVucy5qcGciLCJzbGlkZXNob3ciOiI3MWQ2OWEzIn0%3D\">\n\t\t\t\t\t<div class=\"e-gallery-image elementor-gallery-item__image\" data-thumbnail=\"https:\/\/jerznerhof.at\/wp-content\/uploads\/2024\/11\/burgstall_ferienwohnungen07_jerzens.jpg\" data-width=\"640\" data-height=\"427\" aria-label=\"\" role=\"img\" ><\/div>\n\t\t\t\t\t\t\t\t\t\t\t<div class=\"elementor-gallery-item__overlay\"><\/div>\n\t\t\t\t\t\t\t\t\t\t\t\t\t\t<\/a>\n\t\t\t\t\t\t\t<a class=\"e-gallery-item elementor-gallery-item elementor-animated-content\" href=\"https:\/\/jerznerhof.at\/wp-content\/uploads\/2024\/11\/burgstall_ferienwohnungen05_jerzens.jpg\" data-elementor-open-lightbox=\"yes\" data-elementor-lightbox-slideshow=\"71d69a3\" data-elementor-lightbox-title=\"burgstall ferienwohnungen05 jerzens\" data-elementor-lightbox-description=\"burgstall ferienwohnungen05 jerzens\" data-e-action-hash=\"#elementor-action%3Aaction%3Dlightbox%26settings%3DeyJpZCI6Njc2MiwidXJsIjoiaHR0cHM6XC9cL2plcnpuZXJob2YuYXRcL3dwLWNvbnRlbnRcL3VwbG9hZHNcLzIwMjRcLzExXC9idXJnc3RhbGxfZmVyaWVud29obnVuZ2VuMDVfamVyemVucy5qcGciLCJzbGlkZXNob3ciOiI3MWQ2OWEzIn0%3D\">\n\t\t\t\t\t<div class=\"e-gallery-image elementor-gallery-item__image\" data-thumbnail=\"https:\/\/jerznerhof.at\/wp-content\/uploads\/2024\/11\/burgstall_ferienwohnungen05_jerzens.jpg\" data-width=\"640\" data-height=\"419\" aria-label=\"\" role=\"img\" ><\/div>\n\t\t\t\t\t\t\t\t\t\t\t<div class=\"elementor-gallery-item__overlay\"><\/div>\n\t\t\t\t\t\t\t\t\t\t\t\t\t\t<\/a>\n\t\t\t\t\t\t\t<a class=\"e-gallery-item elementor-gallery-item elementor-animated-content\" href=\"https:\/\/jerznerhof.at\/wp-content\/uploads\/2024\/11\/Grundriss-Burgstall.jpg\" data-elementor-open-lightbox=\"yes\" data-elementor-lightbox-slideshow=\"71d69a3\" data-elementor-lightbox-title=\"Grundriss Burgstall\" data-elementor-lightbox-description=\"Grundriss Burgstall\" data-e-action-hash=\"#elementor-action%3Aaction%3Dlightbox%26settings%3DeyJpZCI6Njc2NiwidXJsIjoiaHR0cHM6XC9cL2plcnpuZXJob2YuYXRcL3dwLWNvbnRlbnRcL3VwbG9hZHNcLzIwMjRcLzExXC9HcnVuZHJpc3MtQnVyZ3N0YWxsLmpwZyIsInNsaWRlc2hvdyI6IjcxZDY5YTMifQ%3D%3D\">\n\t\t\t\t\t<div class=\"e-gallery-image elementor-gallery-item__image\" data-thumbnail=\"https:\/\/jerznerhof.at\/wp-content\/uploads\/2024\/11\/Grundriss-Burgstall.jpg\" data-width=\"1438\" data-height=\"866\" aria-label=\"\" role=\"img\" ><\/div>\n\t\t\t\t\t\t\t\t\t\t\t<div class=\"elementor-gallery-item__overlay\"><\/div>\n\t\t\t\t\t\t\t\t\t\t\t\t\t\t<\/a>\n\t\t\t\t\t<\/div>\n\t\t\t\t\t<\/div>\n\t\t\t\t<\/div>\n\t\t\t\t\t<\/div>\n\t\t\t\t<\/div>\n\t\t\t\t<\/div>\n\t\t","protected":false},"excerpt":{"rendered":"<p>Vacances dans le Pitztal Appartement de tourisme Burgstall Nous vous proposons \u00e9galement quatre appartements de 45\u00a0m\u00b2 chacun et un de 80\u00a0m\u00b2 dans notre r\u00e9sidence de tourisme Burgstall. Celle-ci se situe \u00e0 env. 20\u00a0minutes \u00e0 pied de l\u2019h\u00f4tel bien-\u00eatre Jerzner Hof. Aucun petit-d\u00e9jeuner ni repas du soir n\u2019y est servi. Vous pouvez cependant profiter de ces [&hellip;]<\/p>\n","protected":false},"author":1,"featured_media":0,"parent":0,"menu_order":13,"comment_status":"closed","ping_status":"closed","template":"","meta":{"_acf_changed":false,"footnotes":""},"class_list":["post-8155","page","type-page","status-publish","hentry"],"acf":[],"yoast_head":"<!-- This site is optimized with the Yoast SEO plugin v27.6 - https:\/\/yoast.com\/product\/yoast-seo-wordpress\/ -->\n<title>Appartement de tourisme Burgstall\u00a0| Vacances au Tyrol, dans le Pitztal\u00a0| R\u00e9server<\/title>\n<meta name=\"description\" content=\"Pr\u00eats des vacances de d\u00e9tente dans l\u2019appartement de tourisme situ\u00e9 \u00e0 proximit\u00e9 de notre h\u00f4tel\u00a0? R\u00e9servez-le directement au meilleur prix\" \/>\n<meta name=\"robots\" content=\"index, follow, max-snippet:-1, max-image-preview:large, max-video-preview:-1\" \/>\n<link rel=\"canonical\" href=\"https:\/\/jerznerhof.at\/fr\/appartement-de-tourisme-burgstall\/\" \/>\n<meta property=\"og:locale\" content=\"fr_FR\" \/>\n<meta property=\"og:type\" content=\"article\" \/>\n<meta property=\"og:title\" content=\"Appartement de tourisme Burgstall\u00a0| Vacances au Tyrol, dans le Pitztal\u00a0| R\u00e9server\" \/>\n<meta property=\"og:description\" content=\"Pr\u00eats des vacances de d\u00e9tente dans l\u2019appartement de tourisme situ\u00e9 \u00e0 proximit\u00e9 de notre h\u00f4tel\u00a0? R\u00e9servez-le directement au meilleur prix\" \/>\n<meta property=\"og:url\" content=\"https:\/\/jerznerhof.at\/fr\/appartement-de-tourisme-burgstall\/\" \/>\n<meta property=\"og:site_name\" content=\"Jerzner Hof****s\" \/>\n<meta property=\"article:modified_time\" content=\"2026-04-01T14:23:04+00:00\" \/>\n<meta name=\"twitter:card\" content=\"summary_large_image\" \/>\n<script type=\"application\/ld+json\" class=\"yoast-schema-graph\">{\"@context\":\"https:\\\/\\\/schema.org\",\"@graph\":[{\"@type\":\"WebPage\",\"@id\":\"https:\\\/\\\/jerznerhof.at\\\/fr\\\/appartement-de-tourisme-burgstall\\\/\",\"url\":\"https:\\\/\\\/jerznerhof.at\\\/fr\\\/appartement-de-tourisme-burgstall\\\/\",\"name\":\"Appartement de tourisme Burgstall\u00a0| Vacances au Tyrol, dans le Pitztal\u00a0| R\u00e9server\",\"isPartOf\":{\"@id\":\"https:\\\/\\\/jerznerhof.at\\\/fr\\\/#website\"},\"datePublished\":\"2024-11-21T06:51:31+00:00\",\"dateModified\":\"2026-04-01T14:23:04+00:00\",\"description\":\"Pr\u00eats des vacances de d\u00e9tente dans l\u2019appartement de tourisme situ\u00e9 \u00e0 proximit\u00e9 de notre h\u00f4tel\u00a0? R\u00e9servez-le directement au meilleur prix\",\"breadcrumb\":{\"@id\":\"https:\\\/\\\/jerznerhof.at\\\/fr\\\/appartement-de-tourisme-burgstall\\\/#breadcrumb\"},\"inLanguage\":\"fr-FR\",\"potentialAction\":[{\"@type\":\"ReadAction\",\"target\":[\"https:\\\/\\\/jerznerhof.at\\\/fr\\\/appartement-de-tourisme-burgstall\\\/\"]}]},{\"@type\":\"BreadcrumbList\",\"@id\":\"https:\\\/\\\/jerznerhof.at\\\/fr\\\/appartement-de-tourisme-burgstall\\\/#breadcrumb\",\"itemListElement\":[{\"@type\":\"ListItem\",\"position\":1,\"name\":\"Startseite\",\"item\":\"https:\\\/\\\/jerznerhof.at\\\/fr\\\/\"},{\"@type\":\"ListItem\",\"position\":2,\"name\":\"Appartement de tourisme Burgstall\"}]},{\"@type\":\"WebSite\",\"@id\":\"https:\\\/\\\/jerznerhof.at\\\/fr\\\/#website\",\"url\":\"https:\\\/\\\/jerznerhof.at\\\/fr\\\/\",\"name\":\"Jerzner Hof****s\",\"description\":\"Wellnesshotel im Pitztal\",\"publisher\":{\"@id\":\"https:\\\/\\\/jerznerhof.at\\\/fr\\\/#organization\"},\"potentialAction\":[{\"@type\":\"SearchAction\",\"target\":{\"@type\":\"EntryPoint\",\"urlTemplate\":\"https:\\\/\\\/jerznerhof.at\\\/fr\\\/?s={search_term_string}\"},\"query-input\":{\"@type\":\"PropertyValueSpecification\",\"valueRequired\":true,\"valueName\":\"search_term_string\"}}],\"inLanguage\":\"fr-FR\"},{\"@type\":\"Organization\",\"@id\":\"https:\\\/\\\/jerznerhof.at\\\/fr\\\/#organization\",\"name\":\"Jerzner Hof****s\",\"url\":\"https:\\\/\\\/jerznerhof.at\\\/fr\\\/\",\"logo\":{\"@type\":\"ImageObject\",\"inLanguage\":\"fr-FR\",\"@id\":\"https:\\\/\\\/jerznerhof.at\\\/fr\\\/#\\\/schema\\\/logo\\\/image\\\/\",\"url\":\"https:\\\/\\\/jerznerhof.at\\\/wp-content\\\/uploads\\\/2024\\\/10\\\/2024_Logo_Jerzner-Hof_Logo-mit-Sterne-Superior_hell.svg\",\"contentUrl\":\"https:\\\/\\\/jerznerhof.at\\\/wp-content\\\/uploads\\\/2024\\\/10\\\/2024_Logo_Jerzner-Hof_Logo-mit-Sterne-Superior_hell.svg\",\"width\":300,\"height\":225,\"caption\":\"Jerzner Hof****s\"},\"image\":{\"@id\":\"https:\\\/\\\/jerznerhof.at\\\/fr\\\/#\\\/schema\\\/logo\\\/image\\\/\"}}]}<\/script>\n<!-- \/ Yoast SEO plugin. -->","yoast_head_json":{"title":"Appartement de tourisme Burgstall\u00a0| Vacances au Tyrol, dans le Pitztal\u00a0| R\u00e9server","description":"Pr\u00eats des vacances de d\u00e9tente dans l\u2019appartement de tourisme situ\u00e9 \u00e0 proximit\u00e9 de notre h\u00f4tel\u00a0? R\u00e9servez-le directement au meilleur prix","robots":{"index":"index","follow":"follow","max-snippet":"max-snippet:-1","max-image-preview":"max-image-preview:large","max-video-preview":"max-video-preview:-1"},"canonical":"https:\/\/jerznerhof.at\/fr\/appartement-de-tourisme-burgstall\/","og_locale":"fr_FR","og_type":"article","og_title":"Appartement de tourisme Burgstall\u00a0| Vacances au Tyrol, dans le Pitztal\u00a0| R\u00e9server","og_description":"Pr\u00eats des vacances de d\u00e9tente dans l\u2019appartement de tourisme situ\u00e9 \u00e0 proximit\u00e9 de notre h\u00f4tel\u00a0? R\u00e9servez-le directement au meilleur prix","og_url":"https:\/\/jerznerhof.at\/fr\/appartement-de-tourisme-burgstall\/","og_site_name":"Jerzner Hof****s","article_modified_time":"2026-04-01T14:23:04+00:00","twitter_card":"summary_large_image","schema":{"@context":"https:\/\/schema.org","@graph":[{"@type":"WebPage","@id":"https:\/\/jerznerhof.at\/fr\/appartement-de-tourisme-burgstall\/","url":"https:\/\/jerznerhof.at\/fr\/appartement-de-tourisme-burgstall\/","name":"Appartement de tourisme Burgstall\u00a0| Vacances au Tyrol, dans le Pitztal\u00a0| R\u00e9server","isPartOf":{"@id":"https:\/\/jerznerhof.at\/fr\/#website"},"datePublished":"2024-11-21T06:51:31+00:00","dateModified":"2026-04-01T14:23:04+00:00","description":"Pr\u00eats des vacances de d\u00e9tente dans l\u2019appartement de tourisme situ\u00e9 \u00e0 proximit\u00e9 de notre h\u00f4tel\u00a0? R\u00e9servez-le directement au meilleur prix","breadcrumb":{"@id":"https:\/\/jerznerhof.at\/fr\/appartement-de-tourisme-burgstall\/#breadcrumb"},"inLanguage":"fr-FR","potentialAction":[{"@type":"ReadAction","target":["https:\/\/jerznerhof.at\/fr\/appartement-de-tourisme-burgstall\/"]}]},{"@type":"BreadcrumbList","@id":"https:\/\/jerznerhof.at\/fr\/appartement-de-tourisme-burgstall\/#breadcrumb","itemListElement":[{"@type":"ListItem","position":1,"name":"Startseite","item":"https:\/\/jerznerhof.at\/fr\/"},{"@type":"ListItem","position":2,"name":"Appartement de tourisme Burgstall"}]},{"@type":"WebSite","@id":"https:\/\/jerznerhof.at\/fr\/#website","url":"https:\/\/jerznerhof.at\/fr\/","name":"Jerzner Hof****s","description":"Wellnesshotel im Pitztal","publisher":{"@id":"https:\/\/jerznerhof.at\/fr\/#organization"},"potentialAction":[{"@type":"SearchAction","target":{"@type":"EntryPoint","urlTemplate":"https:\/\/jerznerhof.at\/fr\/?s={search_term_string}"},"query-input":{"@type":"PropertyValueSpecification","valueRequired":true,"valueName":"search_term_string"}}],"inLanguage":"fr-FR"},{"@type":"Organization","@id":"https:\/\/jerznerhof.at\/fr\/#organization","name":"Jerzner Hof****s","url":"https:\/\/jerznerhof.at\/fr\/","logo":{"@type":"ImageObject","inLanguage":"fr-FR","@id":"https:\/\/jerznerhof.at\/fr\/#\/schema\/logo\/image\/","url":"https:\/\/jerznerhof.at\/wp-content\/uploads\/2024\/10\/2024_Logo_Jerzner-Hof_Logo-mit-Sterne-Superior_hell.svg","contentUrl":"https:\/\/jerznerhof.at\/wp-content\/uploads\/2024\/10\/2024_Logo_Jerzner-Hof_Logo-mit-Sterne-Superior_hell.svg","width":300,"height":225,"caption":"Jerzner Hof****s"},"image":{"@id":"https:\/\/jerznerhof.at\/fr\/#\/schema\/logo\/image\/"}}]}},"_links":{"self":[{"href":"https:\/\/jerznerhof.at\/fr\/wp-json\/wp\/v2\/pages\/8155","targetHints":{"allow":["GET"]}}],"collection":[{"href":"https:\/\/jerznerhof.at\/fr\/wp-json\/wp\/v2\/pages"}],"about":[{"href":"https:\/\/jerznerhof.at\/fr\/wp-json\/wp\/v2\/types\/page"}],"author":[{"embeddable":true,"href":"https:\/\/jerznerhof.at\/fr\/wp-json\/wp\/v2\/users\/1"}],"replies":[{"embeddable":true,"href":"https:\/\/jerznerhof.at\/fr\/wp-json\/wp\/v2\/comments?post=8155"}],"version-history":[{"count":10,"href":"https:\/\/jerznerhof.at\/fr\/wp-json\/wp\/v2\/pages\/8155\/revisions"}],"predecessor-version":[{"id":10752,"href":"https:\/\/jerznerhof.at\/fr\/wp-json\/wp\/v2\/pages\/8155\/revisions\/10752"}],"wp:attachment":[{"href":"https:\/\/jerznerhof.at\/fr\/wp-json\/wp\/v2\/media?parent=8155"}],"curies":[{"name":"wp","href":"https:\/\/api.w.org\/{rel}","templated":true}]}}